{"id":859,"date":"2023-08-09T16:28:32","date_gmt":"2023-08-09T14:28:32","guid":{"rendered":"https:\/\/amabilis.sereni.pl\/?page_id=859"},"modified":"2023-11-28T17:58:35","modified_gmt":"2023-11-28T16:58:35","slug":"historia-firmy","status":"publish","type":"page","link":"https:\/\/amabilis.sereni.pl\/pl\/historia-firmy\/","title":{"rendered":"Historia Firmy"},"content":{"rendered":"\n<div id=\"block-main-banner-block_381da9595cdfe0a783b450933c2c9203\" class=\"block-main-banner\">\n    <div class=\"container\">\n        <div class=\"banner-wrap layout2 content_right content_top\">\n            <div class=\"banner-image\">\n                                                            <img loading=\"lazy\" decoding=\"async\" width=\"1024\" height=\"674\" src=\"https:\/\/shop.sereni.pl\/app\/uploads\/sites\/12\/2023\/10\/9c398dd2da8d04e4caf0c5e69f879582.jpg\" class=\"attachment-full-stretched size-full-stretched\" alt=\"Historia Firmy\" srcset=\"https:\/\/shop.sereni.pl\/app\/uploads\/sites\/12\/2023\/10\/9c398dd2da8d04e4caf0c5e69f879582.jpg 1024w, https:\/\/shop.sereni.pl\/app\/uploads\/sites\/12\/2023\/10\/9c398dd2da8d04e4caf0c5e69f879582-300x197.jpg 300w, https:\/\/shop.sereni.pl\/app\/uploads\/sites\/12\/2023\/10\/9c398dd2da8d04e4caf0c5e69f879582-768x506.jpg 768w, https:\/\/shop.sereni.pl\/app\/uploads\/sites\/12\/2023\/10\/9c398dd2da8d04e4caf0c5e69f879582-456x300.jpg 456w\" sizes=\"auto, (max-width: 1024px) 100vw, 1024px\" title=\"Historia Firmy\" \/>                                                <\/div>\n\n                            <div class=\"banner-content\">\n                    <div class=\"inner\">\n                        <p>Dom Pogrzebowy Amabilis\u00a0 od ponad 20 lat obs\u0142uguje mieszka\u0144c\u00f3w Warszawy,\u00a0 nios\u0105c wsparcie i zrozumienie, pomagaj\u0105c rodzinom przechodz\u0105cym przez trudne chwile. Doskonale wiemy, \u017ce pogrzeb to nie tylko sprawa do za\u0142atwienia, ale wydarzenie, kt\u00f3re na zawsze zostanie w pami\u0119ci. Naszym Klientom zapewniamy kompleksowe wsparcie w organizacji ceremonii pogrzebowych. Nasi pracownicy to osoby obdarzone wyj\u0105tkow\u0105 empati\u0105, kt\u00f3re dok\u0142adaj\u0105 wszelkich stara\u0144, by odci\u0105\u017cy\u0107 bliskich zmar\u0142ego i pom\u00f3c mu w tych trudnych chwilach.<\/p>\n<div class=\"elementor-element elementor-element-e2d41c3 elementor-widget elementor-widget-text-editor\" style=\"font-size: 1.125rem;\" data-id=\"e2d41c3\" data-element_type=\"widget\" data-widget_type=\"text-editor.default\">\n<div class=\"elementor-widget-container\">\n<p>Nasz Dom Pogrzebowy od zawsze dba o to, aby u\u0142atwi\u0107 rodzinom przej\u015bcie przez proces \u017ca\u0142oby i po\u017cegnania.<\/p>\n<p>Oferujemy szeroki zakres us\u0142ug pogrzebowych. Zajmujemy si\u0119 organizacj\u0105 uroczysto\u015bci w r\u00f3\u017cnych obrz\u0105dkach wyznaniowych \u2013 przygotowujemy r\u00f3wnie\u017c ceremonie \u015bwieckie. Nasz dom pogrzebowy z siedzib\u0105 w Rembertowie ma wieloletnie do\u015bwiadczenie w organizacji tradycyjnych pogrzeb\u00f3w z trumn\u0105, a tak\u017ce poch\u00f3wk\u00f3w z kremacj\u0105 zw\u0142ok.<\/p>\n<p>Za\u0142atwiamy wszelkie formalno\u015bci zwi\u0105zane z organizacj\u0105 pogrzebu. Reprezentujemy Klient\u00f3w w urz\u0119dach, kancelariach ko\u015bcielnych i cmentarnych. Sporz\u0105dzamy dokumentacj\u0119 potrzebn\u0105 do uzyskania zasi\u0142ku pogrzebowego. W ramach us\u0142ug pogrzebowych zajmujemy si\u0119 r\u00f3wnie\u017c transportem cia\u0142a zmar\u0142ego. Za po\u015brednictwem naszego domu pogrzebowego mo\u017cna zam\u00f3wi\u0107 nekrolog i kondolencje zamieszczane w prasie. Oferujemy ponadto szeroki wyb\u00f3r trumien i urn.<\/p>\n<\/div>\n<\/div>\n<div class=\"elementor-element elementor-element-b1374fa elementor-widget elementor-widget-text-editor\" style=\"font-size: 1.125rem;\" data-id=\"b1374fa\" data-element_type=\"widget\" data-widget_type=\"text-editor.default\">\n<div class=\"elementor-widget-container\">\n<p>Zach\u0119camy do przyjrzenia si\u0119 szczeg\u00f3\u0142om naszej oferty. \u015awiadczymy us\u0142ugi pogrzebowe najwy\u017cszej jako\u015bci i ka\u017cdemu Klientowi zapewniamy indywidualne podej\u015bcie. Dok\u0142adamy wszelkich stara\u0144, by spe\u0142ni\u0107 \u017cyczenia dotycz\u0105ce m.in. przebiegu uroczysto\u015bci, wyboru kwiat\u00f3w czy oprawy muzycznej. Zapraszamy do kontaktu pod ca\u0142odobowym numerem telefonu <strong>+48 667 130 899.<\/strong><\/p>\n<p>Najlepiej o naszej pracy \u015bwiadcz\u0105 wyrazy wdzi\u0119czno\u015bci i podzi\u0119kowania od rodzin.<\/p>\n<\/div>\n<\/div>\n                    <\/div>\n                <\/div>\n                    <\/div>\n    <\/div>\n<\/div>\n","protected":false},"excerpt":{"rendered":"","protected":false},"author":2,"featured_media":0,"parent":0,"menu_order":0,"comment_status":"closed","ping_status":"closed","template":"","meta":{"_acf_changed":false,"footnotes":""},"class_list":["post-859","page","type-page","status-publish","hentry"],"acf":[],"yoast_head":"<!-- This site is optimized with the Yoast SEO plugin v25.8 - https:\/\/yoast.com\/wordpress\/plugins\/seo\/ -->\n<title>Historia Firmy - Amabilis<\/title>\n<meta name=\"description\" content=\"Pogrzeby. Oferujemy szeroki zakres us\u0142ug pogrzebowych na terenie Warszawy i okolic. Historia firmy Amabilis. Ponad 20 lat do\u015bwiadczenia.\" \/>\n<meta name=\"robots\" content=\"index, follow, max-snippet:-1, max-image-preview:large, max-video-preview:-1\" \/>\n<link rel=\"canonical\" href=\"https:\/\/amabilis.sereni.pl\/pl\/historia-firmy\/\" \/>\n<meta property=\"og:locale\" content=\"pl_PL\" \/>\n<meta property=\"og:type\" content=\"article\" \/>\n<meta property=\"og:title\" content=\"Historia Firmy - Amabilis\" \/>\n<meta property=\"og:description\" content=\"Pogrzeby. Oferujemy szeroki zakres us\u0142ug pogrzebowych na terenie Warszawy i okolic. Historia firmy Amabilis. Ponad 20 lat do\u015bwiadczenia.\" \/>\n<meta property=\"og:url\" content=\"https:\/\/amabilis.sereni.pl\/pl\/historia-firmy\/\" \/>\n<meta property=\"og:site_name\" content=\"Amabilis\" \/>\n<meta property=\"article:modified_time\" content=\"2023-11-28T16:58:35+00:00\" \/>\n<meta name=\"twitter:card\" content=\"summary_large_image\" \/>\n<script type=\"application\/ld+json\" class=\"yoast-schema-graph\">{\"@context\":\"https:\/\/schema.org\",\"@graph\":[{\"@type\":\"WebPage\",\"@id\":\"https:\/\/amabilis.sereni.pl\/pl\/historia-firmy\/\",\"url\":\"https:\/\/amabilis.sereni.pl\/pl\/historia-firmy\/\",\"name\":\"Historia Firmy - Amabilis\",\"isPartOf\":{\"@id\":\"https:\/\/amabilis.sereni.pl\/pl\/#website\"},\"datePublished\":\"2023-08-09T14:28:32+00:00\",\"dateModified\":\"2023-11-28T16:58:35+00:00\",\"description\":\"Pogrzeby. Oferujemy szeroki zakres us\u0142ug pogrzebowych na terenie Warszawy i okolic. Historia firmy Amabilis. Ponad 20 lat do\u015bwiadczenia.\",\"inLanguage\":\"pl-PL\",\"potentialAction\":[{\"@type\":\"ReadAction\",\"target\":[\"https:\/\/amabilis.sereni.pl\/pl\/historia-firmy\/\"]}]},{\"@type\":\"WebSite\",\"@id\":\"https:\/\/amabilis.sereni.pl\/pl\/#website\",\"url\":\"https:\/\/amabilis.sereni.pl\/pl\/\",\"name\":\"Amabilis\",\"description\":\"Us\u0142ugi pogrzebowe Warszawa\",\"potentialAction\":[{\"@type\":\"SearchAction\",\"target\":{\"@type\":\"EntryPoint\",\"urlTemplate\":\"https:\/\/amabilis.sereni.pl\/pl\/?s={search_term_string}\"},\"query-input\":{\"@type\":\"PropertyValueSpecification\",\"valueRequired\":true,\"valueName\":\"search_term_string\"}}],\"inLanguage\":\"pl-PL\"}]}<\/script>\n<!-- \/ Yoast SEO plugin. -->","yoast_head_json":{"title":"Historia Firmy - Amabilis","description":"Pogrzeby. Oferujemy szeroki zakres us\u0142ug pogrzebowych na terenie Warszawy i okolic. Historia firmy Amabilis. Ponad 20 lat do\u015bwiadczenia.","robots":{"index":"index","follow":"follow","max-snippet":"max-snippet:-1","max-image-preview":"max-image-preview:large","max-video-preview":"max-video-preview:-1"},"canonical":"https:\/\/amabilis.sereni.pl\/pl\/historia-firmy\/","og_locale":"pl_PL","og_type":"article","og_title":"Historia Firmy - Amabilis","og_description":"Pogrzeby. Oferujemy szeroki zakres us\u0142ug pogrzebowych na terenie Warszawy i okolic. Historia firmy Amabilis. Ponad 20 lat do\u015bwiadczenia.","og_url":"https:\/\/amabilis.sereni.pl\/pl\/historia-firmy\/","og_site_name":"Amabilis","article_modified_time":"2023-11-28T16:58:35+00:00","twitter_card":"summary_large_image","schema":{"@context":"https:\/\/schema.org","@graph":[{"@type":"WebPage","@id":"https:\/\/amabilis.sereni.pl\/pl\/historia-firmy\/","url":"https:\/\/amabilis.sereni.pl\/pl\/historia-firmy\/","name":"Historia Firmy - Amabilis","isPartOf":{"@id":"https:\/\/amabilis.sereni.pl\/pl\/#website"},"datePublished":"2023-08-09T14:28:32+00:00","dateModified":"2023-11-28T16:58:35+00:00","description":"Pogrzeby. Oferujemy szeroki zakres us\u0142ug pogrzebowych na terenie Warszawy i okolic. Historia firmy Amabilis. Ponad 20 lat do\u015bwiadczenia.","inLanguage":"pl-PL","potentialAction":[{"@type":"ReadAction","target":["https:\/\/amabilis.sereni.pl\/pl\/historia-firmy\/"]}]},{"@type":"WebSite","@id":"https:\/\/amabilis.sereni.pl\/pl\/#website","url":"https:\/\/amabilis.sereni.pl\/pl\/","name":"Amabilis","description":"Us\u0142ugi pogrzebowe Warszawa","potentialAction":[{"@type":"SearchAction","target":{"@type":"EntryPoint","urlTemplate":"https:\/\/amabilis.sereni.pl\/pl\/?s={search_term_string}"},"query-input":{"@type":"PropertyValueSpecification","valueRequired":true,"valueName":"search_term_string"}}],"inLanguage":"pl-PL"}]}},"_links":{"self":[{"href":"https:\/\/amabilis.sereni.pl\/pl\/wp-json\/wp\/v2\/pages\/859","targetHints":{"allow":["GET"]}}],"collection":[{"href":"https:\/\/amabilis.sereni.pl\/pl\/wp-json\/wp\/v2\/pages"}],"about":[{"href":"https:\/\/amabilis.sereni.pl\/pl\/wp-json\/wp\/v2\/types\/page"}],"author":[{"embeddable":true,"href":"https:\/\/amabilis.sereni.pl\/pl\/wp-json\/wp\/v2\/users\/2"}],"replies":[{"embeddable":true,"href":"https:\/\/amabilis.sereni.pl\/pl\/wp-json\/wp\/v2\/comments?post=859"}],"version-history":[{"count":41,"href":"https:\/\/amabilis.sereni.pl\/pl\/wp-json\/wp\/v2\/pages\/859\/revisions"}],"predecessor-version":[{"id":1632,"href":"https:\/\/amabilis.sereni.pl\/pl\/wp-json\/wp\/v2\/pages\/859\/revisions\/1632"}],"wp:attachment":[{"href":"https:\/\/amabilis.sereni.pl\/pl\/wp-json\/wp\/v2\/media?parent=859"}],"curies":[{"name":"wp","href":"https:\/\/api.w.org\/{rel}","templated":true}]}}