{"id":728,"date":"2023-07-26T13:41:46","date_gmt":"2023-07-26T11:41:46","guid":{"rendered":"https:\/\/amabilis.sereni.pl\/?page_id=728"},"modified":"2023-11-28T18:05:46","modified_gmt":"2023-11-28T17:05:46","slug":"przygotowanie-nekrologow","status":"publish","type":"page","link":"https:\/\/amabilis.sereni.pl\/pl\/przygotowanie-nekrologow\/","title":{"rendered":"Przygotowanie nekrolog\u00f3w"},"content":{"rendered":"\n<div id=\"block-main-banner-block_c7c26c83f33064130f3e2f87b41b4d6b\" class=\"block-main-banner\">\n    <div class=\"container\">\n        <div class=\"banner-wrap layout2 content_left content_top\">\n            <div class=\"banner-image\">\n                                                            <img loading=\"lazy\" decoding=\"async\" width=\"1440\" height=\"944\" src=\"https:\/\/shop.sereni.pl\/app\/uploads\/sites\/12\/2023\/08\/CMS_Nekrolog_5178-1440x944.jpg\" class=\"attachment-full-stretched size-full-stretched\" alt=\"Przygotowanie nekrolog\u00f3w\" srcset=\"https:\/\/shop.sereni.pl\/app\/uploads\/sites\/12\/2023\/08\/CMS_Nekrolog_5178-1440x944.jpg 1440w, https:\/\/shop.sereni.pl\/app\/uploads\/sites\/12\/2023\/08\/CMS_Nekrolog_5178-300x197.jpg 300w, https:\/\/shop.sereni.pl\/app\/uploads\/sites\/12\/2023\/08\/CMS_Nekrolog_5178-1024x671.jpg 1024w, https:\/\/shop.sereni.pl\/app\/uploads\/sites\/12\/2023\/08\/CMS_Nekrolog_5178-768x503.jpg 768w, https:\/\/shop.sereni.pl\/app\/uploads\/sites\/12\/2023\/08\/CMS_Nekrolog_5178-1536x1007.jpg 1536w, https:\/\/shop.sereni.pl\/app\/uploads\/sites\/12\/2023\/08\/CMS_Nekrolog_5178-458x300.jpg 458w, https:\/\/shop.sereni.pl\/app\/uploads\/sites\/12\/2023\/08\/CMS_Nekrolog_5178-1300x852.jpg 1300w, https:\/\/shop.sereni.pl\/app\/uploads\/sites\/12\/2023\/08\/CMS_Nekrolog_5178.jpg 1831w\" sizes=\"auto, (max-width: 1440px) 100vw, 1440px\" title=\"Przygotowanie nekrolog\u00f3w\" \/>                                                <\/div>\n\n                            <div class=\"banner-content\">\n                    <div class=\"inner\">\n                        <h3>Druk i rozwieszenie nekrolog\u00f3w<\/h3>\n<p>Wiemy, \u017ce w tych najtrudniejszych chwilach rodzina ma wiele na g\u0142owie. Z tego wzgl\u0119du\u00a0 oferujemy mo\u017cliwo\u015b\u0107 wydrukowania i rozwieszenia, we wskazanych miejscach, nekrolog\u00f3w informuj\u0105cych o odej\u015bciu bliskiej osoby oraz o miejscu i terminie uroczysto\u015bci pogrzebowej. Oferujemy wiele wzor\u00f3w nekrolog\u00f3w. Na \u017cyczenie klienta mo\u017cemy r\u00f3wnie\u017c przygotowa\u0107\u00a0 dedykowany wz\u00f3r nekrologu.<\/p>\n                    <\/div>\n                <\/div>\n                    <\/div>\n    <\/div>\n<\/div>\n","protected":false},"excerpt":{"rendered":"","protected":false},"author":2,"featured_media":0,"parent":0,"menu_order":0,"comment_status":"closed","ping_status":"closed","template":"","meta":{"_acf_changed":false,"footnotes":""},"class_list":["post-728","page","type-page","status-publish","hentry"],"acf":[],"yoast_head":"<!-- This site is optimized with the Yoast SEO plugin v25.8 - https:\/\/yoast.com\/wordpress\/plugins\/seo\/ -->\n<title>Przygotowanie nekrolog\u00f3w - Amabilis<\/title>\n<meta name=\"description\" content=\"Przygotowywanie nekrolog\u00f3w i klepsydr Warszawa. Dom pogrzebowy Amabilis Warszawa. Pogrzeby Warszawa Goc\u0142aw, Warszawa Rembert\u00f3w, Warszawa Wola\" \/>\n<meta name=\"robots\" content=\"index, follow, max-snippet:-1, max-image-preview:large, max-video-preview:-1\" \/>\n<link rel=\"canonical\" href=\"https:\/\/amabilis.sereni.pl\/pl\/przygotowanie-nekrologow\/\" \/>\n<meta property=\"og:locale\" content=\"pl_PL\" \/>\n<meta property=\"og:type\" content=\"article\" \/>\n<meta property=\"og:title\" content=\"Przygotowanie nekrolog\u00f3w - Amabilis\" \/>\n<meta property=\"og:description\" content=\"Przygotowywanie nekrolog\u00f3w i klepsydr Warszawa. Dom pogrzebowy Amabilis Warszawa. Pogrzeby Warszawa Goc\u0142aw, Warszawa Rembert\u00f3w, Warszawa Wola\" \/>\n<meta property=\"og:url\" content=\"https:\/\/amabilis.sereni.pl\/pl\/przygotowanie-nekrologow\/\" \/>\n<meta property=\"og:site_name\" content=\"Amabilis\" \/>\n<meta property=\"article:modified_time\" content=\"2023-11-28T17:05:46+00:00\" \/>\n<meta name=\"twitter:card\" content=\"summary_large_image\" \/>\n<script type=\"application\/ld+json\" class=\"yoast-schema-graph\">{\"@context\":\"https:\/\/schema.org\",\"@graph\":[{\"@type\":\"WebPage\",\"@id\":\"https:\/\/amabilis.sereni.pl\/pl\/przygotowanie-nekrologow\/\",\"url\":\"https:\/\/amabilis.sereni.pl\/pl\/przygotowanie-nekrologow\/\",\"name\":\"Przygotowanie nekrolog\u00f3w - Amabilis\",\"isPartOf\":{\"@id\":\"https:\/\/amabilis.sereni.pl\/pl\/#website\"},\"datePublished\":\"2023-07-26T11:41:46+00:00\",\"dateModified\":\"2023-11-28T17:05:46+00:00\",\"description\":\"Przygotowywanie nekrolog\u00f3w i klepsydr Warszawa. Dom pogrzebowy Amabilis Warszawa. Pogrzeby Warszawa Goc\u0142aw, Warszawa Rembert\u00f3w, Warszawa Wola\",\"inLanguage\":\"pl-PL\",\"potentialAction\":[{\"@type\":\"ReadAction\",\"target\":[\"https:\/\/amabilis.sereni.pl\/pl\/przygotowanie-nekrologow\/\"]}]},{\"@type\":\"WebSite\",\"@id\":\"https:\/\/amabilis.sereni.pl\/pl\/#website\",\"url\":\"https:\/\/amabilis.sereni.pl\/pl\/\",\"name\":\"Amabilis\",\"description\":\"Us\u0142ugi pogrzebowe Warszawa\",\"potentialAction\":[{\"@type\":\"SearchAction\",\"target\":{\"@type\":\"EntryPoint\",\"urlTemplate\":\"https:\/\/amabilis.sereni.pl\/pl\/?s={search_term_string}\"},\"query-input\":{\"@type\":\"PropertyValueSpecification\",\"valueRequired\":true,\"valueName\":\"search_term_string\"}}],\"inLanguage\":\"pl-PL\"}]}<\/script>\n<!-- \/ Yoast SEO plugin. -->","yoast_head_json":{"title":"Przygotowanie nekrolog\u00f3w - Amabilis","description":"Przygotowywanie nekrolog\u00f3w i klepsydr Warszawa. Dom pogrzebowy Amabilis Warszawa. Pogrzeby Warszawa Goc\u0142aw, Warszawa Rembert\u00f3w, Warszawa Wola","robots":{"index":"index","follow":"follow","max-snippet":"max-snippet:-1","max-image-preview":"max-image-preview:large","max-video-preview":"max-video-preview:-1"},"canonical":"https:\/\/amabilis.sereni.pl\/pl\/przygotowanie-nekrologow\/","og_locale":"pl_PL","og_type":"article","og_title":"Przygotowanie nekrolog\u00f3w - Amabilis","og_description":"Przygotowywanie nekrolog\u00f3w i klepsydr Warszawa. Dom pogrzebowy Amabilis Warszawa. Pogrzeby Warszawa Goc\u0142aw, Warszawa Rembert\u00f3w, Warszawa Wola","og_url":"https:\/\/amabilis.sereni.pl\/pl\/przygotowanie-nekrologow\/","og_site_name":"Amabilis","article_modified_time":"2023-11-28T17:05:46+00:00","twitter_card":"summary_large_image","schema":{"@context":"https:\/\/schema.org","@graph":[{"@type":"WebPage","@id":"https:\/\/amabilis.sereni.pl\/pl\/przygotowanie-nekrologow\/","url":"https:\/\/amabilis.sereni.pl\/pl\/przygotowanie-nekrologow\/","name":"Przygotowanie nekrolog\u00f3w - Amabilis","isPartOf":{"@id":"https:\/\/amabilis.sereni.pl\/pl\/#website"},"datePublished":"2023-07-26T11:41:46+00:00","dateModified":"2023-11-28T17:05:46+00:00","description":"Przygotowywanie nekrolog\u00f3w i klepsydr Warszawa. Dom pogrzebowy Amabilis Warszawa. Pogrzeby Warszawa Goc\u0142aw, Warszawa Rembert\u00f3w, Warszawa Wola","inLanguage":"pl-PL","potentialAction":[{"@type":"ReadAction","target":["https:\/\/amabilis.sereni.pl\/pl\/przygotowanie-nekrologow\/"]}]},{"@type":"WebSite","@id":"https:\/\/amabilis.sereni.pl\/pl\/#website","url":"https:\/\/amabilis.sereni.pl\/pl\/","name":"Amabilis","description":"Us\u0142ugi pogrzebowe Warszawa","potentialAction":[{"@type":"SearchAction","target":{"@type":"EntryPoint","urlTemplate":"https:\/\/amabilis.sereni.pl\/pl\/?s={search_term_string}"},"query-input":{"@type":"PropertyValueSpecification","valueRequired":true,"valueName":"search_term_string"}}],"inLanguage":"pl-PL"}]}},"_links":{"self":[{"href":"https:\/\/amabilis.sereni.pl\/pl\/wp-json\/wp\/v2\/pages\/728","targetHints":{"allow":["GET"]}}],"collection":[{"href":"https:\/\/amabilis.sereni.pl\/pl\/wp-json\/wp\/v2\/pages"}],"about":[{"href":"https:\/\/amabilis.sereni.pl\/pl\/wp-json\/wp\/v2\/types\/page"}],"author":[{"embeddable":true,"href":"https:\/\/amabilis.sereni.pl\/pl\/wp-json\/wp\/v2\/users\/2"}],"replies":[{"embeddable":true,"href":"https:\/\/amabilis.sereni.pl\/pl\/wp-json\/wp\/v2\/comments?post=728"}],"version-history":[{"count":22,"href":"https:\/\/amabilis.sereni.pl\/pl\/wp-json\/wp\/v2\/pages\/728\/revisions"}],"predecessor-version":[{"id":1659,"href":"https:\/\/amabilis.sereni.pl\/pl\/wp-json\/wp\/v2\/pages\/728\/revisions\/1659"}],"wp:attachment":[{"href":"https:\/\/amabilis.sereni.pl\/pl\/wp-json\/wp\/v2\/media?parent=728"}],"curies":[{"name":"wp","href":"https:\/\/api.w.org\/{rel}","templated":true}]}}