{"id":682,"date":"2023-07-26T13:23:17","date_gmt":"2023-07-26T11:23:17","guid":{"rendered":"https:\/\/amabilis.sereni.pl\/?page_id=682"},"modified":"2023-11-28T18:06:09","modified_gmt":"2023-11-28T17:06:09","slug":"sprzedaz-nagrobkow","status":"publish","type":"page","link":"https:\/\/amabilis.sereni.pl\/pl\/sprzedaz-nagrobkow\/","title":{"rendered":"Sprzeda\u017c nagrobk\u00f3w"},"content":{"rendered":"\n<div id=\"block-main-banner-block_216c28fae7647968e23538c390b3a0ec\" class=\"block-main-banner\">\n    <div class=\"container\">\n        <div class=\"banner-wrap layout2 content_right content_top\">\n            <div class=\"banner-image\">\n                                                            <img loading=\"lazy\" decoding=\"async\" width=\"1024\" height=\"681\" src=\"https:\/\/shop.sereni.pl\/app\/uploads\/sites\/12\/2023\/07\/groby-1.jpg\" class=\"attachment-full-stretched size-full-stretched\" alt=\"Sprzeda\u017c nagrobk\u00f3w\" srcset=\"https:\/\/shop.sereni.pl\/app\/uploads\/sites\/12\/2023\/07\/groby-1.jpg 1024w, https:\/\/shop.sereni.pl\/app\/uploads\/sites\/12\/2023\/07\/groby-1-300x200.jpg 300w, https:\/\/shop.sereni.pl\/app\/uploads\/sites\/12\/2023\/07\/groby-1-768x511.jpg 768w, https:\/\/shop.sereni.pl\/app\/uploads\/sites\/12\/2023\/07\/groby-1-451x300.jpg 451w\" sizes=\"auto, (max-width: 1024px) 100vw, 1024px\" title=\"Sprzeda\u017c nagrobk\u00f3w\" \/>                                                <\/div>\n\n                            <div class=\"banner-content\">\n                    <div class=\"inner\">\n                        <h3>Nagrobki<\/h3>\n<p>Wsp\u00f3\u0142pracujemy z profesjonalnym i sprawdzonym zak\u0142adem kamieniarskim, dzi\u0119ki czemu mo\u017cemy zaproponowa\u0107 Pa\u0144stwu bardzo du\u017cy wyb\u00f3r nagrobk\u00f3w. Zadbali\u015bmy o to, by nasza oferta by\u0142a zr\u00f3\u017cnicowana pod wzgl\u0119dem stylistyki, kolor\u00f3w, wzor\u00f3w, materia\u0142u, a tak\u017ce ceny. Zdajemy sobie spraw\u0119 z r\u00f3\u017cnorodnych upodoba\u0144 Klient\u00f3w i zale\u017cy nam na tym, by ka\u017cdy m\u00f3g\u0142 znale\u017a\u0107 w naszym asortymencie nagrobek, kt\u00f3ry spe\u0142ni jego oczekiwania.<\/p>\n<p>Dzi\u0119ki wykorzystaniu wysokiej jako\u015bci materia\u0142\u00f3w oraz nowoczesnych technologii podczas obr\u00f3bki kamienia oferowane przez nas nagrobki odznaczaj\u0105 si\u0119 solidno\u015bci\u0105 wykonania i wytrzyma\u0142o\u015bci\u0105 na niesprzyjaj\u0105ce warunki atmosferyczne \u2013 wilgo\u0107, opady \u015bniegu czy deszczu. Znajd\u0105 u nas Pa\u0144stwo nagrobki z nowoczesnym wzornictwem oraz delikatnymi zdobieniami.<\/p>\n<p>Zapewniamy nagrobki wykonane z m.in.:<\/p>\n<ul>\n<li>granitu<\/li>\n<li>marmuru<\/li>\n<li>piaskowca<\/li>\n<\/ul>\n<p>Dbamy o zachowanie konkurencyjnych cen, jak i r\u00f3wnie\u017c o sprawn\u0105 realizacj\u0119 zlecenia \u2013 w taki spos\u00f3b, aby zd\u0105\u017cy\u0107 przygotowa\u0107 poch\u00f3wek w czasie dope\u0142niania wszelkich innych kwestii organizacyjnych i formalnych.<\/p>\n<p>Wybieraj\u0105c nagrobek, trzeba wzi\u0105\u0107 pod uwag\u0119 jego rozmiar. W tym celu warto zapozna\u0107 si\u0119 z wewn\u0119trznym regulaminem cmentarza i sprawdzi\u0107, jaka jest dopuszczalna wielko\u015b\u0107 nagrobka. Nale\u017cy tak\u017ce zdecydowa\u0107, czy ma by\u0107 pojedynczy, czy te\u017c podw\u00f3jny. Istotny jest r\u00f3wnie\u017c wyb\u00f3r materia\u0142u \u2013 od niego zale\u017cy m.in. jak d\u0142ugo nagrobek utrzyma pierwotny wygl\u0105d i czy b\u0119dzie \u0142atwy w utrzymaniu czysto\u015bci. Marmur odznacza si\u0119 luksusowym wygl\u0105dem i prezentuje si\u0119 bardzo elegancko. Z kolei granit cechuje wyj\u0105tkowa odporno\u015b\u0107 na uszkodzenia mechaniczne i czynniki atmosferyczne. R\u00f3wnie\u017c piaskowiec jest niezwykle wytrzyma\u0142y. Kupuj\u0105c nagrobek, mo\u017cna tak\u017ce zdecydowa\u0107 si\u0119 na dodatkowe elementy dekoracyjne.<\/p>\n<p>Ch\u0119tnie udzielimy Pa\u0144stwu wsparcia w wyborze odpowiedniego nagrobka. Doradzimy, kt\u00f3ry materia\u0142 czy rozmiar b\u0119dzie najlepszym rozwi\u0105zaniem. Zach\u0119camy do kontaktu \u2013 odpowiemy na wszystkie Pa\u0144stwa pytania.<\/p>\n                    <\/div>\n                <\/div>\n                    <\/div>\n    <\/div>\n<\/div>\n","protected":false},"excerpt":{"rendered":"","protected":false},"author":2,"featured_media":0,"parent":0,"menu_order":0,"comment_status":"closed","ping_status":"closed","template":"","meta":{"_acf_changed":false,"footnotes":""},"class_list":["post-682","page","type-page","status-publish","hentry"],"acf":[],"yoast_head":"<!-- This site is optimized with the Yoast SEO plugin v25.8 - https:\/\/yoast.com\/wordpress\/plugins\/seo\/ -->\n<title>Sprzeda\u017c nagrobk\u00f3w - Amabilis<\/title>\n<meta name=\"description\" content=\"Pogrzeby. Nagrobki. Oferujemy szeroki zakres us\u0142ug pogrzebowych na terenie Warszawy i okolic. Sprzeda\u017c nagrobk\u00f3w. Szeroki wyb\u00f3r nagrobk\u00f3w.\" \/>\n<meta name=\"robots\" content=\"index, follow, max-snippet:-1, max-image-preview:large, max-video-preview:-1\" \/>\n<link rel=\"canonical\" href=\"https:\/\/amabilis.sereni.pl\/pl\/sprzedaz-nagrobkow\/\" \/>\n<meta property=\"og:locale\" content=\"pl_PL\" \/>\n<meta property=\"og:type\" content=\"article\" \/>\n<meta property=\"og:title\" content=\"Sprzeda\u017c nagrobk\u00f3w - Amabilis\" \/>\n<meta property=\"og:description\" content=\"Pogrzeby. Nagrobki. Oferujemy szeroki zakres us\u0142ug pogrzebowych na terenie Warszawy i okolic. Sprzeda\u017c nagrobk\u00f3w. Szeroki wyb\u00f3r nagrobk\u00f3w.\" \/>\n<meta property=\"og:url\" content=\"https:\/\/amabilis.sereni.pl\/pl\/sprzedaz-nagrobkow\/\" \/>\n<meta property=\"og:site_name\" content=\"Amabilis\" \/>\n<meta property=\"article:modified_time\" content=\"2023-11-28T17:06:09+00:00\" \/>\n<meta name=\"twitter:card\" content=\"summary_large_image\" \/>\n<script type=\"application\/ld+json\" class=\"yoast-schema-graph\">{\"@context\":\"https:\/\/schema.org\",\"@graph\":[{\"@type\":\"WebPage\",\"@id\":\"https:\/\/amabilis.sereni.pl\/pl\/sprzedaz-nagrobkow\/\",\"url\":\"https:\/\/amabilis.sereni.pl\/pl\/sprzedaz-nagrobkow\/\",\"name\":\"Sprzeda\u017c nagrobk\u00f3w - Amabilis\",\"isPartOf\":{\"@id\":\"https:\/\/amabilis.sereni.pl\/pl\/#website\"},\"datePublished\":\"2023-07-26T11:23:17+00:00\",\"dateModified\":\"2023-11-28T17:06:09+00:00\",\"description\":\"Pogrzeby. Nagrobki. Oferujemy szeroki zakres us\u0142ug pogrzebowych na terenie Warszawy i okolic. Sprzeda\u017c nagrobk\u00f3w. Szeroki wyb\u00f3r nagrobk\u00f3w.\",\"inLanguage\":\"pl-PL\",\"potentialAction\":[{\"@type\":\"ReadAction\",\"target\":[\"https:\/\/amabilis.sereni.pl\/pl\/sprzedaz-nagrobkow\/\"]}]},{\"@type\":\"WebSite\",\"@id\":\"https:\/\/amabilis.sereni.pl\/pl\/#website\",\"url\":\"https:\/\/amabilis.sereni.pl\/pl\/\",\"name\":\"Amabilis\",\"description\":\"Us\u0142ugi pogrzebowe Warszawa\",\"potentialAction\":[{\"@type\":\"SearchAction\",\"target\":{\"@type\":\"EntryPoint\",\"urlTemplate\":\"https:\/\/amabilis.sereni.pl\/pl\/?s={search_term_string}\"},\"query-input\":{\"@type\":\"PropertyValueSpecification\",\"valueRequired\":true,\"valueName\":\"search_term_string\"}}],\"inLanguage\":\"pl-PL\"}]}<\/script>\n<!-- \/ Yoast SEO plugin. -->","yoast_head_json":{"title":"Sprzeda\u017c nagrobk\u00f3w - Amabilis","description":"Pogrzeby. Nagrobki. Oferujemy szeroki zakres us\u0142ug pogrzebowych na terenie Warszawy i okolic. Sprzeda\u017c nagrobk\u00f3w. Szeroki wyb\u00f3r nagrobk\u00f3w.","robots":{"index":"index","follow":"follow","max-snippet":"max-snippet:-1","max-image-preview":"max-image-preview:large","max-video-preview":"max-video-preview:-1"},"canonical":"https:\/\/amabilis.sereni.pl\/pl\/sprzedaz-nagrobkow\/","og_locale":"pl_PL","og_type":"article","og_title":"Sprzeda\u017c nagrobk\u00f3w - Amabilis","og_description":"Pogrzeby. Nagrobki. Oferujemy szeroki zakres us\u0142ug pogrzebowych na terenie Warszawy i okolic. Sprzeda\u017c nagrobk\u00f3w. Szeroki wyb\u00f3r nagrobk\u00f3w.","og_url":"https:\/\/amabilis.sereni.pl\/pl\/sprzedaz-nagrobkow\/","og_site_name":"Amabilis","article_modified_time":"2023-11-28T17:06:09+00:00","twitter_card":"summary_large_image","schema":{"@context":"https:\/\/schema.org","@graph":[{"@type":"WebPage","@id":"https:\/\/amabilis.sereni.pl\/pl\/sprzedaz-nagrobkow\/","url":"https:\/\/amabilis.sereni.pl\/pl\/sprzedaz-nagrobkow\/","name":"Sprzeda\u017c nagrobk\u00f3w - Amabilis","isPartOf":{"@id":"https:\/\/amabilis.sereni.pl\/pl\/#website"},"datePublished":"2023-07-26T11:23:17+00:00","dateModified":"2023-11-28T17:06:09+00:00","description":"Pogrzeby. Nagrobki. Oferujemy szeroki zakres us\u0142ug pogrzebowych na terenie Warszawy i okolic. Sprzeda\u017c nagrobk\u00f3w. Szeroki wyb\u00f3r nagrobk\u00f3w.","inLanguage":"pl-PL","potentialAction":[{"@type":"ReadAction","target":["https:\/\/amabilis.sereni.pl\/pl\/sprzedaz-nagrobkow\/"]}]},{"@type":"WebSite","@id":"https:\/\/amabilis.sereni.pl\/pl\/#website","url":"https:\/\/amabilis.sereni.pl\/pl\/","name":"Amabilis","description":"Us\u0142ugi pogrzebowe Warszawa","potentialAction":[{"@type":"SearchAction","target":{"@type":"EntryPoint","urlTemplate":"https:\/\/amabilis.sereni.pl\/pl\/?s={search_term_string}"},"query-input":{"@type":"PropertyValueSpecification","valueRequired":true,"valueName":"search_term_string"}}],"inLanguage":"pl-PL"}]}},"_links":{"self":[{"href":"https:\/\/amabilis.sereni.pl\/pl\/wp-json\/wp\/v2\/pages\/682","targetHints":{"allow":["GET"]}}],"collection":[{"href":"https:\/\/amabilis.sereni.pl\/pl\/wp-json\/wp\/v2\/pages"}],"about":[{"href":"https:\/\/amabilis.sereni.pl\/pl\/wp-json\/wp\/v2\/types\/page"}],"author":[{"embeddable":true,"href":"https:\/\/amabilis.sereni.pl\/pl\/wp-json\/wp\/v2\/users\/2"}],"replies":[{"embeddable":true,"href":"https:\/\/amabilis.sereni.pl\/pl\/wp-json\/wp\/v2\/comments?post=682"}],"version-history":[{"count":10,"href":"https:\/\/amabilis.sereni.pl\/pl\/wp-json\/wp\/v2\/pages\/682\/revisions"}],"predecessor-version":[{"id":1669,"href":"https:\/\/amabilis.sereni.pl\/pl\/wp-json\/wp\/v2\/pages\/682\/revisions\/1669"}],"wp:attachment":[{"href":"https:\/\/amabilis.sereni.pl\/pl\/wp-json\/wp\/v2\/media?parent=682"}],"curies":[{"name":"wp","href":"https:\/\/api.w.org\/{rel}","templated":true}]}}