{"id":636,"date":"2023-07-24T16:57:47","date_gmt":"2023-07-24T14:57:47","guid":{"rendered":"https:\/\/amabilis.sereni.pl\/?page_id=636"},"modified":"2023-11-28T18:06:58","modified_gmt":"2023-11-28T17:06:58","slug":"sprzedaz-trumien","status":"publish","type":"page","link":"https:\/\/amabilis.sereni.pl\/pl\/sprzedaz-trumien\/","title":{"rendered":"Sprzeda\u017c trumien"},"content":{"rendered":"\n<div id=\"block-main-banner-block_b60b0b42ba1b3374b9bdb3ee3855a30d\" class=\"block-main-banner\">\n    <div class=\"container\">\n        <div class=\"banner-wrap layout2 content_right content_top\">\n            <div class=\"banner-image\">\n                                                            <img loading=\"lazy\" decoding=\"async\" width=\"1107\" height=\"1440\" src=\"https:\/\/shop.sereni.pl\/app\/uploads\/sites\/12\/2023\/08\/CMS_Nekrolog_4788-e1693468048807-1107x1440.jpg\" class=\"attachment-full-stretched size-full-stretched\" alt=\"Sprzeda\u017c trumien\" srcset=\"https:\/\/shop.sereni.pl\/app\/uploads\/sites\/12\/2023\/08\/CMS_Nekrolog_4788-e1693468048807-1107x1440.jpg 1107w, https:\/\/shop.sereni.pl\/app\/uploads\/sites\/12\/2023\/08\/CMS_Nekrolog_4788-e1693468048807-231x300.jpg 231w, https:\/\/shop.sereni.pl\/app\/uploads\/sites\/12\/2023\/08\/CMS_Nekrolog_4788-e1693468048807-787x1024.jpg 787w, https:\/\/shop.sereni.pl\/app\/uploads\/sites\/12\/2023\/08\/CMS_Nekrolog_4788-e1693468048807-768x999.jpg 768w, https:\/\/shop.sereni.pl\/app\/uploads\/sites\/12\/2023\/08\/CMS_Nekrolog_4788-e1693468048807-1181x1536.jpg 1181w, https:\/\/shop.sereni.pl\/app\/uploads\/sites\/12\/2023\/08\/CMS_Nekrolog_4788-e1693468048807-999x1300.jpg 999w, https:\/\/shop.sereni.pl\/app\/uploads\/sites\/12\/2023\/08\/CMS_Nekrolog_4788-e1693468048807.jpg 1200w\" sizes=\"auto, (max-width: 1107px) 100vw, 1107px\" title=\"Sprzeda\u017c trumien\" \/>                                                <\/div>\n\n                            <div class=\"banner-content\">\n                    <div class=\"inner\">\n                        <h3>Trumny<\/h3>\n<p>&nbsp;<\/p>\n<p>Jeden z najwa\u017cniejszych element\u00f3w organizacji pogrzebu to wyb\u00f3r odpowiedniej trumny. Decyduj\u0105c si\u0119 na zakup konkretnego modelu, warto zwr\u00f3ci\u0107 uwag\u0119 na materia\u0142, z jakiego jest wykonany, a tak\u017ce kolor i rodzaj zdobie\u0144. Najwa\u017cniejsze jednak, by wyb\u00f3r by\u0142 podyktowany prywatnymi upodobaniami oraz zgodny z preferencjami osoby zmar\u0142ej, je\u015bli zostawi\u0142a bliskim wskaz\u00f3wki dotycz\u0105ce pogrzebu.<\/p>\n<p>Przygotowali\u015bmy szeroki wyb\u00f3r trumien zr\u00f3\u017cnicowanych zar\u00f3wno pod wzgl\u0119dem stylistyki, zdobie\u0144, materia\u0142u, jak i ceny. W naszej ofercie znajduj\u0105 si\u0119 modele wykonane z drewna (d\u0119bu, sosny, brzozy, topoli, buku), trumny metalizowane i fornirowane. Zapewniamy r\u00f3wnie\u017c trumny dzieci\u0119ce oraz modele przeznaczone na pogrzeby z kremacj\u0105.<\/p>\n<p>Wszystkie nasze wyroby odznaczaj\u0105 si\u0119 elegancj\u0105, wysokimi walorami estetycznymi, a tak\u017ce solidno\u015bci\u0105 konstrukcji. Dla najbardziej wymagaj\u0105cych Klient\u00f3w przygotowali\u015bmy ofert\u0119 trumien ekskluzywnych wykonanych z dba\u0142o\u015bci\u0105 o wszystkie szczeg\u00f3\u0142y.<\/p>\n<p>Naszym Klientom zapewniamy kompleksowe us\u0142ugi. Je\u015bli nie s\u0105 Pa\u0144stwo pewni, kt\u00f3ry model b\u0119dzie najodpowiedniejszy, s\u0142u\u017cymy pomoc\u0105. Przygotowujemy r\u00f3wnie\u017c dekoracj\u0119 trumien zgodnie z wytycznymi zamawiaj\u0105cego.<\/p>\n                    <\/div>\n                <\/div>\n                    <\/div>\n    <\/div>\n<\/div>\n\n\n\n<h3 class=\"wp-block-heading normal\">Przyk\u0142ady dost\u0119pnych trumien:<\/h3>\n\n\n\n<div id=\"block-gallery-block_aaa5fea0848c61dfd348a8f3805f6def\" class=\"block-gallery\">\n    <div class=\"container\">\n        <div class=\"gallery-wrap\">\n            <div class=\"image-gallery\">\n                                                            <div class=\"image\">\n                            <img loading=\"lazy\" decoding=\"async\" width=\"680\" height=\"680\" src=\"https:\/\/shop.sereni.pl\/app\/uploads\/sites\/12\/2023\/07\/Trumna-5.jpg\" class=\"attachment-full-medium size-full-medium\" alt=\"Sprzeda\u017c trumien\" srcset=\"https:\/\/shop.sereni.pl\/app\/uploads\/sites\/12\/2023\/07\/Trumna-5.jpg 680w, https:\/\/shop.sereni.pl\/app\/uploads\/sites\/12\/2023\/07\/Trumna-5-300x300.jpg 300w, https:\/\/shop.sereni.pl\/app\/uploads\/sites\/12\/2023\/07\/Trumna-5-150x150.jpg 150w\" sizes=\"auto, (max-width: 680px) 100vw, 680px\" title=\"Sprzeda\u017c trumien\" \/>                        <\/div>\n                                            <div class=\"image\">\n                            <img loading=\"lazy\" decoding=\"async\" width=\"680\" height=\"680\" src=\"https:\/\/shop.sereni.pl\/app\/uploads\/sites\/12\/2023\/07\/Trumna-10.jpg\" class=\"attachment-full-medium size-full-medium\" alt=\"Sprzeda\u017c trumien\" srcset=\"https:\/\/shop.sereni.pl\/app\/uploads\/sites\/12\/2023\/07\/Trumna-10.jpg 680w, https:\/\/shop.sereni.pl\/app\/uploads\/sites\/12\/2023\/07\/Trumna-10-300x300.jpg 300w, https:\/\/shop.sereni.pl\/app\/uploads\/sites\/12\/2023\/07\/Trumna-10-150x150.jpg 150w\" sizes=\"auto, (max-width: 680px) 100vw, 680px\" title=\"Sprzeda\u017c trumien\" \/>                        <\/div>\n                                            <div class=\"image\">\n                            <img loading=\"lazy\" decoding=\"async\" width=\"680\" height=\"680\" src=\"https:\/\/shop.sereni.pl\/app\/uploads\/sites\/12\/2023\/07\/Trumna-2.jpg\" class=\"attachment-full-medium size-full-medium\" alt=\"Sprzeda\u017c trumien\" srcset=\"https:\/\/shop.sereni.pl\/app\/uploads\/sites\/12\/2023\/07\/Trumna-2.jpg 680w, https:\/\/shop.sereni.pl\/app\/uploads\/sites\/12\/2023\/07\/Trumna-2-300x300.jpg 300w, https:\/\/shop.sereni.pl\/app\/uploads\/sites\/12\/2023\/07\/Trumna-2-150x150.jpg 150w\" sizes=\"auto, (max-width: 680px) 100vw, 680px\" title=\"Sprzeda\u017c trumien\" \/>                        <\/div>\n                                            <div class=\"image\">\n                            <img loading=\"lazy\" decoding=\"async\" width=\"680\" height=\"680\" src=\"https:\/\/shop.sereni.pl\/app\/uploads\/sites\/12\/2023\/07\/Trumna-11.jpg\" class=\"attachment-full-medium size-full-medium\" alt=\"Sprzeda\u017c trumien\" srcset=\"https:\/\/shop.sereni.pl\/app\/uploads\/sites\/12\/2023\/07\/Trumna-11.jpg 680w, https:\/\/shop.sereni.pl\/app\/uploads\/sites\/12\/2023\/07\/Trumna-11-300x300.jpg 300w, https:\/\/shop.sereni.pl\/app\/uploads\/sites\/12\/2023\/07\/Trumna-11-150x150.jpg 150w\" sizes=\"auto, (max-width: 680px) 100vw, 680px\" title=\"Sprzeda\u017c trumien\" \/>                        <\/div>\n                                            <div class=\"image\">\n                            <img loading=\"lazy\" decoding=\"async\" width=\"680\" height=\"680\" src=\"https:\/\/shop.sereni.pl\/app\/uploads\/sites\/12\/2023\/07\/Trumna-12.jpg\" class=\"attachment-full-medium size-full-medium\" alt=\"Sprzeda\u017c trumien\" srcset=\"https:\/\/shop.sereni.pl\/app\/uploads\/sites\/12\/2023\/07\/Trumna-12.jpg 680w, https:\/\/shop.sereni.pl\/app\/uploads\/sites\/12\/2023\/07\/Trumna-12-300x300.jpg 300w, https:\/\/shop.sereni.pl\/app\/uploads\/sites\/12\/2023\/07\/Trumna-12-150x150.jpg 150w\" sizes=\"auto, (max-width: 680px) 100vw, 680px\" title=\"Sprzeda\u017c trumien\" \/>                        <\/div>\n                                            <div class=\"image\">\n                            <img loading=\"lazy\" decoding=\"async\" width=\"680\" height=\"680\" src=\"https:\/\/shop.sereni.pl\/app\/uploads\/sites\/12\/2023\/07\/Trumna-6.jpg\" class=\"attachment-full-medium size-full-medium\" alt=\"Sprzeda\u017c trumien\" srcset=\"https:\/\/shop.sereni.pl\/app\/uploads\/sites\/12\/2023\/07\/Trumna-6.jpg 680w, https:\/\/shop.sereni.pl\/app\/uploads\/sites\/12\/2023\/07\/Trumna-6-300x300.jpg 300w, https:\/\/shop.sereni.pl\/app\/uploads\/sites\/12\/2023\/07\/Trumna-6-150x150.jpg 150w\" sizes=\"auto, (max-width: 680px) 100vw, 680px\" title=\"Sprzeda\u017c trumien\" \/>                        <\/div>\n                                            <div class=\"image\">\n                            <img loading=\"lazy\" decoding=\"async\" width=\"680\" height=\"680\" src=\"https:\/\/shop.sereni.pl\/app\/uploads\/sites\/12\/2023\/07\/Trumna-8.jpg\" class=\"attachment-full-medium size-full-medium\" alt=\"Sprzeda\u017c trumien\" srcset=\"https:\/\/shop.sereni.pl\/app\/uploads\/sites\/12\/2023\/07\/Trumna-8.jpg 680w, https:\/\/shop.sereni.pl\/app\/uploads\/sites\/12\/2023\/07\/Trumna-8-300x300.jpg 300w, https:\/\/shop.sereni.pl\/app\/uploads\/sites\/12\/2023\/07\/Trumna-8-150x150.jpg 150w\" sizes=\"auto, (max-width: 680px) 100vw, 680px\" title=\"Sprzeda\u017c trumien\" \/>                        <\/div>\n                                            <div class=\"image\">\n                            <img loading=\"lazy\" decoding=\"async\" width=\"680\" height=\"680\" src=\"https:\/\/shop.sereni.pl\/app\/uploads\/sites\/12\/2023\/07\/Trumna-4.jpg\" class=\"attachment-full-medium size-full-medium\" alt=\"Sprzeda\u017c trumien\" srcset=\"https:\/\/shop.sereni.pl\/app\/uploads\/sites\/12\/2023\/07\/Trumna-4.jpg 680w, https:\/\/shop.sereni.pl\/app\/uploads\/sites\/12\/2023\/07\/Trumna-4-300x300.jpg 300w, https:\/\/shop.sereni.pl\/app\/uploads\/sites\/12\/2023\/07\/Trumna-4-150x150.jpg 150w\" sizes=\"auto, (max-width: 680px) 100vw, 680px\" title=\"Sprzeda\u017c trumien\" \/>                        <\/div>\n                                            <div class=\"image\">\n                            <img loading=\"lazy\" decoding=\"async\" width=\"680\" height=\"680\" src=\"https:\/\/shop.sereni.pl\/app\/uploads\/sites\/12\/2023\/07\/Trumna-3.jpg\" class=\"attachment-full-medium size-full-medium\" alt=\"Sprzeda\u017c trumien\" srcset=\"https:\/\/shop.sereni.pl\/app\/uploads\/sites\/12\/2023\/07\/Trumna-3.jpg 680w, https:\/\/shop.sereni.pl\/app\/uploads\/sites\/12\/2023\/07\/Trumna-3-300x300.jpg 300w, https:\/\/shop.sereni.pl\/app\/uploads\/sites\/12\/2023\/07\/Trumna-3-150x150.jpg 150w\" sizes=\"auto, (max-width: 680px) 100vw, 680px\" title=\"Sprzeda\u017c trumien\" \/>                        <\/div>\n                                            <div class=\"image\">\n                            <img loading=\"lazy\" decoding=\"async\" width=\"680\" height=\"680\" src=\"https:\/\/shop.sereni.pl\/app\/uploads\/sites\/12\/2023\/07\/Trumna-9.jpg\" class=\"attachment-full-medium size-full-medium\" alt=\"Sprzeda\u017c trumien\" srcset=\"https:\/\/shop.sereni.pl\/app\/uploads\/sites\/12\/2023\/07\/Trumna-9.jpg 680w, https:\/\/shop.sereni.pl\/app\/uploads\/sites\/12\/2023\/07\/Trumna-9-300x300.jpg 300w, https:\/\/shop.sereni.pl\/app\/uploads\/sites\/12\/2023\/07\/Trumna-9-150x150.jpg 150w\" sizes=\"auto, (max-width: 680px) 100vw, 680px\" title=\"Sprzeda\u017c trumien\" \/>                        <\/div>\n                                            <div class=\"image\">\n                            <img loading=\"lazy\" decoding=\"async\" width=\"680\" height=\"680\" src=\"https:\/\/shop.sereni.pl\/app\/uploads\/sites\/12\/2023\/07\/Trumna-17.jpg\" class=\"attachment-full-medium size-full-medium\" alt=\"Sprzeda\u017c trumien\" srcset=\"https:\/\/shop.sereni.pl\/app\/uploads\/sites\/12\/2023\/07\/Trumna-17.jpg 680w, https:\/\/shop.sereni.pl\/app\/uploads\/sites\/12\/2023\/07\/Trumna-17-300x300.jpg 300w, https:\/\/shop.sereni.pl\/app\/uploads\/sites\/12\/2023\/07\/Trumna-17-150x150.jpg 150w\" sizes=\"auto, (max-width: 680px) 100vw, 680px\" title=\"Sprzeda\u017c trumien\" \/>                        <\/div>\n                                            <div class=\"image\">\n                            <img loading=\"lazy\" decoding=\"async\" width=\"680\" height=\"680\" src=\"https:\/\/shop.sereni.pl\/app\/uploads\/sites\/12\/2023\/07\/Trumna-18.jpg\" class=\"attachment-full-medium size-full-medium\" alt=\"Sprzeda\u017c trumien\" srcset=\"https:\/\/shop.sereni.pl\/app\/uploads\/sites\/12\/2023\/07\/Trumna-18.jpg 680w, https:\/\/shop.sereni.pl\/app\/uploads\/sites\/12\/2023\/07\/Trumna-18-300x300.jpg 300w, https:\/\/shop.sereni.pl\/app\/uploads\/sites\/12\/2023\/07\/Trumna-18-150x150.jpg 150w\" sizes=\"auto, (max-width: 680px) 100vw, 680px\" title=\"Sprzeda\u017c trumien\" \/>                        <\/div>\n                                            <div class=\"image\">\n                            <img loading=\"lazy\" decoding=\"async\" width=\"680\" height=\"680\" src=\"https:\/\/shop.sereni.pl\/app\/uploads\/sites\/12\/2023\/07\/Trumna-7.jpg\" class=\"attachment-full-medium size-full-medium\" alt=\"Sprzeda\u017c trumien\" srcset=\"https:\/\/shop.sereni.pl\/app\/uploads\/sites\/12\/2023\/07\/Trumna-7.jpg 680w, https:\/\/shop.sereni.pl\/app\/uploads\/sites\/12\/2023\/07\/Trumna-7-300x300.jpg 300w, https:\/\/shop.sereni.pl\/app\/uploads\/sites\/12\/2023\/07\/Trumna-7-150x150.jpg 150w\" sizes=\"auto, (max-width: 680px) 100vw, 680px\" title=\"Sprzeda\u017c trumien\" \/>                        <\/div>\n                                            <div class=\"image\">\n                            <img loading=\"lazy\" decoding=\"async\" width=\"680\" height=\"680\" src=\"https:\/\/shop.sereni.pl\/app\/uploads\/sites\/12\/2023\/07\/Trumna-20.jpg\" class=\"attachment-full-medium size-full-medium\" alt=\"Sprzeda\u017c trumien\" srcset=\"https:\/\/shop.sereni.pl\/app\/uploads\/sites\/12\/2023\/07\/Trumna-20.jpg 680w, https:\/\/shop.sereni.pl\/app\/uploads\/sites\/12\/2023\/07\/Trumna-20-300x300.jpg 300w, https:\/\/shop.sereni.pl\/app\/uploads\/sites\/12\/2023\/07\/Trumna-20-150x150.jpg 150w\" sizes=\"auto, (max-width: 680px) 100vw, 680px\" title=\"Sprzeda\u017c trumien\" \/>                        <\/div>\n                                            <div class=\"image\">\n                            <img loading=\"lazy\" decoding=\"async\" width=\"680\" height=\"680\" src=\"https:\/\/shop.sereni.pl\/app\/uploads\/sites\/12\/2023\/07\/Trumna-15.jpg\" class=\"attachment-full-medium size-full-medium\" alt=\"Sprzeda\u017c trumien\" srcset=\"https:\/\/shop.sereni.pl\/app\/uploads\/sites\/12\/2023\/07\/Trumna-15.jpg 680w, https:\/\/shop.sereni.pl\/app\/uploads\/sites\/12\/2023\/07\/Trumna-15-300x300.jpg 300w, https:\/\/shop.sereni.pl\/app\/uploads\/sites\/12\/2023\/07\/Trumna-15-150x150.jpg 150w\" sizes=\"auto, (max-width: 680px) 100vw, 680px\" title=\"Sprzeda\u017c trumien\" \/>                        <\/div>\n                                            <div class=\"image\">\n                            <img loading=\"lazy\" decoding=\"async\" width=\"680\" height=\"680\" src=\"https:\/\/shop.sereni.pl\/app\/uploads\/sites\/12\/2023\/07\/Trumna-16.jpg\" class=\"attachment-full-medium size-full-medium\" alt=\"Sprzeda\u017c trumien\" srcset=\"https:\/\/shop.sereni.pl\/app\/uploads\/sites\/12\/2023\/07\/Trumna-16.jpg 680w, https:\/\/shop.sereni.pl\/app\/uploads\/sites\/12\/2023\/07\/Trumna-16-300x300.jpg 300w, https:\/\/shop.sereni.pl\/app\/uploads\/sites\/12\/2023\/07\/Trumna-16-150x150.jpg 150w\" sizes=\"auto, (max-width: 680px) 100vw, 680px\" title=\"Sprzeda\u017c trumien\" \/>                        <\/div>\n                                            <div class=\"image\">\n                            <img loading=\"lazy\" decoding=\"async\" width=\"680\" height=\"680\" src=\"https:\/\/shop.sereni.pl\/app\/uploads\/sites\/12\/2023\/07\/Trumna-14.jpg\" class=\"attachment-full-medium size-full-medium\" alt=\"Sprzeda\u017c trumien\" srcset=\"https:\/\/shop.sereni.pl\/app\/uploads\/sites\/12\/2023\/07\/Trumna-14.jpg 680w, https:\/\/shop.sereni.pl\/app\/uploads\/sites\/12\/2023\/07\/Trumna-14-300x300.jpg 300w, https:\/\/shop.sereni.pl\/app\/uploads\/sites\/12\/2023\/07\/Trumna-14-150x150.jpg 150w\" sizes=\"auto, (max-width: 680px) 100vw, 680px\" title=\"Sprzeda\u017c trumien\" \/>                        <\/div>\n                                            <div class=\"image\">\n                            <img loading=\"lazy\" decoding=\"async\" width=\"680\" height=\"680\" src=\"https:\/\/shop.sereni.pl\/app\/uploads\/sites\/12\/2023\/07\/Trumna-1.jpg\" class=\"attachment-full-medium size-full-medium\" alt=\"Sprzeda\u017c trumien\" srcset=\"https:\/\/shop.sereni.pl\/app\/uploads\/sites\/12\/2023\/07\/Trumna-1.jpg 680w, https:\/\/shop.sereni.pl\/app\/uploads\/sites\/12\/2023\/07\/Trumna-1-300x300.jpg 300w, https:\/\/shop.sereni.pl\/app\/uploads\/sites\/12\/2023\/07\/Trumna-1-150x150.jpg 150w\" sizes=\"auto, (max-width: 680px) 100vw, 680px\" title=\"Sprzeda\u017c trumien\" \/>                        <\/div>\n                                            <div class=\"image\">\n                            <img loading=\"lazy\" decoding=\"async\" width=\"680\" height=\"680\" src=\"https:\/\/shop.sereni.pl\/app\/uploads\/sites\/12\/2023\/07\/Trumna-19.jpg\" class=\"attachment-full-medium size-full-medium\" alt=\"Sprzeda\u017c trumien\" srcset=\"https:\/\/shop.sereni.pl\/app\/uploads\/sites\/12\/2023\/07\/Trumna-19.jpg 680w, https:\/\/shop.sereni.pl\/app\/uploads\/sites\/12\/2023\/07\/Trumna-19-300x300.jpg 300w, https:\/\/shop.sereni.pl\/app\/uploads\/sites\/12\/2023\/07\/Trumna-19-150x150.jpg 150w\" sizes=\"auto, (max-width: 680px) 100vw, 680px\" title=\"Sprzeda\u017c trumien\" \/>                        <\/div>\n                                            <div class=\"image\">\n                            <img loading=\"lazy\" decoding=\"async\" width=\"680\" height=\"680\" src=\"https:\/\/shop.sereni.pl\/app\/uploads\/sites\/12\/2023\/07\/Trumna-13.jpg\" class=\"attachment-full-medium size-full-medium\" alt=\"Sprzeda\u017c trumien\" srcset=\"https:\/\/shop.sereni.pl\/app\/uploads\/sites\/12\/2023\/07\/Trumna-13.jpg 680w, https:\/\/shop.sereni.pl\/app\/uploads\/sites\/12\/2023\/07\/Trumna-13-300x300.jpg 300w, https:\/\/shop.sereni.pl\/app\/uploads\/sites\/12\/2023\/07\/Trumna-13-150x150.jpg 150w\" sizes=\"auto, (max-width: 680px) 100vw, 680px\" title=\"Sprzeda\u017c trumien\" \/>                        <\/div>\n                                                <\/div>\n        <\/div>\n    <\/div>\n<\/div>\n","protected":false},"excerpt":{"rendered":"<p>Przyk\u0142ady dost\u0119pnych trumien:<\/p>\n","protected":false},"author":2,"featured_media":0,"parent":0,"menu_order":0,"comment_status":"closed","ping_status":"closed","template":"","meta":{"_acf_changed":false,"footnotes":""},"class_list":["post-636","page","type-page","status-publish","hentry"],"acf":[],"yoast_head":"<!-- This site is optimized with the Yoast SEO plugin v25.8 - https:\/\/yoast.com\/wordpress\/plugins\/seo\/ -->\n<title>Sprzeda\u017c trumien - Amabilis<\/title>\n<meta name=\"description\" content=\"Organizacja pogrzebu Warszawa. Kompleksowe wsparcie w organizacji pogrzebu. Szeroki wyb\u00f3r trumien. Dom pogrzebowy Amabilis Warszawa\" \/>\n<meta name=\"robots\" content=\"index, follow, max-snippet:-1, max-image-preview:large, max-video-preview:-1\" \/>\n<link rel=\"canonical\" href=\"https:\/\/amabilis.sereni.pl\/pl\/sprzedaz-trumien\/\" \/>\n<meta property=\"og:locale\" content=\"pl_PL\" \/>\n<meta property=\"og:type\" content=\"article\" \/>\n<meta property=\"og:title\" content=\"Sprzeda\u017c trumien - Amabilis\" \/>\n<meta property=\"og:description\" content=\"Organizacja pogrzebu Warszawa. Kompleksowe wsparcie w organizacji pogrzebu. Szeroki wyb\u00f3r trumien. Dom pogrzebowy Amabilis Warszawa\" \/>\n<meta property=\"og:url\" content=\"https:\/\/amabilis.sereni.pl\/pl\/sprzedaz-trumien\/\" \/>\n<meta property=\"og:site_name\" content=\"Amabilis\" \/>\n<meta property=\"article:modified_time\" content=\"2023-11-28T17:06:58+00:00\" \/>\n<meta name=\"twitter:card\" content=\"summary_large_image\" \/>\n<meta name=\"twitter:label1\" content=\"Szacowany czas czytania\" \/>\n\t<meta name=\"twitter:data1\" content=\"1 minuta\" \/>\n<script type=\"application\/ld+json\" class=\"yoast-schema-graph\">{\"@context\":\"https:\/\/schema.org\",\"@graph\":[{\"@type\":\"WebPage\",\"@id\":\"https:\/\/amabilis.sereni.pl\/pl\/sprzedaz-trumien\/\",\"url\":\"https:\/\/amabilis.sereni.pl\/pl\/sprzedaz-trumien\/\",\"name\":\"Sprzeda\u017c trumien - Amabilis\",\"isPartOf\":{\"@id\":\"https:\/\/amabilis.sereni.pl\/pl\/#website\"},\"datePublished\":\"2023-07-24T14:57:47+00:00\",\"dateModified\":\"2023-11-28T17:06:58+00:00\",\"description\":\"Organizacja pogrzebu Warszawa. Kompleksowe wsparcie w organizacji pogrzebu. Szeroki wyb\u00f3r trumien. Dom pogrzebowy Amabilis Warszawa\",\"inLanguage\":\"pl-PL\",\"potentialAction\":[{\"@type\":\"ReadAction\",\"target\":[\"https:\/\/amabilis.sereni.pl\/pl\/sprzedaz-trumien\/\"]}]},{\"@type\":\"WebSite\",\"@id\":\"https:\/\/amabilis.sereni.pl\/pl\/#website\",\"url\":\"https:\/\/amabilis.sereni.pl\/pl\/\",\"name\":\"Amabilis\",\"description\":\"Us\u0142ugi pogrzebowe Warszawa\",\"potentialAction\":[{\"@type\":\"SearchAction\",\"target\":{\"@type\":\"EntryPoint\",\"urlTemplate\":\"https:\/\/amabilis.sereni.pl\/pl\/?s={search_term_string}\"},\"query-input\":{\"@type\":\"PropertyValueSpecification\",\"valueRequired\":true,\"valueName\":\"search_term_string\"}}],\"inLanguage\":\"pl-PL\"}]}<\/script>\n<!-- \/ Yoast SEO plugin. -->","yoast_head_json":{"title":"Sprzeda\u017c trumien - Amabilis","description":"Organizacja pogrzebu Warszawa. Kompleksowe wsparcie w organizacji pogrzebu. Szeroki wyb\u00f3r trumien. Dom pogrzebowy Amabilis Warszawa","robots":{"index":"index","follow":"follow","max-snippet":"max-snippet:-1","max-image-preview":"max-image-preview:large","max-video-preview":"max-video-preview:-1"},"canonical":"https:\/\/amabilis.sereni.pl\/pl\/sprzedaz-trumien\/","og_locale":"pl_PL","og_type":"article","og_title":"Sprzeda\u017c trumien - Amabilis","og_description":"Organizacja pogrzebu Warszawa. Kompleksowe wsparcie w organizacji pogrzebu. Szeroki wyb\u00f3r trumien. Dom pogrzebowy Amabilis Warszawa","og_url":"https:\/\/amabilis.sereni.pl\/pl\/sprzedaz-trumien\/","og_site_name":"Amabilis","article_modified_time":"2023-11-28T17:06:58+00:00","twitter_card":"summary_large_image","twitter_misc":{"Szacowany czas czytania":"1 minuta"},"schema":{"@context":"https:\/\/schema.org","@graph":[{"@type":"WebPage","@id":"https:\/\/amabilis.sereni.pl\/pl\/sprzedaz-trumien\/","url":"https:\/\/amabilis.sereni.pl\/pl\/sprzedaz-trumien\/","name":"Sprzeda\u017c trumien - Amabilis","isPartOf":{"@id":"https:\/\/amabilis.sereni.pl\/pl\/#website"},"datePublished":"2023-07-24T14:57:47+00:00","dateModified":"2023-11-28T17:06:58+00:00","description":"Organizacja pogrzebu Warszawa. Kompleksowe wsparcie w organizacji pogrzebu. Szeroki wyb\u00f3r trumien. Dom pogrzebowy Amabilis Warszawa","inLanguage":"pl-PL","potentialAction":[{"@type":"ReadAction","target":["https:\/\/amabilis.sereni.pl\/pl\/sprzedaz-trumien\/"]}]},{"@type":"WebSite","@id":"https:\/\/amabilis.sereni.pl\/pl\/#website","url":"https:\/\/amabilis.sereni.pl\/pl\/","name":"Amabilis","description":"Us\u0142ugi pogrzebowe Warszawa","potentialAction":[{"@type":"SearchAction","target":{"@type":"EntryPoint","urlTemplate":"https:\/\/amabilis.sereni.pl\/pl\/?s={search_term_string}"},"query-input":{"@type":"PropertyValueSpecification","valueRequired":true,"valueName":"search_term_string"}}],"inLanguage":"pl-PL"}]}},"_links":{"self":[{"href":"https:\/\/amabilis.sereni.pl\/pl\/wp-json\/wp\/v2\/pages\/636","targetHints":{"allow":["GET"]}}],"collection":[{"href":"https:\/\/amabilis.sereni.pl\/pl\/wp-json\/wp\/v2\/pages"}],"about":[{"href":"https:\/\/amabilis.sereni.pl\/pl\/wp-json\/wp\/v2\/types\/page"}],"author":[{"embeddable":true,"href":"https:\/\/amabilis.sereni.pl\/pl\/wp-json\/wp\/v2\/users\/2"}],"replies":[{"embeddable":true,"href":"https:\/\/amabilis.sereni.pl\/pl\/wp-json\/wp\/v2\/comments?post=636"}],"version-history":[{"count":26,"href":"https:\/\/amabilis.sereni.pl\/pl\/wp-json\/wp\/v2\/pages\/636\/revisions"}],"predecessor-version":[{"id":1662,"href":"https:\/\/amabilis.sereni.pl\/pl\/wp-json\/wp\/v2\/pages\/636\/revisions\/1662"}],"wp:attachment":[{"href":"https:\/\/amabilis.sereni.pl\/pl\/wp-json\/wp\/v2\/media?parent=636"}],"curies":[{"name":"wp","href":"https:\/\/api.w.org\/{rel}","templated":true}]}}