{"id":50,"date":"2023-07-05T13:15:11","date_gmt":"2023-07-05T11:15:11","guid":{"rendered":"https:\/\/amabilis.sereni.pl\/?page_id=50"},"modified":"2025-01-31T14:16:18","modified_gmt":"2025-01-31T13:16:18","slug":"rejon-aktywnosci","status":"publish","type":"page","link":"https:\/\/amabilis.sereni.pl\/pl\/rejon-aktywnosci\/","title":{"rendered":"Gdzie oferujemy nasze us\u0142ugi"},"content":{"rendered":"\n<div id=\"block-main-banner-block_ca39b73b08bf88e548adea13e985d04b\" class=\"block-main-banner\">\n    <div class=\"container\">\n        <div class=\"banner-wrap layout2 content_right content_top\">\n            <div class=\"banner-image\">\n                                                            <img loading=\"lazy\" decoding=\"async\" width=\"1440\" height=\"757\" src=\"https:\/\/shop.sereni.pl\/app\/uploads\/sites\/12\/2023\/08\/CMS_Nekrolog_4841-e1693467846519-1440x757.jpg\" class=\"attachment-full-stretched size-full-stretched\" alt=\"Gdzie oferujemy nasze us\u0142ugi\" srcset=\"https:\/\/shop.sereni.pl\/app\/uploads\/sites\/12\/2023\/08\/CMS_Nekrolog_4841-e1693467846519-1440x757.jpg 1440w, https:\/\/shop.sereni.pl\/app\/uploads\/sites\/12\/2023\/08\/CMS_Nekrolog_4841-e1693467846519-300x158.jpg 300w, https:\/\/shop.sereni.pl\/app\/uploads\/sites\/12\/2023\/08\/CMS_Nekrolog_4841-e1693467846519-1024x538.jpg 1024w, https:\/\/shop.sereni.pl\/app\/uploads\/sites\/12\/2023\/08\/CMS_Nekrolog_4841-e1693467846519-768x404.jpg 768w, https:\/\/shop.sereni.pl\/app\/uploads\/sites\/12\/2023\/08\/CMS_Nekrolog_4841-e1693467846519-1536x807.jpg 1536w, https:\/\/shop.sereni.pl\/app\/uploads\/sites\/12\/2023\/08\/CMS_Nekrolog_4841-e1693467846519-500x263.jpg 500w, https:\/\/shop.sereni.pl\/app\/uploads\/sites\/12\/2023\/08\/CMS_Nekrolog_4841-e1693467846519-1300x683.jpg 1300w, https:\/\/shop.sereni.pl\/app\/uploads\/sites\/12\/2023\/08\/CMS_Nekrolog_4841-e1693467846519.jpg 1764w\" sizes=\"auto, (max-width: 1440px) 100vw, 1440px\" title=\"Gdzie oferujemy nasze us\u0142ugi\" \/>                                                <\/div>\n\n                            <div class=\"banner-content\">\n                    <div class=\"inner\">\n                        <h3><strong>Nasze us\u0142ugi \u015bwiadczymy w:<\/strong><\/h3>\n<ul>\n<li>Warszawa i okolice,<\/li>\n<li>Ca\u0142e wojew\u00f3dztwo Mazowieckie,<\/li>\n<li>Na \u017c\u0105danie na terenie ca\u0142ej Polski.<\/li>\n<\/ul>\n<h3><\/h3>\n<h3><strong>Zapraszamy do jednej z naszych lokalizacji w Warszawie. Mo\u017cemy spotka\u0107 si\u0119 tak\u017ce w wybranej przez Pa\u0144stwa lokalizacji na terenie Warszawy w ramach us\u0142ugi biura mobilnego.<\/strong><\/h3>\n                    <\/div>\n                <\/div>\n                    <\/div>\n    <\/div>\n<\/div>\n\n\n<div id=\"block-variable-content-list-block_1f29ef2e6bd8733d7d5ca6c269119329\" class=\"block-variable-content-list default\">\n    <div class=\"container\">\n        <div class=\"widget-wrap per_row_2\">\n                        <div class=\"block-content\">\n                                                                                    <div class=\"element\">\n                                                            \n                                \n                                                                    <div class=\"content-wrap\">\n                                        <h3><strong>B\u0105d\u017a naszym go\u015bciem<\/strong><\/h3>\n<p>W trudnym okresie po stracie bliskiej osoby chcemy, aby\u015b czu\u0142, \u017ce jeste\u015b w dobrych r\u0119kach. <span class=\"jCAhz ChMk0b\"><span class=\"ryNqvb\">Nie spieszymy si\u0119 i pomagamy we wszystkich wa\u017cnych decyzjach. Je\u015bli sobie tego \u017cyczysz, mo\u017cemy oczywi\u015bcie przyjecha\u0107 do Ciebie na konsultacj\u0119 do domu.<\/span><\/span><\/p>\n<p><span class=\"type-j\"><strong><a href=\"tel:+48 667 130 899\">Telefon: +48 667 130 899<\/a><span class=\"type-j\"><strong><br \/>\n<\/strong><strong><a href=\"mailto:amabilis@sereni.pl\">amabilis@sereni.pl<\/a><\/strong><\/span><\/strong><\/span><\/p>\n                                    <\/div>\n                                                                                    <\/div>\n                                                                    <div class=\"element\">\n                                                            \n                                                                    <div class=\"image-wrap\">\n                                                                                    <img loading=\"lazy\" decoding=\"async\" width=\"1024\" height=\"689\" src=\"https:\/\/shop.sereni.pl\/app\/uploads\/sites\/12\/2023\/11\/0286-2-1024x689.jpg\" class=\"attachment-large size-large\" alt=\"Gdzie oferujemy nasze us\u0142ugi\" srcset=\"https:\/\/shop.sereni.pl\/app\/uploads\/sites\/12\/2023\/11\/0286-2-1024x689.jpg 1024w, https:\/\/shop.sereni.pl\/app\/uploads\/sites\/12\/2023\/11\/0286-2-300x202.jpg 300w, https:\/\/shop.sereni.pl\/app\/uploads\/sites\/12\/2023\/11\/0286-2-768x517.jpg 768w, https:\/\/shop.sereni.pl\/app\/uploads\/sites\/12\/2023\/11\/0286-2-1536x1034.jpg 1536w, https:\/\/shop.sereni.pl\/app\/uploads\/sites\/12\/2023\/11\/0286-2-2048x1378.jpg 2048w, https:\/\/shop.sereni.pl\/app\/uploads\/sites\/12\/2023\/11\/0286-2-446x300.jpg 446w, https:\/\/shop.sereni.pl\/app\/uploads\/sites\/12\/2023\/11\/0286-2-1300x875.jpg 1300w, https:\/\/shop.sereni.pl\/app\/uploads\/sites\/12\/2023\/11\/0286-2-1440x969.jpg 1440w\" sizes=\"auto, (max-width: 1024px) 100vw, 1024px\" title=\"Gdzie oferujemy nasze us\u0142ugi\" \/>                                                                            <\/div>\n                                \n                                                                                    <\/div>\n                                                <\/div>\n        <\/div>\n    <\/div>\n<\/div>\n","protected":false},"excerpt":{"rendered":"","protected":false},"author":1,"featured_media":0,"parent":0,"menu_order":0,"comment_status":"closed","ping_status":"closed","template":"","meta":{"_acf_changed":false,"footnotes":""},"class_list":["post-50","page","type-page","status-publish","hentry"],"acf":[],"yoast_head":"<!-- This site is optimized with the Yoast SEO plugin v25.8 - https:\/\/yoast.com\/wordpress\/plugins\/seo\/ -->\n<title>Gdzie oferujemy nasze us\u0142ugi - Amabilis<\/title>\n<meta name=\"description\" content=\"Oferujemy szeroki zakres us\u0142ug pogrzebowych na terenie Warszawy i okolic. Us\u0142ugi pogrzebowe Warszawa. Zapraszamy do kontaktu\" \/>\n<meta name=\"robots\" content=\"index, follow, max-snippet:-1, max-image-preview:large, max-video-preview:-1\" \/>\n<link rel=\"canonical\" href=\"https:\/\/amabilis.sereni.pl\/pl\/rejon-aktywnosci\/\" \/>\n<meta property=\"og:locale\" content=\"pl_PL\" \/>\n<meta property=\"og:type\" content=\"article\" \/>\n<meta property=\"og:title\" content=\"Gdzie oferujemy nasze us\u0142ugi - Amabilis\" \/>\n<meta property=\"og:description\" content=\"Oferujemy szeroki zakres us\u0142ug pogrzebowych na terenie Warszawy i okolic. Us\u0142ugi pogrzebowe Warszawa. Zapraszamy do kontaktu\" \/>\n<meta property=\"og:url\" content=\"https:\/\/amabilis.sereni.pl\/pl\/rejon-aktywnosci\/\" \/>\n<meta property=\"og:site_name\" content=\"Amabilis\" \/>\n<meta property=\"article:modified_time\" content=\"2025-01-31T13:16:18+00:00\" \/>\n<meta name=\"twitter:card\" content=\"summary_large_image\" \/>\n<meta name=\"twitter:label1\" content=\"Szacowany czas czytania\" \/>\n\t<meta name=\"twitter:data1\" content=\"1 minuta\" \/>\n<script type=\"application\/ld+json\" class=\"yoast-schema-graph\">{\"@context\":\"https:\/\/schema.org\",\"@graph\":[{\"@type\":\"WebPage\",\"@id\":\"https:\/\/amabilis.sereni.pl\/pl\/rejon-aktywnosci\/\",\"url\":\"https:\/\/amabilis.sereni.pl\/pl\/rejon-aktywnosci\/\",\"name\":\"Gdzie oferujemy nasze us\u0142ugi - Amabilis\",\"isPartOf\":{\"@id\":\"https:\/\/amabilis.sereni.pl\/pl\/#website\"},\"datePublished\":\"2023-07-05T11:15:11+00:00\",\"dateModified\":\"2025-01-31T13:16:18+00:00\",\"description\":\"Oferujemy szeroki zakres us\u0142ug pogrzebowych na terenie Warszawy i okolic. Us\u0142ugi pogrzebowe Warszawa. Zapraszamy do kontaktu\",\"inLanguage\":\"pl-PL\",\"potentialAction\":[{\"@type\":\"ReadAction\",\"target\":[\"https:\/\/amabilis.sereni.pl\/pl\/rejon-aktywnosci\/\"]}]},{\"@type\":\"WebSite\",\"@id\":\"https:\/\/amabilis.sereni.pl\/pl\/#website\",\"url\":\"https:\/\/amabilis.sereni.pl\/pl\/\",\"name\":\"Amabilis\",\"description\":\"Us\u0142ugi pogrzebowe Warszawa\",\"potentialAction\":[{\"@type\":\"SearchAction\",\"target\":{\"@type\":\"EntryPoint\",\"urlTemplate\":\"https:\/\/amabilis.sereni.pl\/pl\/?s={search_term_string}\"},\"query-input\":{\"@type\":\"PropertyValueSpecification\",\"valueRequired\":true,\"valueName\":\"search_term_string\"}}],\"inLanguage\":\"pl-PL\"}]}<\/script>\n<!-- \/ Yoast SEO plugin. -->","yoast_head_json":{"title":"Gdzie oferujemy nasze us\u0142ugi - Amabilis","description":"Oferujemy szeroki zakres us\u0142ug pogrzebowych na terenie Warszawy i okolic. Us\u0142ugi pogrzebowe Warszawa. Zapraszamy do kontaktu","robots":{"index":"index","follow":"follow","max-snippet":"max-snippet:-1","max-image-preview":"max-image-preview:large","max-video-preview":"max-video-preview:-1"},"canonical":"https:\/\/amabilis.sereni.pl\/pl\/rejon-aktywnosci\/","og_locale":"pl_PL","og_type":"article","og_title":"Gdzie oferujemy nasze us\u0142ugi - Amabilis","og_description":"Oferujemy szeroki zakres us\u0142ug pogrzebowych na terenie Warszawy i okolic. Us\u0142ugi pogrzebowe Warszawa. Zapraszamy do kontaktu","og_url":"https:\/\/amabilis.sereni.pl\/pl\/rejon-aktywnosci\/","og_site_name":"Amabilis","article_modified_time":"2025-01-31T13:16:18+00:00","twitter_card":"summary_large_image","twitter_misc":{"Szacowany czas czytania":"1 minuta"},"schema":{"@context":"https:\/\/schema.org","@graph":[{"@type":"WebPage","@id":"https:\/\/amabilis.sereni.pl\/pl\/rejon-aktywnosci\/","url":"https:\/\/amabilis.sereni.pl\/pl\/rejon-aktywnosci\/","name":"Gdzie oferujemy nasze us\u0142ugi - Amabilis","isPartOf":{"@id":"https:\/\/amabilis.sereni.pl\/pl\/#website"},"datePublished":"2023-07-05T11:15:11+00:00","dateModified":"2025-01-31T13:16:18+00:00","description":"Oferujemy szeroki zakres us\u0142ug pogrzebowych na terenie Warszawy i okolic. Us\u0142ugi pogrzebowe Warszawa. Zapraszamy do kontaktu","inLanguage":"pl-PL","potentialAction":[{"@type":"ReadAction","target":["https:\/\/amabilis.sereni.pl\/pl\/rejon-aktywnosci\/"]}]},{"@type":"WebSite","@id":"https:\/\/amabilis.sereni.pl\/pl\/#website","url":"https:\/\/amabilis.sereni.pl\/pl\/","name":"Amabilis","description":"Us\u0142ugi pogrzebowe Warszawa","potentialAction":[{"@type":"SearchAction","target":{"@type":"EntryPoint","urlTemplate":"https:\/\/amabilis.sereni.pl\/pl\/?s={search_term_string}"},"query-input":{"@type":"PropertyValueSpecification","valueRequired":true,"valueName":"search_term_string"}}],"inLanguage":"pl-PL"}]}},"_links":{"self":[{"href":"https:\/\/amabilis.sereni.pl\/pl\/wp-json\/wp\/v2\/pages\/50","targetHints":{"allow":["GET"]}}],"collection":[{"href":"https:\/\/amabilis.sereni.pl\/pl\/wp-json\/wp\/v2\/pages"}],"about":[{"href":"https:\/\/amabilis.sereni.pl\/pl\/wp-json\/wp\/v2\/types\/page"}],"author":[{"embeddable":true,"href":"https:\/\/amabilis.sereni.pl\/pl\/wp-json\/wp\/v2\/users\/1"}],"replies":[{"embeddable":true,"href":"https:\/\/amabilis.sereni.pl\/pl\/wp-json\/wp\/v2\/comments?post=50"}],"version-history":[{"count":34,"href":"https:\/\/amabilis.sereni.pl\/pl\/wp-json\/wp\/v2\/pages\/50\/revisions"}],"predecessor-version":[{"id":4045,"href":"https:\/\/amabilis.sereni.pl\/pl\/wp-json\/wp\/v2\/pages\/50\/revisions\/4045"}],"wp:attachment":[{"href":"https:\/\/amabilis.sereni.pl\/pl\/wp-json\/wp\/v2\/media?parent=50"}],"curies":[{"name":"wp","href":"https:\/\/api.w.org\/{rel}","templated":true}]}}