{"id":3905,"date":"2024-09-12T09:21:08","date_gmt":"2024-09-12T07:21:08","guid":{"rendered":"https:\/\/amabilis.sereni.pl\/?page_id=3905"},"modified":"2024-09-12T09:21:08","modified_gmt":"2024-09-12T07:21:08","slug":"asystent-pogrzebowy","status":"publish","type":"page","link":"https:\/\/amabilis.sereni.pl\/pl\/asystent-pogrzebowy\/","title":{"rendered":"Asystent Pogrzebowy"},"content":{"rendered":"<div id=\"block-variable-content-list-block_7d93f0dbb1e1fc2c8ad45e0ceaa87954\" class=\"block-variable-content-list alt_1\">\n    <div class=\"container\">\n        <div class=\"widget-wrap per_row_2\">\n                        <div class=\"block-content\">\n                                                                                    <div class=\"element\">\n                                                            \n                                                                    <div class=\"image-wrap\">\n                                                                                    <img loading=\"lazy\" decoding=\"async\" width=\"683\" height=\"1024\" src=\"https:\/\/shop.sereni.pl\/app\/uploads\/sites\/12\/2024\/09\/sereni-asystent-pogrzebowy-683x1024.jpg\" class=\"attachment-large size-large\" alt=\"Asystent Pogrzebowy\" srcset=\"https:\/\/shop.sereni.pl\/app\/uploads\/sites\/12\/2024\/09\/sereni-asystent-pogrzebowy-683x1024.jpg 683w, https:\/\/shop.sereni.pl\/app\/uploads\/sites\/12\/2024\/09\/sereni-asystent-pogrzebowy-200x300.jpg 200w, https:\/\/shop.sereni.pl\/app\/uploads\/sites\/12\/2024\/09\/sereni-asystent-pogrzebowy-768x1152.jpg 768w, https:\/\/shop.sereni.pl\/app\/uploads\/sites\/12\/2024\/09\/sereni-asystent-pogrzebowy-1024x1536.jpg 1024w, https:\/\/shop.sereni.pl\/app\/uploads\/sites\/12\/2024\/09\/sereni-asystent-pogrzebowy-1365x2048.jpg 1365w, https:\/\/shop.sereni.pl\/app\/uploads\/sites\/12\/2024\/09\/sereni-asystent-pogrzebowy-867x1300.jpg 867w, https:\/\/shop.sereni.pl\/app\/uploads\/sites\/12\/2024\/09\/sereni-asystent-pogrzebowy-960x1440.jpg 960w, https:\/\/shop.sereni.pl\/app\/uploads\/sites\/12\/2024\/09\/sereni-asystent-pogrzebowy-scaled.jpg 1707w\" sizes=\"auto, (max-width: 683px) 100vw, 683px\" title=\"Asystent Pogrzebowy\" \/>                                                                            <\/div>\n                                \n                                                                                    <\/div>\n                                                                    <div class=\"element\">\n                                                            \n                                \n                                                                    <div class=\"content-wrap\">\n                                        <h3 class=\"wp-block-heading normal\"><strong>Asystent pogrzebowy<\/strong><\/h3>\n<p class=\"normal\"><strong>Us\u0142uga asystenta<\/strong>\u00a0<strong>pogrzebowego<\/strong>\u00a0to wyj\u0105tkowa oferta dla rodzin, kt\u00f3re pragn\u0105 osobi\u015bcie za\u0142atwi\u0107 wszystkie formalno\u015bci zwi\u0105zane z organizacj\u0105 pogrzebu, ale potrzebuj\u0105 wsparcia logistycznego oraz profesjonalnej pomocy. W trudnych chwilach po stracie bliskiej osoby, asystent pogrzebowy towarzyszy rodzinie na ka\u017cdym etapie, zapewniaj\u0105c pomoc w transporcie i sprawnym za\u0142atwieniu wszystkich spraw urz\u0119dowych i zak\u0142adowych.<\/p>\n<ul>\n<li><strong>Profesjonalna opieka i wsparcie \u2013\u00a0<\/strong>asystent pogrzebowy to do\u015bwiadczona osoba, kt\u00f3ra pe\u0142ni rol\u0119 przewodnika i wsparcia dla rodziny w tych trudnych chwilach. Pomaga w zorganizowaniu transportu, dowo\u017c\u0105c rodzin\u0119 na teren zak\u0142adu pogrzebowego, do urz\u0119d\u00f3w oraz innych instytucji, takich jak szpitale, USC czy parafie. Dzi\u0119ki temu, rodzina nie musi martwi\u0107 si\u0119 o logistyk\u0119 i planowanie trasy, a ca\u0142a procedura jest realizowana sprawnie i bez zb\u0119dnych op\u00f3\u017anie\u0144.<\/li>\n<li><strong>Pe\u0142na organizacja transportu \u2013\u00a0<\/strong>asystent pogrzebowy zapewnia nie tylko transport, ale tak\u017ce doradztwo w zakresie niezb\u0119dnych formalno\u015bci. Pomaga w przygotowaniu i uzupe\u0142nieniu dokumentacji, t\u0142umaczy kolejne kroki i odpowiada na wszelkie pytania, co redukuje stres zwi\u0105zany z formalno\u015bciami. Klient mo\u017ce w pe\u0142ni skupi\u0107 si\u0119 na \u017ca\u0142obie i po\u017cegnaniu bliskiego, maj\u0105c pewno\u015b\u0107, \u017ce wszystkie sprawy organizacyjne s\u0105 pod kontrol\u0105.<\/li>\n<li><strong>Komfort i dyskrecja<\/strong>\u00a0\u2013 dzi\u0119ki pomocy asystenta pogrzebowego, rodzina mo\u017ce liczy\u0107 na pe\u0142en komfort oraz dyskrecj\u0119 podczas za\u0142atwiania formalno\u015bci. To rozwi\u0105zanie idealne dla os\u00f3b, kt\u00f3re ceni\u0105 sobie osobiste za\u0142atwianie spraw, ale potrzebuj\u0105 wsparcia w zakresie transportu i organizacji. Asystent dba o to, aby ka\u017cdy etap by\u0142 realizowany p\u0142ynnie, z poszanowaniem uczu\u0107 i potrzeb rodziny.<\/li>\n<\/ul>\n                                    <\/div>\n                                                                                    <\/div>\n                                                <\/div>\n        <\/div>\n    <\/div>\n<\/div>\n\n\n<div id=\"block-variable-content-list-block_89b38b737e16730ae7971b3b144a2fe5\" class=\"block-variable-content-list alt_1\">\n    <div class=\"container\">\n        <div class=\"widget-wrap per_row_2\">\n                        <div class=\"block-content\">\n                            <\/div>\n        <\/div>\n    <\/div>\n<\/div>\n","protected":false},"excerpt":{"rendered":"","protected":false},"author":106,"featured_media":0,"parent":0,"menu_order":0,"comment_status":"closed","ping_status":"closed","template":"","meta":{"_acf_changed":false,"footnotes":""},"class_list":["post-3905","page","type-page","status-publish","hentry"],"acf":[],"yoast_head":"<!-- This site is optimized with the Yoast SEO plugin v25.8 - https:\/\/yoast.com\/wordpress\/plugins\/seo\/ -->\n<title>Asystent Pogrzebowy - Amabilis<\/title>\n<meta name=\"description\" content=\"Oferujemy us\u0142ugi transportu zw\u0142ok zar\u00f3wno w Warszawie, jak i na terenie ca\u0142ej Polsce. Transport zw\u0142ok i repatriacja. Dom pogrzebowy Warszawa\" \/>\n<meta name=\"robots\" content=\"index, follow, max-snippet:-1, max-image-preview:large, max-video-preview:-1\" \/>\n<link rel=\"canonical\" href=\"https:\/\/amabilis.sereni.pl\/pl\/asystent-pogrzebowy\/\" \/>\n<meta property=\"og:locale\" content=\"pl_PL\" \/>\n<meta property=\"og:type\" content=\"article\" \/>\n<meta property=\"og:title\" content=\"Asystent Pogrzebowy - Amabilis\" \/>\n<meta property=\"og:description\" content=\"Oferujemy us\u0142ugi transportu zw\u0142ok zar\u00f3wno w Warszawie, jak i na terenie ca\u0142ej Polsce. Transport zw\u0142ok i repatriacja. Dom pogrzebowy Warszawa\" \/>\n<meta property=\"og:url\" content=\"https:\/\/amabilis.sereni.pl\/pl\/asystent-pogrzebowy\/\" \/>\n<meta property=\"og:site_name\" content=\"Amabilis\" \/>\n<meta name=\"twitter:card\" content=\"summary_large_image\" \/>\n<meta name=\"twitter:label1\" content=\"Szacowany czas czytania\" \/>\n\t<meta name=\"twitter:data1\" content=\"2 minuty\" \/>\n<script type=\"application\/ld+json\" class=\"yoast-schema-graph\">{\"@context\":\"https:\/\/schema.org\",\"@graph\":[{\"@type\":\"WebPage\",\"@id\":\"https:\/\/amabilis.sereni.pl\/pl\/asystent-pogrzebowy\/\",\"url\":\"https:\/\/amabilis.sereni.pl\/pl\/asystent-pogrzebowy\/\",\"name\":\"Asystent Pogrzebowy - Amabilis\",\"isPartOf\":{\"@id\":\"https:\/\/amabilis.sereni.pl\/pl\/#website\"},\"datePublished\":\"2024-09-12T07:21:08+00:00\",\"description\":\"Oferujemy us\u0142ugi transportu zw\u0142ok zar\u00f3wno w Warszawie, jak i na terenie ca\u0142ej Polsce. Transport zw\u0142ok i repatriacja. Dom pogrzebowy Warszawa\",\"inLanguage\":\"pl-PL\",\"potentialAction\":[{\"@type\":\"ReadAction\",\"target\":[\"https:\/\/amabilis.sereni.pl\/pl\/asystent-pogrzebowy\/\"]}]},{\"@type\":\"WebSite\",\"@id\":\"https:\/\/amabilis.sereni.pl\/pl\/#website\",\"url\":\"https:\/\/amabilis.sereni.pl\/pl\/\",\"name\":\"Amabilis\",\"description\":\"Us\u0142ugi pogrzebowe Warszawa\",\"potentialAction\":[{\"@type\":\"SearchAction\",\"target\":{\"@type\":\"EntryPoint\",\"urlTemplate\":\"https:\/\/amabilis.sereni.pl\/pl\/?s={search_term_string}\"},\"query-input\":{\"@type\":\"PropertyValueSpecification\",\"valueRequired\":true,\"valueName\":\"search_term_string\"}}],\"inLanguage\":\"pl-PL\"}]}<\/script>\n<!-- \/ Yoast SEO plugin. -->","yoast_head_json":{"title":"Asystent Pogrzebowy - Amabilis","description":"Oferujemy us\u0142ugi transportu zw\u0142ok zar\u00f3wno w Warszawie, jak i na terenie ca\u0142ej Polsce. Transport zw\u0142ok i repatriacja. Dom pogrzebowy Warszawa","robots":{"index":"index","follow":"follow","max-snippet":"max-snippet:-1","max-image-preview":"max-image-preview:large","max-video-preview":"max-video-preview:-1"},"canonical":"https:\/\/amabilis.sereni.pl\/pl\/asystent-pogrzebowy\/","og_locale":"pl_PL","og_type":"article","og_title":"Asystent Pogrzebowy - Amabilis","og_description":"Oferujemy us\u0142ugi transportu zw\u0142ok zar\u00f3wno w Warszawie, jak i na terenie ca\u0142ej Polsce. Transport zw\u0142ok i repatriacja. Dom pogrzebowy Warszawa","og_url":"https:\/\/amabilis.sereni.pl\/pl\/asystent-pogrzebowy\/","og_site_name":"Amabilis","twitter_card":"summary_large_image","twitter_misc":{"Szacowany czas czytania":"2 minuty"},"schema":{"@context":"https:\/\/schema.org","@graph":[{"@type":"WebPage","@id":"https:\/\/amabilis.sereni.pl\/pl\/asystent-pogrzebowy\/","url":"https:\/\/amabilis.sereni.pl\/pl\/asystent-pogrzebowy\/","name":"Asystent Pogrzebowy - Amabilis","isPartOf":{"@id":"https:\/\/amabilis.sereni.pl\/pl\/#website"},"datePublished":"2024-09-12T07:21:08+00:00","description":"Oferujemy us\u0142ugi transportu zw\u0142ok zar\u00f3wno w Warszawie, jak i na terenie ca\u0142ej Polsce. Transport zw\u0142ok i repatriacja. Dom pogrzebowy Warszawa","inLanguage":"pl-PL","potentialAction":[{"@type":"ReadAction","target":["https:\/\/amabilis.sereni.pl\/pl\/asystent-pogrzebowy\/"]}]},{"@type":"WebSite","@id":"https:\/\/amabilis.sereni.pl\/pl\/#website","url":"https:\/\/amabilis.sereni.pl\/pl\/","name":"Amabilis","description":"Us\u0142ugi pogrzebowe Warszawa","potentialAction":[{"@type":"SearchAction","target":{"@type":"EntryPoint","urlTemplate":"https:\/\/amabilis.sereni.pl\/pl\/?s={search_term_string}"},"query-input":{"@type":"PropertyValueSpecification","valueRequired":true,"valueName":"search_term_string"}}],"inLanguage":"pl-PL"}]}},"_links":{"self":[{"href":"https:\/\/amabilis.sereni.pl\/pl\/wp-json\/wp\/v2\/pages\/3905","targetHints":{"allow":["GET"]}}],"collection":[{"href":"https:\/\/amabilis.sereni.pl\/pl\/wp-json\/wp\/v2\/pages"}],"about":[{"href":"https:\/\/amabilis.sereni.pl\/pl\/wp-json\/wp\/v2\/types\/page"}],"author":[{"embeddable":true,"href":"https:\/\/amabilis.sereni.pl\/pl\/wp-json\/wp\/v2\/users\/106"}],"replies":[{"embeddable":true,"href":"https:\/\/amabilis.sereni.pl\/pl\/wp-json\/wp\/v2\/comments?post=3905"}],"version-history":[{"count":1,"href":"https:\/\/amabilis.sereni.pl\/pl\/wp-json\/wp\/v2\/pages\/3905\/revisions"}],"predecessor-version":[{"id":3908,"href":"https:\/\/amabilis.sereni.pl\/pl\/wp-json\/wp\/v2\/pages\/3905\/revisions\/3908"}],"wp:attachment":[{"href":"https:\/\/amabilis.sereni.pl\/pl\/wp-json\/wp\/v2\/media?parent=3905"}],"curies":[{"name":"wp","href":"https:\/\/api.w.org\/{rel}","templated":true}]}}