{"id":17,"date":"2023-03-10T07:18:55","date_gmt":"2023-03-10T07:18:55","guid":{"rendered":"https:\/\/amabilis.sereni.pl\/?page_id=17"},"modified":"2025-01-31T14:16:58","modified_gmt":"2025-01-31T13:16:58","slug":"contact","status":"publish","type":"page","link":"https:\/\/amabilis.sereni.pl\/pl\/contact\/","title":{"rendered":"Kontakt Dom Pogrzebowy Amabilis"},"content":{"rendered":"\n<div id=\"block-main-banner-block_6babe95abc9b82db264a32b56d1e7cf9\" class=\"block-main-banner\">\n    <div class=\"container\">\n        <div class=\"banner-wrap layout2 content_left content_top\">\n            <div class=\"banner-image\">\n                                                            <img loading=\"lazy\" decoding=\"async\" width=\"1440\" height=\"969\" src=\"https:\/\/shop.sereni.pl\/app\/uploads\/sites\/12\/2023\/11\/0286-1440x969.jpg\" class=\"attachment-full-stretched size-full-stretched\" alt=\"Kontakt Dom Pogrzebowy Amabilis\" srcset=\"https:\/\/shop.sereni.pl\/app\/uploads\/sites\/12\/2023\/11\/0286-1440x969.jpg 1440w, https:\/\/shop.sereni.pl\/app\/uploads\/sites\/12\/2023\/11\/0286-300x202.jpg 300w, https:\/\/shop.sereni.pl\/app\/uploads\/sites\/12\/2023\/11\/0286-1024x689.jpg 1024w, https:\/\/shop.sereni.pl\/app\/uploads\/sites\/12\/2023\/11\/0286-768x517.jpg 768w, https:\/\/shop.sereni.pl\/app\/uploads\/sites\/12\/2023\/11\/0286-1536x1034.jpg 1536w, https:\/\/shop.sereni.pl\/app\/uploads\/sites\/12\/2023\/11\/0286-2048x1378.jpg 2048w, https:\/\/shop.sereni.pl\/app\/uploads\/sites\/12\/2023\/11\/0286-446x300.jpg 446w, https:\/\/shop.sereni.pl\/app\/uploads\/sites\/12\/2023\/11\/0286-1300x875.jpg 1300w\" sizes=\"auto, (max-width: 1440px) 100vw, 1440px\" title=\"Kontakt Dom Pogrzebowy Amabilis\" \/>                                                <\/div>\n\n                            <div class=\"banner-content\">\n                    <div class=\"inner\">\n                        <h3 style=\"text-align: center;\">Jak mo\u017cemy Ci pom\u00f3c?<br \/>\nZapraszamy do kontaktu.<\/h3>\n<h2 style=\"text-align: center;\">Dom Pogrzebowy Amabilis<\/h2>\n<div style=\"text-align: center;\"><a class=\"btn btn-primary\" href=\"tel: +48 667 130 899\">+48 667 130 899<\/a><\/div>\n<p style=\"text-align: center;\"><a class=\"btn btn-primary\" href=\"mailto:amabilis@sereni.pl\">amabilis@sereni.pl<\/a><\/p>\n<p style=\"text-align: center;\"><strong>Partnerskie Domy Pogrzebowe<\/strong><\/p>\n<p style=\"text-align: center;\"><strong>Sereni \u015ar\u00f3dmie\u015bcie<\/strong><br \/>\n<strong>ul. Wilcza 16<\/strong><br \/>\n<strong>00-532, Warszawa<br \/>\n<a href=\"http:\/\/warszawa.sereni.pl\">warszawa.sereni.pl<\/a><br \/>\n<\/strong><a href=\"http:\/\/+48 22 625 42 37\"><strong>+48 22 625 42 37<\/strong><\/a><\/p>\n<p>&nbsp;<\/p>\n<p>&nbsp;<\/p>\n<p>&nbsp;<\/p>\n                    <\/div>\n                <\/div>\n                    <\/div>\n    <\/div>\n<\/div>\n","protected":false},"excerpt":{"rendered":"","protected":false},"author":1,"featured_media":0,"parent":0,"menu_order":0,"comment_status":"closed","ping_status":"closed","template":"","meta":{"_acf_changed":false,"footnotes":""},"class_list":["post-17","page","type-page","status-publish","hentry"],"acf":[],"yoast_head":"<!-- This site is optimized with the Yoast SEO plugin v25.8 - https:\/\/yoast.com\/wordpress\/plugins\/seo\/ -->\n<title>Kontakt Dom Pogrzebowy Amabilis - Amabilis<\/title>\n<meta name=\"description\" content=\"Ca\u0142odobowe pogotowie pogrzebowe Warszawa i okolice. Dom pogrzebowy Amabilis. Us\u0142ugi pogrzebowe w Warszawie na najwy\u017cszym poziomie\" \/>\n<meta name=\"robots\" content=\"index, follow, max-snippet:-1, max-image-preview:large, max-video-preview:-1\" \/>\n<link rel=\"canonical\" href=\"https:\/\/amabilis.sereni.pl\/pl\/contact\/\" \/>\n<meta property=\"og:locale\" content=\"pl_PL\" \/>\n<meta property=\"og:type\" content=\"article\" \/>\n<meta property=\"og:title\" content=\"Kontakt Dom Pogrzebowy Amabilis - Amabilis\" \/>\n<meta property=\"og:description\" content=\"Ca\u0142odobowe pogotowie pogrzebowe Warszawa i okolice. Dom pogrzebowy Amabilis. Us\u0142ugi pogrzebowe w Warszawie na najwy\u017cszym poziomie\" \/>\n<meta property=\"og:url\" content=\"https:\/\/amabilis.sereni.pl\/pl\/contact\/\" \/>\n<meta property=\"og:site_name\" content=\"Amabilis\" \/>\n<meta property=\"article:modified_time\" content=\"2025-01-31T13:16:58+00:00\" \/>\n<meta name=\"twitter:card\" content=\"summary_large_image\" \/>\n<meta name=\"twitter:label1\" content=\"Szacowany czas czytania\" \/>\n\t<meta name=\"twitter:data1\" content=\"1 minuta\" \/>\n<script type=\"application\/ld+json\" class=\"yoast-schema-graph\">{\"@context\":\"https:\/\/schema.org\",\"@graph\":[{\"@type\":\"WebPage\",\"@id\":\"https:\/\/amabilis.sereni.pl\/pl\/contact\/\",\"url\":\"https:\/\/amabilis.sereni.pl\/pl\/contact\/\",\"name\":\"Kontakt Dom Pogrzebowy Amabilis - Amabilis\",\"isPartOf\":{\"@id\":\"https:\/\/amabilis.sereni.pl\/pl\/#website\"},\"datePublished\":\"2023-03-10T07:18:55+00:00\",\"dateModified\":\"2025-01-31T13:16:58+00:00\",\"description\":\"Ca\u0142odobowe pogotowie pogrzebowe Warszawa i okolice. Dom pogrzebowy Amabilis. Us\u0142ugi pogrzebowe w Warszawie na najwy\u017cszym poziomie\",\"inLanguage\":\"pl-PL\",\"potentialAction\":[{\"@type\":\"ReadAction\",\"target\":[\"https:\/\/amabilis.sereni.pl\/pl\/contact\/\"]}]},{\"@type\":\"WebSite\",\"@id\":\"https:\/\/amabilis.sereni.pl\/pl\/#website\",\"url\":\"https:\/\/amabilis.sereni.pl\/pl\/\",\"name\":\"Amabilis\",\"description\":\"Us\u0142ugi pogrzebowe Warszawa\",\"potentialAction\":[{\"@type\":\"SearchAction\",\"target\":{\"@type\":\"EntryPoint\",\"urlTemplate\":\"https:\/\/amabilis.sereni.pl\/pl\/?s={search_term_string}\"},\"query-input\":{\"@type\":\"PropertyValueSpecification\",\"valueRequired\":true,\"valueName\":\"search_term_string\"}}],\"inLanguage\":\"pl-PL\"}]}<\/script>\n<!-- \/ Yoast SEO plugin. -->","yoast_head_json":{"title":"Kontakt Dom Pogrzebowy Amabilis - Amabilis","description":"Ca\u0142odobowe pogotowie pogrzebowe Warszawa i okolice. Dom pogrzebowy Amabilis. Us\u0142ugi pogrzebowe w Warszawie na najwy\u017cszym poziomie","robots":{"index":"index","follow":"follow","max-snippet":"max-snippet:-1","max-image-preview":"max-image-preview:large","max-video-preview":"max-video-preview:-1"},"canonical":"https:\/\/amabilis.sereni.pl\/pl\/contact\/","og_locale":"pl_PL","og_type":"article","og_title":"Kontakt Dom Pogrzebowy Amabilis - Amabilis","og_description":"Ca\u0142odobowe pogotowie pogrzebowe Warszawa i okolice. Dom pogrzebowy Amabilis. Us\u0142ugi pogrzebowe w Warszawie na najwy\u017cszym poziomie","og_url":"https:\/\/amabilis.sereni.pl\/pl\/contact\/","og_site_name":"Amabilis","article_modified_time":"2025-01-31T13:16:58+00:00","twitter_card":"summary_large_image","twitter_misc":{"Szacowany czas czytania":"1 minuta"},"schema":{"@context":"https:\/\/schema.org","@graph":[{"@type":"WebPage","@id":"https:\/\/amabilis.sereni.pl\/pl\/contact\/","url":"https:\/\/amabilis.sereni.pl\/pl\/contact\/","name":"Kontakt Dom Pogrzebowy Amabilis - Amabilis","isPartOf":{"@id":"https:\/\/amabilis.sereni.pl\/pl\/#website"},"datePublished":"2023-03-10T07:18:55+00:00","dateModified":"2025-01-31T13:16:58+00:00","description":"Ca\u0142odobowe pogotowie pogrzebowe Warszawa i okolice. Dom pogrzebowy Amabilis. Us\u0142ugi pogrzebowe w Warszawie na najwy\u017cszym poziomie","inLanguage":"pl-PL","potentialAction":[{"@type":"ReadAction","target":["https:\/\/amabilis.sereni.pl\/pl\/contact\/"]}]},{"@type":"WebSite","@id":"https:\/\/amabilis.sereni.pl\/pl\/#website","url":"https:\/\/amabilis.sereni.pl\/pl\/","name":"Amabilis","description":"Us\u0142ugi pogrzebowe Warszawa","potentialAction":[{"@type":"SearchAction","target":{"@type":"EntryPoint","urlTemplate":"https:\/\/amabilis.sereni.pl\/pl\/?s={search_term_string}"},"query-input":{"@type":"PropertyValueSpecification","valueRequired":true,"valueName":"search_term_string"}}],"inLanguage":"pl-PL"}]}},"_links":{"self":[{"href":"https:\/\/amabilis.sereni.pl\/pl\/wp-json\/wp\/v2\/pages\/17","targetHints":{"allow":["GET"]}}],"collection":[{"href":"https:\/\/amabilis.sereni.pl\/pl\/wp-json\/wp\/v2\/pages"}],"about":[{"href":"https:\/\/amabilis.sereni.pl\/pl\/wp-json\/wp\/v2\/types\/page"}],"author":[{"embeddable":true,"href":"https:\/\/amabilis.sereni.pl\/pl\/wp-json\/wp\/v2\/users\/1"}],"replies":[{"embeddable":true,"href":"https:\/\/amabilis.sereni.pl\/pl\/wp-json\/wp\/v2\/comments?post=17"}],"version-history":[{"count":55,"href":"https:\/\/amabilis.sereni.pl\/pl\/wp-json\/wp\/v2\/pages\/17\/revisions"}],"predecessor-version":[{"id":4046,"href":"https:\/\/amabilis.sereni.pl\/pl\/wp-json\/wp\/v2\/pages\/17\/revisions\/4046"}],"wp:attachment":[{"href":"https:\/\/amabilis.sereni.pl\/pl\/wp-json\/wp\/v2\/media?parent=17"}],"curies":[{"name":"wp","href":"https:\/\/api.w.org\/{rel}","templated":true}]}}