{"id":165,"date":"2023-07-06T11:35:01","date_gmt":"2023-07-06T09:35:01","guid":{"rendered":"https:\/\/amabilis.sereni.pl\/?page_id=165"},"modified":"2023-11-28T18:07:34","modified_gmt":"2023-11-28T17:07:34","slug":"transportu-i-repatriacji","status":"publish","type":"page","link":"https:\/\/amabilis.sereni.pl\/pl\/transportu-i-repatriacji\/","title":{"rendered":"Transport i repatriacja"},"content":{"rendered":"<div id=\"block-variable-content-list-block_284369466f7843e7cce34ef57f62087e\" class=\"block-variable-content-list alt_1\">\n    <div class=\"container\">\n        <div class=\"widget-wrap per_row_2\">\n                        <div class=\"block-content\">\n                                                                                    <div class=\"element\">\n                                                            \n                                                                    <div class=\"image-wrap\">\n                                                                                    <img loading=\"lazy\" decoding=\"async\" width=\"1024\" height=\"640\" src=\"https:\/\/shop.sereni.pl\/app\/uploads\/sites\/12\/2023\/10\/DSCF3933-1-1024x640.jpg\" class=\"attachment-large size-large\" alt=\"Transport i repatriacja\" srcset=\"https:\/\/shop.sereni.pl\/app\/uploads\/sites\/12\/2023\/10\/DSCF3933-1-1024x640.jpg 1024w, https:\/\/shop.sereni.pl\/app\/uploads\/sites\/12\/2023\/10\/DSCF3933-1-300x188.jpg 300w, https:\/\/shop.sereni.pl\/app\/uploads\/sites\/12\/2023\/10\/DSCF3933-1-768x480.jpg 768w, https:\/\/shop.sereni.pl\/app\/uploads\/sites\/12\/2023\/10\/DSCF3933-1-1536x960.jpg 1536w, https:\/\/shop.sereni.pl\/app\/uploads\/sites\/12\/2023\/10\/DSCF3933-1-480x300.jpg 480w, https:\/\/shop.sereni.pl\/app\/uploads\/sites\/12\/2023\/10\/DSCF3933-1-1300x813.jpg 1300w, https:\/\/shop.sereni.pl\/app\/uploads\/sites\/12\/2023\/10\/DSCF3933-1-1440x900.jpg 1440w, https:\/\/shop.sereni.pl\/app\/uploads\/sites\/12\/2023\/10\/DSCF3933-1.jpg 1792w\" sizes=\"auto, (max-width: 1024px) 100vw, 1024px\" title=\"Transport i repatriacja\" \/>                                                                            <\/div>\n                                \n                                                                                    <\/div>\n                                                                    <div class=\"element\">\n                                                            \n                                \n                                                                    <div class=\"content-wrap\">\n                                        <h3>Transport cia\u0142<\/h3>\n<p>\u015awiadczymy us\u0142ugi z zakresu transportu zw\u0142ok do ch\u0142odni. Zajmujemy si\u0119 przewozem (eksportacj\u0105) zmar\u0142ych z mieszka\u0144, dom\u00f3w, dom\u00f3w opieki, szpitali, hospicjum i ka\u017cdego innego miejsca. Dysponujemy samochodami spe\u0142niaj\u0105cymi wszelkie wymagania sanitarne dotycz\u0105ce przewozu zw\u0142ok. Dzia\u0142alno\u015b\u0107 prowadzimy na terenie Warszawy \u2013 Rembertowa, Muranowa, \u015ar\u00f3dmie\u015bcia oraz innych dzielnic. Opr\u00f3cz tego wykonujemy r\u00f3wnie\u017c krajowe i mi\u0119dzynarodowe przewozy os\u00f3b zmar\u0142ych.<\/p>\n<p>Zdajemy sobie spraw\u0119, jak bolesnym do\u015bwiadczeniem jest \u015bmier\u0107 bliskiej osoby. Do\u0142o\u017cymy wszelkich stara\u0144, by odci\u0105\u017cy\u0107 Klient\u00f3w w tych trudnych chwilach. Powierzaj\u0105c nam organizacj\u0119 transportu zw\u0142ok, mog\u0105 by\u0107 Pa\u0144stwo pewni, \u017ce zostan\u0105 dope\u0142nione wszelkie formalno\u015bci. S\u0142u\u017cymy tak\u017ce rad\u0105 i wsparciem w ka\u017cdej innej kwestii dotycz\u0105cej organizacji pogrzebu.<\/p>\n                                    <\/div>\n                                                                                    <\/div>\n                                                <\/div>\n        <\/div>\n    <\/div>\n<\/div>\n\n\n<div id=\"block-variable-content-list-block_ce2973e3ce25bb0db6d27135e9a283c7\" class=\"block-variable-content-list alt_1\">\n    <div class=\"container\">\n        <div class=\"widget-wrap per_row_2\">\n                        <div class=\"block-content\">\n                                                                                    <div class=\"element\">\n                                                            \n                                \n                                                                    <div class=\"content-wrap\">\n                                        <h3>Mi\u0119dzynarodowy transport zw\u0142ok<\/h3>\n<p>Specjalizujemy si\u0119 w mi\u0119dzynarodowym transporcie zw\u0142ok. Przew\u00f3z cia\u0142a osoby zmar\u0142ej zza granicy jest skomplikowany pod wzgl\u0119dem formalnym. Wymaga skompletowania dokumentacji oraz nawi\u0105zania kontaktu z plac\u00f3wkami poza granicami Polski. Nale\u017cy m.in. uzyska\u0107 w Polsce pozwolenie na sprowadzenie zw\u0142ok oraz pozwolenie zagranicznych w\u0142adz lokalnych na transport cia\u0142a. Trzeba ponadto odpowiednio przygotowa\u0107 zw\u0142oki do przewozu.<\/p>\n<p>W ramach us\u0142ugi transportu zw\u0142ok zajmiemy si\u0119 organizacj\u0105 samego procesu przewozu, a tak\u017ce dopilnujemy, by zosta\u0142y dope\u0142nione wszystkie niezb\u0119dne formalno\u015bci. Sporz\u0105dzimy odpowiednie dokumenty i zadbamy o wykonanie niezb\u0119dnych t\u0142umacze\u0144. Za\u0142atwimy zar\u00f3wno formalno\u015bci administracyjne, cmentarne, jak i ubezpieczeniowe zwi\u0105zane z mi\u0119dzynarodowym transportem zw\u0142ok. Na zlecenie rodzin mo\u017cemy odebra\u0107 trumny lub urny z LOT Cargo Warszawa lub innych miejsc.<\/p>\n                                    <\/div>\n                                                                                    <\/div>\n                                                                    <div class=\"element\">\n                                                            \n                                                                    <div class=\"image-wrap\">\n                                                                                    <img loading=\"lazy\" decoding=\"async\" width=\"1024\" height=\"733\" src=\"https:\/\/shop.sereni.pl\/app\/uploads\/sites\/12\/2023\/11\/0030-1-1024x733.jpg\" class=\"attachment-large size-large\" alt=\"Transport i repatriacja\" srcset=\"https:\/\/shop.sereni.pl\/app\/uploads\/sites\/12\/2023\/11\/0030-1-1024x733.jpg 1024w, https:\/\/shop.sereni.pl\/app\/uploads\/sites\/12\/2023\/11\/0030-1-300x215.jpg 300w, https:\/\/shop.sereni.pl\/app\/uploads\/sites\/12\/2023\/11\/0030-1-768x550.jpg 768w, https:\/\/shop.sereni.pl\/app\/uploads\/sites\/12\/2023\/11\/0030-1-1536x1100.jpg 1536w, https:\/\/shop.sereni.pl\/app\/uploads\/sites\/12\/2023\/11\/0030-1-2048x1467.jpg 2048w, https:\/\/shop.sereni.pl\/app\/uploads\/sites\/12\/2023\/11\/0030-1-419x300.jpg 419w, https:\/\/shop.sereni.pl\/app\/uploads\/sites\/12\/2023\/11\/0030-1-1300x931.jpg 1300w, https:\/\/shop.sereni.pl\/app\/uploads\/sites\/12\/2023\/11\/0030-1-1440x1031.jpg 1440w\" sizes=\"auto, (max-width: 1024px) 100vw, 1024px\" title=\"Transport i repatriacja\" \/>                                                                            <\/div>\n                                \n                                                                                    <\/div>\n                                                <\/div>\n        <\/div>\n    <\/div>\n<\/div>\n","protected":false},"excerpt":{"rendered":"","protected":false},"author":1,"featured_media":0,"parent":0,"menu_order":0,"comment_status":"closed","ping_status":"closed","template":"","meta":{"_acf_changed":false,"footnotes":""},"class_list":["post-165","page","type-page","status-publish","hentry"],"acf":[],"yoast_head":"<!-- This site is optimized with the Yoast SEO plugin v25.8 - https:\/\/yoast.com\/wordpress\/plugins\/seo\/ -->\n<title>Transport i repatriacja - Amabilis<\/title>\n<meta name=\"description\" content=\"Oferujemy us\u0142ugi transportu zw\u0142ok zar\u00f3wno w Warszawie, jak i na terenie ca\u0142ej Polsce. Transport zw\u0142ok i repatriacja. Dom pogrzebowy Warszawa\" \/>\n<meta name=\"robots\" content=\"index, follow, max-snippet:-1, max-image-preview:large, max-video-preview:-1\" \/>\n<link rel=\"canonical\" href=\"https:\/\/amabilis.sereni.pl\/pl\/transportu-i-repatriacji\/\" \/>\n<meta property=\"og:locale\" content=\"pl_PL\" \/>\n<meta property=\"og:type\" content=\"article\" \/>\n<meta property=\"og:title\" content=\"Transport i repatriacja - Amabilis\" \/>\n<meta property=\"og:description\" content=\"Oferujemy us\u0142ugi transportu zw\u0142ok zar\u00f3wno w Warszawie, jak i na terenie ca\u0142ej Polsce. Transport zw\u0142ok i repatriacja. Dom pogrzebowy Warszawa\" \/>\n<meta property=\"og:url\" content=\"https:\/\/amabilis.sereni.pl\/pl\/transportu-i-repatriacji\/\" \/>\n<meta property=\"og:site_name\" content=\"Amabilis\" \/>\n<meta property=\"article:modified_time\" content=\"2023-11-28T17:07:34+00:00\" \/>\n<meta name=\"twitter:card\" content=\"summary_large_image\" \/>\n<script type=\"application\/ld+json\" class=\"yoast-schema-graph\">{\"@context\":\"https:\/\/schema.org\",\"@graph\":[{\"@type\":\"WebPage\",\"@id\":\"https:\/\/amabilis.sereni.pl\/pl\/transportu-i-repatriacji\/\",\"url\":\"https:\/\/amabilis.sereni.pl\/pl\/transportu-i-repatriacji\/\",\"name\":\"Transport i repatriacja - Amabilis\",\"isPartOf\":{\"@id\":\"https:\/\/amabilis.sereni.pl\/pl\/#website\"},\"datePublished\":\"2023-07-06T09:35:01+00:00\",\"dateModified\":\"2023-11-28T17:07:34+00:00\",\"description\":\"Oferujemy us\u0142ugi transportu zw\u0142ok zar\u00f3wno w Warszawie, jak i na terenie ca\u0142ej Polsce. Transport zw\u0142ok i repatriacja. Dom pogrzebowy Warszawa\",\"inLanguage\":\"pl-PL\",\"potentialAction\":[{\"@type\":\"ReadAction\",\"target\":[\"https:\/\/amabilis.sereni.pl\/pl\/transportu-i-repatriacji\/\"]}]},{\"@type\":\"WebSite\",\"@id\":\"https:\/\/amabilis.sereni.pl\/pl\/#website\",\"url\":\"https:\/\/amabilis.sereni.pl\/pl\/\",\"name\":\"Amabilis\",\"description\":\"Us\u0142ugi pogrzebowe Warszawa\",\"potentialAction\":[{\"@type\":\"SearchAction\",\"target\":{\"@type\":\"EntryPoint\",\"urlTemplate\":\"https:\/\/amabilis.sereni.pl\/pl\/?s={search_term_string}\"},\"query-input\":{\"@type\":\"PropertyValueSpecification\",\"valueRequired\":true,\"valueName\":\"search_term_string\"}}],\"inLanguage\":\"pl-PL\"}]}<\/script>\n<!-- \/ Yoast SEO plugin. -->","yoast_head_json":{"title":"Transport i repatriacja - Amabilis","description":"Oferujemy us\u0142ugi transportu zw\u0142ok zar\u00f3wno w Warszawie, jak i na terenie ca\u0142ej Polsce. Transport zw\u0142ok i repatriacja. Dom pogrzebowy Warszawa","robots":{"index":"index","follow":"follow","max-snippet":"max-snippet:-1","max-image-preview":"max-image-preview:large","max-video-preview":"max-video-preview:-1"},"canonical":"https:\/\/amabilis.sereni.pl\/pl\/transportu-i-repatriacji\/","og_locale":"pl_PL","og_type":"article","og_title":"Transport i repatriacja - Amabilis","og_description":"Oferujemy us\u0142ugi transportu zw\u0142ok zar\u00f3wno w Warszawie, jak i na terenie ca\u0142ej Polsce. Transport zw\u0142ok i repatriacja. Dom pogrzebowy Warszawa","og_url":"https:\/\/amabilis.sereni.pl\/pl\/transportu-i-repatriacji\/","og_site_name":"Amabilis","article_modified_time":"2023-11-28T17:07:34+00:00","twitter_card":"summary_large_image","schema":{"@context":"https:\/\/schema.org","@graph":[{"@type":"WebPage","@id":"https:\/\/amabilis.sereni.pl\/pl\/transportu-i-repatriacji\/","url":"https:\/\/amabilis.sereni.pl\/pl\/transportu-i-repatriacji\/","name":"Transport i repatriacja - Amabilis","isPartOf":{"@id":"https:\/\/amabilis.sereni.pl\/pl\/#website"},"datePublished":"2023-07-06T09:35:01+00:00","dateModified":"2023-11-28T17:07:34+00:00","description":"Oferujemy us\u0142ugi transportu zw\u0142ok zar\u00f3wno w Warszawie, jak i na terenie ca\u0142ej Polsce. Transport zw\u0142ok i repatriacja. Dom pogrzebowy Warszawa","inLanguage":"pl-PL","potentialAction":[{"@type":"ReadAction","target":["https:\/\/amabilis.sereni.pl\/pl\/transportu-i-repatriacji\/"]}]},{"@type":"WebSite","@id":"https:\/\/amabilis.sereni.pl\/pl\/#website","url":"https:\/\/amabilis.sereni.pl\/pl\/","name":"Amabilis","description":"Us\u0142ugi pogrzebowe Warszawa","potentialAction":[{"@type":"SearchAction","target":{"@type":"EntryPoint","urlTemplate":"https:\/\/amabilis.sereni.pl\/pl\/?s={search_term_string}"},"query-input":{"@type":"PropertyValueSpecification","valueRequired":true,"valueName":"search_term_string"}}],"inLanguage":"pl-PL"}]}},"_links":{"self":[{"href":"https:\/\/amabilis.sereni.pl\/pl\/wp-json\/wp\/v2\/pages\/165","targetHints":{"allow":["GET"]}}],"collection":[{"href":"https:\/\/amabilis.sereni.pl\/pl\/wp-json\/wp\/v2\/pages"}],"about":[{"href":"https:\/\/amabilis.sereni.pl\/pl\/wp-json\/wp\/v2\/types\/page"}],"author":[{"embeddable":true,"href":"https:\/\/amabilis.sereni.pl\/pl\/wp-json\/wp\/v2\/users\/1"}],"replies":[{"embeddable":true,"href":"https:\/\/amabilis.sereni.pl\/pl\/wp-json\/wp\/v2\/comments?post=165"}],"version-history":[{"count":26,"href":"https:\/\/amabilis.sereni.pl\/pl\/wp-json\/wp\/v2\/pages\/165\/revisions"}],"predecessor-version":[{"id":3366,"href":"https:\/\/amabilis.sereni.pl\/pl\/wp-json\/wp\/v2\/pages\/165\/revisions\/3366"}],"wp:attachment":[{"href":"https:\/\/amabilis.sereni.pl\/pl\/wp-json\/wp\/v2\/media?parent=165"}],"curies":[{"name":"wp","href":"https:\/\/api.w.org\/{rel}","templated":true}]}}