{"id":163,"date":"2023-07-06T11:33:42","date_gmt":"2023-07-06T09:33:42","guid":{"rendered":"https:\/\/amabilis.sereni.pl\/?page_id=163"},"modified":"2023-11-28T17:55:04","modified_gmt":"2023-11-28T16:55:04","slug":"co-zrobic-utrata-bliskiego","status":"publish","type":"page","link":"https:\/\/amabilis.sereni.pl\/pl\/co-zrobic-utrata-bliskiego\/","title":{"rendered":"Co zrobi\u0107 po \u015bmierci bliskiej osoby?"},"content":{"rendered":"\n<div id=\"block-main-banner-block_cb008d725fa6bd58f20a490156eeb6e9\" class=\"block-main-banner\">\n    <div class=\"container\">\n        <div class=\"banner-wrap layout2 content_right content_top\">\n            <div class=\"banner-image\">\n                                                            <img loading=\"lazy\" decoding=\"async\" width=\"947\" height=\"1440\" src=\"https:\/\/shop.sereni.pl\/app\/uploads\/sites\/12\/2023\/11\/0033-1-947x1440.jpg\" class=\"attachment-full-stretched size-full-stretched\" alt=\"Co zrobi\u0107 po \u015bmierci bliskiej osoby?\" srcset=\"https:\/\/shop.sereni.pl\/app\/uploads\/sites\/12\/2023\/11\/0033-1-947x1440.jpg 947w, https:\/\/shop.sereni.pl\/app\/uploads\/sites\/12\/2023\/11\/0033-1-197x300.jpg 197w, https:\/\/shop.sereni.pl\/app\/uploads\/sites\/12\/2023\/11\/0033-1-673x1024.jpg 673w, https:\/\/shop.sereni.pl\/app\/uploads\/sites\/12\/2023\/11\/0033-1-768x1168.jpg 768w, https:\/\/shop.sereni.pl\/app\/uploads\/sites\/12\/2023\/11\/0033-1-1010x1536.jpg 1010w, https:\/\/shop.sereni.pl\/app\/uploads\/sites\/12\/2023\/11\/0033-1-1347x2048.jpg 1347w, https:\/\/shop.sereni.pl\/app\/uploads\/sites\/12\/2023\/11\/0033-1-855x1300.jpg 855w, https:\/\/shop.sereni.pl\/app\/uploads\/sites\/12\/2023\/11\/0033-1.jpg 1610w\" sizes=\"auto, (max-width: 947px) 100vw, 947px\" title=\"Co zrobi\u0107 po \u015bmierci bliskiej osoby?\" \/>                                                <\/div>\n\n                            <div class=\"banner-content\">\n                    <div class=\"inner\">\n                        <h3>Kluczowe kroki?<\/h3>\n<ul>\n<li>Skontaktuj si\u0119 z lekarzem rodzinnym lub pogotowiem ratunkowym, kt\u00f3rzy wystawi\u0105 akt zgonu.<\/li>\n<li>Powiadom nas jako wybranego przez siebie przedsi\u0119biorc\u0119 pogrzebowego, kt\u00f3ry pomo\u017ce Ci we wszystkich dalszych krokach.<\/li>\n<li style=\"text-align: left;\">Mo\u017cesz si\u0119 z nami skontaktowa\u0107 s osobi\u015bcie w dzie\u0144 i w nocy pod numerami telefonu<\/li>\n<\/ul>\n<p style=\"text-align: center;\"><strong><br \/>\n<a class=\"btn btn-primary\" href=\"tel: +48 667 130 899\">+48 667 130 899<\/a><\/strong><\/p>\n<h3>Jakie dokumenty b\u0119d\u0105 potrzebne, \u017ceby Ci w pe\u0142ni pom\u00f3c<\/h3>\n<ul>\n<li>Dow\u00f3d to\u017csamo\u015bci lub za\u015bwiadczenie o rejestracji osoby zmar\u0142ej<\/li>\n<li>Karta zgonu lub \u015bwiadectwo sekcji zw\u0142ok (wydane przez lekarza)<\/li>\n<li>Akt ma\u0142\u017ce\u0144stwa, lub urodzenia pozwalaj\u0105cy ustali\u0107 pokrewie\u0144stwo do osoby zmar\u0142ej<\/li>\n<li>Dow\u00f3d osobisty osoby zg\u0142aszaj\u0105cej zgon lub organizuj\u0105cej pogrzeb<\/li>\n<li>Karta ubezpieczeniowa zak\u0142adu ubezpiecze\u0144 zdrowotnych, je\u015bli dotyczy polisy ubezpieczeniowej<\/li>\n<li><span style=\"color: #000000;\">Umowa o \u015bwiadczenie pogrzebowe, je\u015bli jest dost\u0119pna<\/span><\/li>\n<\/ul>\n<p>W przypadku je\u015bli dokumenty nie s\u0105 dost\u0119pne, ch\u0119tnie pomo\u017cemy w ich uzyskaniu.<\/p>\n                    <\/div>\n                <\/div>\n                    <\/div>\n    <\/div>\n<\/div>\n\n\n<div id=\"block-variable-content-list-block_cbbb4e646485ee8b1a6cbb6eb0264267\" class=\"block-variable-content-list alt_1\">\n    <div class=\"container\">\n        <div class=\"widget-wrap per_row_2\">\n                        <div class=\"block-content\">\n                                                                                    <div class=\"element\">\n                                                            \n                                \n                                                                                    <\/div>\n                                                <\/div>\n        <\/div>\n    <\/div>\n<\/div>\n\n\n<div id=\"block-variable-content-list-block_8623b9783ce85f7e3e926d13c06b6e9b\" class=\"block-variable-content-list aligncenter alt_1\">\n    <div class=\"container\">\n        <div class=\"widget-wrap per_row_2\">\n                            <div class=\"block-heading\">\n                    <span class=\"heading\">Co zrobi\u0107 w przypadku \u015bmierci bliskiego? &#8211; pe\u0142ny zakres informacji<\/span>\n                <\/div>\n                        <div class=\"block-content\">\n                                                                                    <div class=\"element\">\n                                                            \n                                \n                                                                    <div class=\"content-wrap\">\n                                        <h3>Je\u017celi zgon nast\u0105pi\u0142 w domu:<\/h3>\n<ol>\n<li>Nale\u017cy wezwa\u0107 lekarza rodzinnego, w\u00a0celu stwierdzenia zgonu i\u00a0wydania karty statystycznej.<\/li>\n<li>Zadzwoni\u0107 do nas pod ca\u0142odobowy numer +48 667 130 899 w celu zabrania cia\u0142a osoby zmar\u0142ej z domu i um\u00f3wienia spotkania w punkcie Domu Pogrzebowego lub w innej lokalizacji w Warszawie.<\/li>\n<li>Cia\u0142o osoby zmar\u0142ej mo\u017cna zabra\u0107 po\u00a0up\u0142ywie 2-3 godzin od\u00a0chwili zgonu w\u00a0domu. Je\u015bli jest to\u00a0\u015brodek nocy, prosz\u0119 zadzwoni\u0107 a\u00a0nasz zesp\u00f3\u0142 przyjedzie do\u00a0domu i\u00a0pomo\u017ce w\u00a0organizacji.<\/li>\n<li>Z\u00a0kart\u0105 statystyczn\u0105 zgonu uda\u0107 si\u0119 do\u00a0Urz\u0119du Stanu Cywilnego i\u00a0odebra\u0107 Akt Zgonu.<\/li>\n<li>Przyj\u015b\u0107 do jednego z naszych punkt\u00f3w w Warszawie lub do innego um\u00f3wionego miejsca w Warszawie, w ramach us\u0142ugi biura mobilnego, w celu za\u0142atwienia wszelkich formalno\u015bci zwi\u0105zanych z organizacj\u0105 pogrzebu, np. ustalenie dnia i godziny ceremonii, wyb\u00f3r rodzaju poch\u00f3wku (tradycyjny, kremacja), itd.<\/li>\n<li>Je\u015bli potrzebujecie Pa\u0144stwo ubranie dla osoby zmar\u0142ej, posiadamy szeroki wyb\u00f3r w\u00a0biurze, tak\u017ce zapraszamy aby wszystko ustali\u0107.<\/li>\n<li>Wiadomo\u015b\u0107, \u017ce w\u0142a\u015bnie stracili Pa\u0144stwo ukochan\u0105 osob\u0119, mo\u017ce by\u0107 ci\u0119\u017ckim ciosem. Dajcie sobie wi\u0119c troch\u0119 czasu, aby oswoi\u0107 si\u0119 z t\u0105 my\u015bl\u0105 i uwolni\u0107 si\u0119 od \u017calu.<\/li>\n<li>Poinformujcie najbli\u017csz\u0105 rodzin\u0119 i wszystkich przyjaci\u00f3\u0142, kt\u00f3rzy mog\u0105 chcie\u0107 przyj\u015b\u0107 si\u0119 po\u017cegna\u0107.<\/li>\n<li>B\u0119dziemy wspiera\u0107 Pa\u0144stwa przez ca\u0142y ten proces. Przestrze\u0144 i czas na proces \u017ca\u0142oby s\u0105 niezb\u0119dne. Smutek i strata potrzebuj\u0105 miejsca.<\/li>\n<li>Zapewniamy kompleksowe wsparcie administracyjne i finansowe. Nasi doradcy wespr\u0105 Pa\u0144stwa przez ca\u0142y proces, nawet po pogrzebie.<\/li>\n<\/ol>\n                                    <\/div>\n                                                                                    <\/div>\n                                                                    <div class=\"element\">\n                                                            \n                                \n                                                                    <div class=\"content-wrap\">\n                                        <h3>Je\u017celi zgon nast\u0105pi\u0142 w szpitalu:<\/h3>\n<p><i>*w czasach pandemii procedura ta mo\u017ce si\u0119 nieco r\u00f3\u017cni\u0107, je\u015bli macie Pa\u0144stwo pytania \u2013 prosimy o kontakt telefoniczny do biura <a href=\"tel:+48 667 130 899\">+48 667 130 899<\/a><\/i><\/p>\n<ol>\n<li>Kart\u0119 statystyczn\u0105 zgonu odebra\u0107 na\u00a0oddziale szpitala lub w\u00a0specjalnie wyznaczonym do\u00a0tego miejscu w\u00a0danym szpitalu.<\/li>\n<li>Zadzwoni\u0107 do nas pod ca\u0142odobowy numer +48 667 130 899 w celu um\u00f3wienia spotkania w punkcie Domu Pogrzebowego lub w innej lokalizacji w Warszawie.<\/li>\n<li>Z\u00a0kart\u0105 statystyczn\u0105 zgonu uda\u0107 si\u0119 do\u00a0Urz\u0119du Stanu Cywilnego\u00a0 i\u00a0odebra\u0107 Akt Zgonu.<\/li>\n<li>Wybra\u0107 Zak\u0142ad Pogrzebowy w\u00a0celu za\u0142atwienia wszelkich formalno\u015bci zwi\u0105zanych z\u00a0organizacj\u0105 pogrzebu.<\/li>\n<li>Przyj\u015b\u0107 do nas do punktu Domu Pogrzebowego w Warszawie lub do innego um\u00f3wionego miejsca w Warszawie, w ramach us\u0142ugi biura mobilnego, w celu za\u0142atwienia wszelkich formalno\u015bci zwi\u0105zanych z organizacj\u0105 pogrzebu, np. ustalenie dnia i godziny ceremonii, wyb\u00f3r rodzaju poch\u00f3wku (tradycyjny, kremacja), itd.<\/li>\n<li>Je\u015bli potrzebujecie Pa\u0144stwo ubranie dla osoby zmar\u0142ej, posiadamy szeroki wyb\u00f3r w\u00a0biurze, tak\u017ce zapraszamy aby wszystko ustali\u0107.<\/li>\n<\/ol>\n<p>*Cia\u0142o osoby zmar\u0142ej ze\u00a0szpitala odbieramy w\u00a0dzie\u0144 pogrzebu lub w\u00a0dzie\u0144 kremacji.<\/p>\n                                    <\/div>\n                                                                                    <\/div>\n                                                <\/div>\n        <\/div>\n    <\/div>\n<\/div>\n\n\n\n<div id=\"block-main-banner-block_907963a135e5eb3f8529476b2ffc4fae\" class=\"block-main-banner\">\n    <div class=\"container\">\n        <div class=\"banner-wrap layout2 content_right content_top\">\n            <div class=\"banner-image\">\n                                                            <img loading=\"lazy\" decoding=\"async\" width=\"1440\" height=\"952\" src=\"https:\/\/shop.sereni.pl\/app\/uploads\/sites\/12\/2023\/11\/0238-1-1440x952.jpg\" class=\"attachment-full-stretched size-full-stretched\" alt=\"Co zrobi\u0107 po \u015bmierci bliskiej osoby?\" srcset=\"https:\/\/shop.sereni.pl\/app\/uploads\/sites\/12\/2023\/11\/0238-1-1440x952.jpg 1440w, https:\/\/shop.sereni.pl\/app\/uploads\/sites\/12\/2023\/11\/0238-1-300x198.jpg 300w, https:\/\/shop.sereni.pl\/app\/uploads\/sites\/12\/2023\/11\/0238-1-1024x677.jpg 1024w, https:\/\/shop.sereni.pl\/app\/uploads\/sites\/12\/2023\/11\/0238-1-768x508.jpg 768w, https:\/\/shop.sereni.pl\/app\/uploads\/sites\/12\/2023\/11\/0238-1-1536x1016.jpg 1536w, https:\/\/shop.sereni.pl\/app\/uploads\/sites\/12\/2023\/11\/0238-1-2048x1354.jpg 2048w, https:\/\/shop.sereni.pl\/app\/uploads\/sites\/12\/2023\/11\/0238-1-454x300.jpg 454w, https:\/\/shop.sereni.pl\/app\/uploads\/sites\/12\/2023\/11\/0238-1-1300x860.jpg 1300w\" sizes=\"auto, (max-width: 1440px) 100vw, 1440px\" title=\"Co zrobi\u0107 po \u015bmierci bliskiej osoby?\" \/>                                                <\/div>\n\n                            <div class=\"banner-content\">\n                    <div class=\"inner\">\n                        <p>Je\u015bli jeste\u015bcie Pa\u0144stwo w tej trudnej i delikatnej sytuacji prosz\u0119 przyj\u0105\u0107 od nas g\u0142\u0119bokie wyrazy wsp\u00f3\u0142czucia, my r\u00f3wnie\u017c stracili\u015bmy najbli\u017csze osoby wi\u0119c wiemy jaki jest to wielki b\u00f3l i strata. Pomagamy rodzinom w tych momentach ju\u017c kilkadziesi\u0105t lat i z wielkim szacunkiem i godno\u015bci\u0105 pomo\u017cemy te\u017c Pa\u0144stwu. Zapraszamy do kontaktu pod ca\u0142odobowy numer telefonu <a href=\"tel:+48 667 130 899\">+48 667 130 899<\/a>.<\/p>\n                    <\/div>\n                <\/div>\n                    <\/div>\n    <\/div>\n<\/div>\n\n\n\n<p class=\"normal\"><\/p>\n","protected":false},"excerpt":{"rendered":"","protected":false},"author":1,"featured_media":0,"parent":0,"menu_order":0,"comment_status":"closed","ping_status":"closed","template":"","meta":{"_acf_changed":false,"footnotes":""},"class_list":["post-163","page","type-page","status-publish","hentry"],"acf":[],"yoast_head":"<!-- This site is optimized with the Yoast SEO plugin v25.8 - https:\/\/yoast.com\/wordpress\/plugins\/seo\/ -->\n<title>Co zrobi\u0107 po \u015bmierci bliskiej osoby?<\/title>\n<meta name=\"description\" content=\"Warszawa Pogrzeby. Oferujemy szeroki zakres us\u0142ug pogrzebowych na terenie Warszawy i okolic. Poradnik &quot;co zrobi\u0107&quot; w przypadku \u015bmierci bliskiej osoby.\" \/>\n<meta name=\"robots\" content=\"index, follow, max-snippet:-1, max-image-preview:large, max-video-preview:-1\" \/>\n<link rel=\"canonical\" href=\"https:\/\/amabilis.sereni.pl\/pl\/co-zrobic-utrata-bliskiego\/\" \/>\n<meta property=\"og:locale\" content=\"pl_PL\" \/>\n<meta property=\"og:type\" content=\"article\" \/>\n<meta property=\"og:title\" content=\"Co zrobi\u0107 po \u015bmierci bliskiej osoby?\" \/>\n<meta property=\"og:description\" content=\"Warszawa Pogrzeby. Oferujemy szeroki zakres us\u0142ug pogrzebowych na terenie Warszawy i okolic. Poradnik &quot;co zrobi\u0107&quot; w przypadku \u015bmierci bliskiej osoby.\" \/>\n<meta property=\"og:url\" content=\"https:\/\/amabilis.sereni.pl\/pl\/co-zrobic-utrata-bliskiego\/\" \/>\n<meta property=\"og:site_name\" content=\"Amabilis\" \/>\n<meta property=\"article:modified_time\" content=\"2023-11-28T16:55:04+00:00\" \/>\n<meta name=\"twitter:card\" content=\"summary_large_image\" \/>\n<script type=\"application\/ld+json\" class=\"yoast-schema-graph\">{\"@context\":\"https:\/\/schema.org\",\"@graph\":[{\"@type\":\"WebPage\",\"@id\":\"https:\/\/amabilis.sereni.pl\/pl\/co-zrobic-utrata-bliskiego\/\",\"url\":\"https:\/\/amabilis.sereni.pl\/pl\/co-zrobic-utrata-bliskiego\/\",\"name\":\"Co zrobi\u0107 po \u015bmierci bliskiej osoby?\",\"isPartOf\":{\"@id\":\"https:\/\/amabilis.sereni.pl\/pl\/#website\"},\"datePublished\":\"2023-07-06T09:33:42+00:00\",\"dateModified\":\"2023-11-28T16:55:04+00:00\",\"description\":\"Warszawa Pogrzeby. Oferujemy szeroki zakres us\u0142ug pogrzebowych na terenie Warszawy i okolic. Poradnik \\\"co zrobi\u0107\\\" w przypadku \u015bmierci bliskiej osoby.\",\"inLanguage\":\"pl-PL\",\"potentialAction\":[{\"@type\":\"ReadAction\",\"target\":[\"https:\/\/amabilis.sereni.pl\/pl\/co-zrobic-utrata-bliskiego\/\"]}]},{\"@type\":\"WebSite\",\"@id\":\"https:\/\/amabilis.sereni.pl\/pl\/#website\",\"url\":\"https:\/\/amabilis.sereni.pl\/pl\/\",\"name\":\"Amabilis\",\"description\":\"Us\u0142ugi pogrzebowe Warszawa\",\"potentialAction\":[{\"@type\":\"SearchAction\",\"target\":{\"@type\":\"EntryPoint\",\"urlTemplate\":\"https:\/\/amabilis.sereni.pl\/pl\/?s={search_term_string}\"},\"query-input\":{\"@type\":\"PropertyValueSpecification\",\"valueRequired\":true,\"valueName\":\"search_term_string\"}}],\"inLanguage\":\"pl-PL\"}]}<\/script>\n<!-- \/ Yoast SEO plugin. -->","yoast_head_json":{"title":"Co zrobi\u0107 po \u015bmierci bliskiej osoby?","description":"Warszawa Pogrzeby. Oferujemy szeroki zakres us\u0142ug pogrzebowych na terenie Warszawy i okolic. Poradnik \"co zrobi\u0107\" w przypadku \u015bmierci bliskiej osoby.","robots":{"index":"index","follow":"follow","max-snippet":"max-snippet:-1","max-image-preview":"max-image-preview:large","max-video-preview":"max-video-preview:-1"},"canonical":"https:\/\/amabilis.sereni.pl\/pl\/co-zrobic-utrata-bliskiego\/","og_locale":"pl_PL","og_type":"article","og_title":"Co zrobi\u0107 po \u015bmierci bliskiej osoby?","og_description":"Warszawa Pogrzeby. Oferujemy szeroki zakres us\u0142ug pogrzebowych na terenie Warszawy i okolic. Poradnik \"co zrobi\u0107\" w przypadku \u015bmierci bliskiej osoby.","og_url":"https:\/\/amabilis.sereni.pl\/pl\/co-zrobic-utrata-bliskiego\/","og_site_name":"Amabilis","article_modified_time":"2023-11-28T16:55:04+00:00","twitter_card":"summary_large_image","schema":{"@context":"https:\/\/schema.org","@graph":[{"@type":"WebPage","@id":"https:\/\/amabilis.sereni.pl\/pl\/co-zrobic-utrata-bliskiego\/","url":"https:\/\/amabilis.sereni.pl\/pl\/co-zrobic-utrata-bliskiego\/","name":"Co zrobi\u0107 po \u015bmierci bliskiej osoby?","isPartOf":{"@id":"https:\/\/amabilis.sereni.pl\/pl\/#website"},"datePublished":"2023-07-06T09:33:42+00:00","dateModified":"2023-11-28T16:55:04+00:00","description":"Warszawa Pogrzeby. Oferujemy szeroki zakres us\u0142ug pogrzebowych na terenie Warszawy i okolic. Poradnik \"co zrobi\u0107\" w przypadku \u015bmierci bliskiej osoby.","inLanguage":"pl-PL","potentialAction":[{"@type":"ReadAction","target":["https:\/\/amabilis.sereni.pl\/pl\/co-zrobic-utrata-bliskiego\/"]}]},{"@type":"WebSite","@id":"https:\/\/amabilis.sereni.pl\/pl\/#website","url":"https:\/\/amabilis.sereni.pl\/pl\/","name":"Amabilis","description":"Us\u0142ugi pogrzebowe Warszawa","potentialAction":[{"@type":"SearchAction","target":{"@type":"EntryPoint","urlTemplate":"https:\/\/amabilis.sereni.pl\/pl\/?s={search_term_string}"},"query-input":{"@type":"PropertyValueSpecification","valueRequired":true,"valueName":"search_term_string"}}],"inLanguage":"pl-PL"}]}},"_links":{"self":[{"href":"https:\/\/amabilis.sereni.pl\/pl\/wp-json\/wp\/v2\/pages\/163","targetHints":{"allow":["GET"]}}],"collection":[{"href":"https:\/\/amabilis.sereni.pl\/pl\/wp-json\/wp\/v2\/pages"}],"about":[{"href":"https:\/\/amabilis.sereni.pl\/pl\/wp-json\/wp\/v2\/types\/page"}],"author":[{"embeddable":true,"href":"https:\/\/amabilis.sereni.pl\/pl\/wp-json\/wp\/v2\/users\/1"}],"replies":[{"embeddable":true,"href":"https:\/\/amabilis.sereni.pl\/pl\/wp-json\/wp\/v2\/comments?post=163"}],"version-history":[{"count":103,"href":"https:\/\/amabilis.sereni.pl\/pl\/wp-json\/wp\/v2\/pages\/163\/revisions"}],"predecessor-version":[{"id":1713,"href":"https:\/\/amabilis.sereni.pl\/pl\/wp-json\/wp\/v2\/pages\/163\/revisions\/1713"}],"wp:attachment":[{"href":"https:\/\/amabilis.sereni.pl\/pl\/wp-json\/wp\/v2\/media?parent=163"}],"curies":[{"name":"wp","href":"https:\/\/api.w.org\/{rel}","templated":true}]}}