{"id":159,"date":"2023-07-06T11:31:35","date_gmt":"2023-07-06T09:31:35","guid":{"rendered":"https:\/\/amabilis.sereni.pl\/?page_id=159"},"modified":"2023-11-28T18:04:51","modified_gmt":"2023-11-28T17:04:51","slug":"kremacja","status":"publish","type":"page","link":"https:\/\/amabilis.sereni.pl\/pl\/kremacja\/","title":{"rendered":"Poch\u00f3wek urnowy"},"content":{"rendered":"\n<div id=\"block-main-banner-block_266c9fda2428135828ca3dc3bc386c1d\" class=\"block-main-banner\">\n    <div class=\"container\">\n        <div class=\"banner-wrap layout2 content_right content_top\">\n            <div class=\"banner-image\">\n                                                            <img loading=\"lazy\" decoding=\"async\" width=\"1440\" height=\"952\" src=\"https:\/\/shop.sereni.pl\/app\/uploads\/sites\/12\/2023\/11\/0238-2-1440x952.jpg\" class=\"attachment-full-stretched size-full-stretched\" alt=\"Poch\u00f3wek urnowy\" srcset=\"https:\/\/shop.sereni.pl\/app\/uploads\/sites\/12\/2023\/11\/0238-2-1440x952.jpg 1440w, https:\/\/shop.sereni.pl\/app\/uploads\/sites\/12\/2023\/11\/0238-2-300x198.jpg 300w, https:\/\/shop.sereni.pl\/app\/uploads\/sites\/12\/2023\/11\/0238-2-1024x677.jpg 1024w, https:\/\/shop.sereni.pl\/app\/uploads\/sites\/12\/2023\/11\/0238-2-768x508.jpg 768w, https:\/\/shop.sereni.pl\/app\/uploads\/sites\/12\/2023\/11\/0238-2-1536x1016.jpg 1536w, https:\/\/shop.sereni.pl\/app\/uploads\/sites\/12\/2023\/11\/0238-2-2048x1354.jpg 2048w, https:\/\/shop.sereni.pl\/app\/uploads\/sites\/12\/2023\/11\/0238-2-454x300.jpg 454w, https:\/\/shop.sereni.pl\/app\/uploads\/sites\/12\/2023\/11\/0238-2-1300x860.jpg 1300w\" sizes=\"auto, (max-width: 1440px) 100vw, 1440px\" title=\"Poch\u00f3wek urnowy\" \/>                                                <\/div>\n\n                            <div class=\"banner-content\">\n                    <div class=\"inner\">\n                        <h3>Pogrzeb z kremacj\u0105<\/h3>\n<p>Organizujemy zar\u00f3wno pogrzeby tradycyjne z trumn\u0105, jak i na \u017cyczenie Klienta poddajemy zmar\u0142ego wcze\u015bniejszej kremacji. Bliskich zmar\u0142ego wspieramy przy podejmowaniu tych trudnych decyzji. Przed samym procesem kremacji dbamy o przygotowanie i dope\u0142nienie kwestii formalnych, a nast\u0119pnie organizujemy uroczyste po\u017cegnanie zmar\u0142ego, wedle koncepcji Klienta.<\/p>\n<p>Coraz cz\u0119stsz\u0105 alternatyw\u0105 wobec tradycyjnego poch\u00f3wku jest decyzja o kremacji \u2013 m.in. dlatego, \u017ce jest to rozwi\u0105zanie mniej k\u0142opotliwe, zwa\u017cywszy na ograniczon\u0105 powierzchni\u0119 cmentarzy. Nasz zak\u0142ad przewiduje realizacj\u0119 zlece\u0144 kremacji na \u017cyczenie Klienta. W naszej ofercie posiadamy specjalne trumny kremacyjne, przygotowane do spopielenia zw\u0142ok.<\/p>\n<p>W ramach pogrzebu kremacyjnego zapewniamy:<\/p>\n<ul>\n<li>Transport cia\u0142a do krematorium<\/li>\n<li>Przechowanie cia\u0142a zmar\u0142ej osoby<\/li>\n<li>Trumny do kremacji dost\u0119pne na miejscu<\/li>\n<li>Przygotowanie ostatniego po\u017cegnania<\/li>\n<li>Obs\u0142ug\u0119 ceremonii spalenia<\/li>\n<li>Szeroki wyb\u00f3r urn<\/li>\n<li>Umieszczenie popio\u0142\u00f3w zmar\u0142ego w urnie<\/li>\n<li>Przygotowanie poch\u00f3wku na cmentarzu<\/li>\n<\/ul>\n<p>&nbsp;<\/p>\n                    <\/div>\n                <\/div>\n                    <\/div>\n    <\/div>\n<\/div>\n\n\n\n<div id=\"block-main-banner-block_97c87c3e1a74ed6e5b79254f77ebcd72\" class=\"block-main-banner\">\n    <div class=\"container\">\n        <div class=\"banner-wrap layout2 content_right content_top\">\n            <div class=\"banner-image\">\n                                                            <img loading=\"lazy\" decoding=\"async\" width=\"1440\" height=\"757\" src=\"https:\/\/shop.sereni.pl\/app\/uploads\/sites\/12\/2023\/08\/CMS_Nekrolog_4841-e1693467846519-1440x757.jpg\" class=\"attachment-full-stretched size-full-stretched\" alt=\"Poch\u00f3wek urnowy\" srcset=\"https:\/\/shop.sereni.pl\/app\/uploads\/sites\/12\/2023\/08\/CMS_Nekrolog_4841-e1693467846519-1440x757.jpg 1440w, https:\/\/shop.sereni.pl\/app\/uploads\/sites\/12\/2023\/08\/CMS_Nekrolog_4841-e1693467846519-300x158.jpg 300w, https:\/\/shop.sereni.pl\/app\/uploads\/sites\/12\/2023\/08\/CMS_Nekrolog_4841-e1693467846519-1024x538.jpg 1024w, https:\/\/shop.sereni.pl\/app\/uploads\/sites\/12\/2023\/08\/CMS_Nekrolog_4841-e1693467846519-768x404.jpg 768w, https:\/\/shop.sereni.pl\/app\/uploads\/sites\/12\/2023\/08\/CMS_Nekrolog_4841-e1693467846519-1536x807.jpg 1536w, https:\/\/shop.sereni.pl\/app\/uploads\/sites\/12\/2023\/08\/CMS_Nekrolog_4841-e1693467846519-500x263.jpg 500w, https:\/\/shop.sereni.pl\/app\/uploads\/sites\/12\/2023\/08\/CMS_Nekrolog_4841-e1693467846519-1300x683.jpg 1300w, https:\/\/shop.sereni.pl\/app\/uploads\/sites\/12\/2023\/08\/CMS_Nekrolog_4841-e1693467846519.jpg 1764w\" sizes=\"auto, (max-width: 1440px) 100vw, 1440px\" title=\"Poch\u00f3wek urnowy\" \/>                                                <\/div>\n\n                            <div class=\"banner-content\">\n                    <div class=\"inner\">\n                        <h3>Jak przebiega kremacja?<\/h3>\n<ul>\n<li class=\"elementor-icon-list-item\"><span class=\"elementor-icon-list-text\">Najpierw, podobnie jak przy tradycyjnym poch\u00f3wku, cia\u0142o zmar\u0142ego jest odpowiednio przygotowywane. Nast\u0119pnie na \u017cyczenie rodziny mo\u017ce odby\u0107 si\u0119 ostatnie po\u017cegnanie zmar\u0142ej osoby w sali po\u017cegna\u0144, kaplicy lub innym miejscu.<\/span><\/li>\n<li class=\"elementor-icon-list-item\"><span class=\"elementor-icon-list-text\">Czas trwania kremacji to ok. 2h i ko\u0144czy si\u0119 aktem umieszczenia popio\u0142\u00f3w w urnie. Zajmujemy si\u0119 transportem do i z krematorium.<\/span><\/li>\n<li class=\"elementor-icon-list-item\"><span class=\"elementor-icon-list-text\">Na specjalne \u017cyczenie jest mo\u017cliwe przygotowanie \u201erelikwiarzy\u201d czyli niewielkich urn z symboliczn\u0105 ilo\u015bci\u0105 popio\u0142\u00f3w zmar\u0142ej osoby na pami\u0105tk\u0119.<\/span><i class=\"fas fa-circle\" aria-hidden=\"true\"><\/i><\/li>\n<li class=\"elementor-icon-list-item\"><span class=\"elementor-icon-list-text\">Po ceremonii kremacji odbywa si\u0119 poch\u00f3wek w spos\u00f3b wybrany przez rodzin\u0119.<\/span><\/li>\n<\/ul>\n                    <\/div>\n                <\/div>\n                    <\/div>\n    <\/div>\n<\/div>\n\n\n\n<div id=\"block-main-banner-block_30b50cf14b19dd721eabd7f3bb3bd3c1\" class=\"block-main-banner\">\n    <div class=\"container\">\n        <div class=\"banner-wrap layout2 content_left content_top\">\n            <div class=\"banner-image\">\n                                                            <img loading=\"lazy\" decoding=\"async\" width=\"1440\" height=\"954\" src=\"https:\/\/shop.sereni.pl\/app\/uploads\/sites\/12\/2023\/11\/0049-1440x954.jpg\" class=\"attachment-full-stretched size-full-stretched\" alt=\"Poch\u00f3wek urnowy\" srcset=\"https:\/\/shop.sereni.pl\/app\/uploads\/sites\/12\/2023\/11\/0049-1440x954.jpg 1440w, https:\/\/shop.sereni.pl\/app\/uploads\/sites\/12\/2023\/11\/0049-300x199.jpg 300w, https:\/\/shop.sereni.pl\/app\/uploads\/sites\/12\/2023\/11\/0049-1024x678.jpg 1024w, https:\/\/shop.sereni.pl\/app\/uploads\/sites\/12\/2023\/11\/0049-768x509.jpg 768w, https:\/\/shop.sereni.pl\/app\/uploads\/sites\/12\/2023\/11\/0049-1536x1017.jpg 1536w, https:\/\/shop.sereni.pl\/app\/uploads\/sites\/12\/2023\/11\/0049-2048x1356.jpg 2048w, https:\/\/shop.sereni.pl\/app\/uploads\/sites\/12\/2023\/11\/0049-453x300.jpg 453w, https:\/\/shop.sereni.pl\/app\/uploads\/sites\/12\/2023\/11\/0049-1300x861.jpg 1300w\" sizes=\"auto, (max-width: 1440px) 100vw, 1440px\" title=\"Poch\u00f3wek urnowy\" \/>                                                <\/div>\n\n                            <div class=\"banner-content\">\n                    <div class=\"inner\">\n                        <h3>Urny<\/h3>\n<p>Jedn\u0105 z najistotniejszych decyzji, zwi\u0105zanych z kremacj\u0105 zw\u0142ok jest wyb\u00f3r urny pogrzebowej, w kt\u00f3rej zostan\u0105 pochowane prochy zmar\u0142ego. Przygotowali\u015bmy szeroki wyb\u00f3r eleganckich modeli, dopasowanych do gustu i mo\u017cliwo\u015bci finansowych Klient\u00f3w.<\/p>\n                    <\/div>\n                <\/div>\n                    <\/div>\n    <\/div>\n<\/div>\n","protected":false},"excerpt":{"rendered":"","protected":false},"author":1,"featured_media":0,"parent":0,"menu_order":0,"comment_status":"closed","ping_status":"closed","template":"","meta":{"_acf_changed":false,"footnotes":""},"class_list":["post-159","page","type-page","status-publish","hentry"],"acf":[],"yoast_head":"<!-- This site is optimized with the Yoast SEO plugin v25.8 - https:\/\/yoast.com\/wordpress\/plugins\/seo\/ -->\n<title>Poch\u00f3wek urnowy - Amabilis<\/title>\n<meta name=\"description\" content=\"Oferujemy us\u0142ugi kremacyjne na terenie Warszawy i okolic. Sprzeda\u017c urn oraz organizacja pogrzeb\u00f3w urnowych. Dom pogrzebowy Warszawa\" \/>\n<meta name=\"robots\" content=\"index, follow, max-snippet:-1, max-image-preview:large, max-video-preview:-1\" \/>\n<link rel=\"canonical\" href=\"https:\/\/amabilis.sereni.pl\/pl\/kremacja\/\" \/>\n<meta property=\"og:locale\" content=\"pl_PL\" \/>\n<meta property=\"og:type\" content=\"article\" \/>\n<meta property=\"og:title\" content=\"Poch\u00f3wek urnowy - Amabilis\" \/>\n<meta property=\"og:description\" content=\"Oferujemy us\u0142ugi kremacyjne na terenie Warszawy i okolic. Sprzeda\u017c urn oraz organizacja pogrzeb\u00f3w urnowych. Dom pogrzebowy Warszawa\" \/>\n<meta property=\"og:url\" content=\"https:\/\/amabilis.sereni.pl\/pl\/kremacja\/\" \/>\n<meta property=\"og:site_name\" content=\"Amabilis\" \/>\n<meta property=\"article:modified_time\" content=\"2023-11-28T17:04:51+00:00\" \/>\n<meta name=\"twitter:card\" content=\"summary_large_image\" \/>\n<script type=\"application\/ld+json\" class=\"yoast-schema-graph\">{\"@context\":\"https:\/\/schema.org\",\"@graph\":[{\"@type\":\"WebPage\",\"@id\":\"https:\/\/amabilis.sereni.pl\/pl\/kremacja\/\",\"url\":\"https:\/\/amabilis.sereni.pl\/pl\/kremacja\/\",\"name\":\"Poch\u00f3wek urnowy - Amabilis\",\"isPartOf\":{\"@id\":\"https:\/\/amabilis.sereni.pl\/pl\/#website\"},\"datePublished\":\"2023-07-06T09:31:35+00:00\",\"dateModified\":\"2023-11-28T17:04:51+00:00\",\"description\":\"Oferujemy us\u0142ugi kremacyjne na terenie Warszawy i okolic. Sprzeda\u017c urn oraz organizacja pogrzeb\u00f3w urnowych. Dom pogrzebowy Warszawa\",\"inLanguage\":\"pl-PL\",\"potentialAction\":[{\"@type\":\"ReadAction\",\"target\":[\"https:\/\/amabilis.sereni.pl\/pl\/kremacja\/\"]}]},{\"@type\":\"WebSite\",\"@id\":\"https:\/\/amabilis.sereni.pl\/pl\/#website\",\"url\":\"https:\/\/amabilis.sereni.pl\/pl\/\",\"name\":\"Amabilis\",\"description\":\"Us\u0142ugi pogrzebowe Warszawa\",\"potentialAction\":[{\"@type\":\"SearchAction\",\"target\":{\"@type\":\"EntryPoint\",\"urlTemplate\":\"https:\/\/amabilis.sereni.pl\/pl\/?s={search_term_string}\"},\"query-input\":{\"@type\":\"PropertyValueSpecification\",\"valueRequired\":true,\"valueName\":\"search_term_string\"}}],\"inLanguage\":\"pl-PL\"}]}<\/script>\n<!-- \/ Yoast SEO plugin. -->","yoast_head_json":{"title":"Poch\u00f3wek urnowy - Amabilis","description":"Oferujemy us\u0142ugi kremacyjne na terenie Warszawy i okolic. Sprzeda\u017c urn oraz organizacja pogrzeb\u00f3w urnowych. Dom pogrzebowy Warszawa","robots":{"index":"index","follow":"follow","max-snippet":"max-snippet:-1","max-image-preview":"max-image-preview:large","max-video-preview":"max-video-preview:-1"},"canonical":"https:\/\/amabilis.sereni.pl\/pl\/kremacja\/","og_locale":"pl_PL","og_type":"article","og_title":"Poch\u00f3wek urnowy - Amabilis","og_description":"Oferujemy us\u0142ugi kremacyjne na terenie Warszawy i okolic. Sprzeda\u017c urn oraz organizacja pogrzeb\u00f3w urnowych. Dom pogrzebowy Warszawa","og_url":"https:\/\/amabilis.sereni.pl\/pl\/kremacja\/","og_site_name":"Amabilis","article_modified_time":"2023-11-28T17:04:51+00:00","twitter_card":"summary_large_image","schema":{"@context":"https:\/\/schema.org","@graph":[{"@type":"WebPage","@id":"https:\/\/amabilis.sereni.pl\/pl\/kremacja\/","url":"https:\/\/amabilis.sereni.pl\/pl\/kremacja\/","name":"Poch\u00f3wek urnowy - Amabilis","isPartOf":{"@id":"https:\/\/amabilis.sereni.pl\/pl\/#website"},"datePublished":"2023-07-06T09:31:35+00:00","dateModified":"2023-11-28T17:04:51+00:00","description":"Oferujemy us\u0142ugi kremacyjne na terenie Warszawy i okolic. Sprzeda\u017c urn oraz organizacja pogrzeb\u00f3w urnowych. Dom pogrzebowy Warszawa","inLanguage":"pl-PL","potentialAction":[{"@type":"ReadAction","target":["https:\/\/amabilis.sereni.pl\/pl\/kremacja\/"]}]},{"@type":"WebSite","@id":"https:\/\/amabilis.sereni.pl\/pl\/#website","url":"https:\/\/amabilis.sereni.pl\/pl\/","name":"Amabilis","description":"Us\u0142ugi pogrzebowe Warszawa","potentialAction":[{"@type":"SearchAction","target":{"@type":"EntryPoint","urlTemplate":"https:\/\/amabilis.sereni.pl\/pl\/?s={search_term_string}"},"query-input":{"@type":"PropertyValueSpecification","valueRequired":true,"valueName":"search_term_string"}}],"inLanguage":"pl-PL"}]}},"_links":{"self":[{"href":"https:\/\/amabilis.sereni.pl\/pl\/wp-json\/wp\/v2\/pages\/159","targetHints":{"allow":["GET"]}}],"collection":[{"href":"https:\/\/amabilis.sereni.pl\/pl\/wp-json\/wp\/v2\/pages"}],"about":[{"href":"https:\/\/amabilis.sereni.pl\/pl\/wp-json\/wp\/v2\/types\/page"}],"author":[{"embeddable":true,"href":"https:\/\/amabilis.sereni.pl\/pl\/wp-json\/wp\/v2\/users\/1"}],"replies":[{"embeddable":true,"href":"https:\/\/amabilis.sereni.pl\/pl\/wp-json\/wp\/v2\/comments?post=159"}],"version-history":[{"count":42,"href":"https:\/\/amabilis.sereni.pl\/pl\/wp-json\/wp\/v2\/pages\/159\/revisions"}],"predecessor-version":[{"id":3314,"href":"https:\/\/amabilis.sereni.pl\/pl\/wp-json\/wp\/v2\/pages\/159\/revisions\/3314"}],"wp:attachment":[{"href":"https:\/\/amabilis.sereni.pl\/pl\/wp-json\/wp\/v2\/media?parent=159"}],"curies":[{"name":"wp","href":"https:\/\/api.w.org\/{rel}","templated":true}]}}