{"id":15,"date":"2023-03-10T07:18:39","date_gmt":"2023-03-10T06:18:39","guid":{"rendered":"https:\/\/amabilis.sereni.pl\/?page_id=15"},"modified":"2024-02-07T20:06:26","modified_gmt":"2024-02-07T19:06:26","slug":"home","status":"publish","type":"page","link":"https:\/\/amabilis.sereni.pl\/pl\/","title":{"rendered":"Strona startowa"},"content":{"rendered":"<div id=\"block-masonry-block_1fd6ee42dc28639e80a7ae4a193b4f7e\" class=\"block-masonry\">\n    <div class=\"container\">\n        <div class=\"widget-wrap\">\n                                                \n                    <div class=\"element light-font text-from-bottom\">\n                                                    <div class=\"image-wrap\">\n                                <img loading=\"lazy\" decoding=\"async\" width=\"674\" height=\"1024\" src=\"https:\/\/shop.sereni.pl\/app\/uploads\/sites\/12\/2023\/11\/0232-674x1024.jpg\" class=\"attachment-large size-large\" alt=\"Strona startowa\" srcset=\"https:\/\/shop.sereni.pl\/app\/uploads\/sites\/12\/2023\/11\/0232-674x1024.jpg 674w, https:\/\/shop.sereni.pl\/app\/uploads\/sites\/12\/2023\/11\/0232-198x300.jpg 198w, https:\/\/shop.sereni.pl\/app\/uploads\/sites\/12\/2023\/11\/0232-768x1166.jpg 768w, https:\/\/shop.sereni.pl\/app\/uploads\/sites\/12\/2023\/11\/0232-1012x1536.jpg 1012w, https:\/\/shop.sereni.pl\/app\/uploads\/sites\/12\/2023\/11\/0232-1349x2048.jpg 1349w, https:\/\/shop.sereni.pl\/app\/uploads\/sites\/12\/2023\/11\/0232-856x1300.jpg 856w, https:\/\/shop.sereni.pl\/app\/uploads\/sites\/12\/2023\/11\/0232-948x1440.jpg 948w, https:\/\/shop.sereni.pl\/app\/uploads\/sites\/12\/2023\/11\/0232-scaled.jpg 1686w\" sizes=\"auto, (max-width: 674px) 100vw, 674px\" title=\"Strona startowa\" \/>                            <\/div>\n                        \n                                                    <div class=\"content-wrap\">\n                                <h4 style=\"text-align: right;\"><strong>Empatia i zrozumienie<\/strong><strong><br \/>\npotrzeb<br \/>\nKontakt z lokaln\u0105<br \/>\nspo\u0142eczno\u015bci\u0105<br \/>\nNatychmiastowa pomoc<br \/>\nWarszawa i okolice<\/strong><\/h4>\n                            <\/div>\n                                            <\/div>\n                                    \n                    <div class=\"element\">\n                        \n                                                    <div class=\"content-wrap\">\n                                <h3>Dom Pogrzebowy Amabilis kompleksowe wsparcie w organizacji pogrzeb\u00f3w w Warszawie i okolicach, dla Ciebie 24\/7.<\/h3>\n<p>Organizacja pogrzebu to trudne i bolesne do\u015bwiadczenie, kt\u00f3re wi\u0105\u017ce si\u0119 z konieczno\u015bci\u0105 podj\u0119cia wielu decyzji i dope\u0142nienia szeregu formalno\u015bci. Zdajemy sobie spraw\u0119, \u017ce bliscy osoby zmar\u0142ej mog\u0105 nie czu\u0107 si\u0119 na si\u0142ach, by zaj\u0105\u0107 si\u0119 tymi kwestiami.\u00a0 S\u0142u\u017cymy wszelk\u0105 pomoc\u0105 w zakresie organizacji poch\u00f3wku. Zapraszamy do <a style=\"font-weight: bold;\" href=\"https:\/\/amabilis.sereni.pl\/pl\/contact\/\">kontaktu<\/a> pod ca\u0142odobowym numerem telefonu: +48 667 130 899.<\/p>\n                            <\/div>\n                                            <\/div>\n                                    \n                    <div class=\"element text-from-bottom\">\n                                                    <div class=\"image-wrap\">\n                                <img loading=\"lazy\" decoding=\"async\" width=\"1024\" height=\"677\" src=\"https:\/\/shop.sereni.pl\/app\/uploads\/sites\/12\/2023\/11\/0238-2-1024x677.jpg\" class=\"attachment-large size-large\" alt=\"Strona startowa\" srcset=\"https:\/\/shop.sereni.pl\/app\/uploads\/sites\/12\/2023\/11\/0238-2-1024x677.jpg 1024w, https:\/\/shop.sereni.pl\/app\/uploads\/sites\/12\/2023\/11\/0238-2-300x198.jpg 300w, https:\/\/shop.sereni.pl\/app\/uploads\/sites\/12\/2023\/11\/0238-2-768x508.jpg 768w, https:\/\/shop.sereni.pl\/app\/uploads\/sites\/12\/2023\/11\/0238-2-1536x1016.jpg 1536w, https:\/\/shop.sereni.pl\/app\/uploads\/sites\/12\/2023\/11\/0238-2-2048x1354.jpg 2048w, https:\/\/shop.sereni.pl\/app\/uploads\/sites\/12\/2023\/11\/0238-2-454x300.jpg 454w, https:\/\/shop.sereni.pl\/app\/uploads\/sites\/12\/2023\/11\/0238-2-1300x860.jpg 1300w, https:\/\/shop.sereni.pl\/app\/uploads\/sites\/12\/2023\/11\/0238-2-1440x952.jpg 1440w\" sizes=\"auto, (max-width: 1024px) 100vw, 1024px\" title=\"Strona startowa\" \/>                            <\/div>\n                        \n                                            <\/div>\n                                    \n                    <div class=\"element theme-bg light-font\">\n                        \n                                                    <div class=\"content-wrap\">\n                                <h3>Historia Domu Pogrzebowego Amabilis.<\/h3>\n<p class=\"p1\">Od prawie dwudziestu lat Dom Pogrzebowy Amabilis, pomaga godnie po\u017cegna\u0107 bliskie osoby i organizowa\u0107 ceremonie pogrzebowe w Warszawie i okolicach. Prowadzimy dzia\u0142alno\u015b\u0107 na terenie ca\u0142ej Warszawy. Naszym Klientom zapewniamy kompleksowe wsparcie w organizacji ceremonii pogrzebowych. Nasi pracownicy to osoby obdarzone wyj\u0105tkow\u0105 empati\u0105, kt\u00f3re dok\u0142adaj\u0105 wszelkich stara\u0144, by odci\u0105\u017cy\u0107 bliskich zmar\u0142ego i pom\u00f3c mu w tych trudnych chwilach.<\/p>\n<p><a class=\"link-with-arrow\" href=\"https:\/\/amabilis.sereni.pl\/pl\/historia-firmy\/\">Historia firmy<\/a><\/p>\n                            <\/div>\n                                            <\/div>\n                                    \n                    <div class=\"element theme-bg light-font\">\n                        \n                                                    <div class=\"content-wrap\">\n                                <h3>&#8220;Umar\u0142ych wieczno\u015b\u0107 dot\u0105d trwa, dok\u0105d pami\u0119ci\u0105 im si\u0119 p\u0142aci&#8221;<\/h3>\n<p><em>Wis\u0142awa Szymborska<\/em><\/p>\n<p><span class=\"jCAhz ChMk0b\"><span class=\"ryNqvb\">Przywr\u00f3cenie w\u0142asnego \u017cycia na w\u0142a\u015bciwe tory i jednoczesne zaakceptowanie smutku jest niezwykle trudne. Poniesiona strata na zawsze b\u0119dzie cz\u0119\u015bci\u0105 Twojego \u017cycia.<\/span><\/span>\u00a0<span class=\"jCAhz ChMk0b\"><span class=\"ryNqvb\">Odpowiednia opieka pomo\u017ce zaakceptowa\u0107 utrat\u0119 ukochanej osoby.\u00a0<\/span><\/span><\/p>\n<p><a class=\"btn btn-primary\" href=\"https:\/\/amabilis.sereni.pl\/pl\/pogrzeb\/\">Organizacja pogrzebu<\/a><\/p>\n                            <\/div>\n                                            <\/div>\n                                    \n                    <div class=\"element\">\n                                                    <div class=\"image-wrap\">\n                                <img loading=\"lazy\" decoding=\"async\" width=\"683\" height=\"1024\" src=\"https:\/\/shop.sereni.pl\/app\/uploads\/sites\/12\/2023\/10\/almos-bechtold-d9Y3rLu_j48-unsplash-683x1024.jpg\" class=\"attachment-large size-large\" alt=\"Strona startowa\" srcset=\"https:\/\/shop.sereni.pl\/app\/uploads\/sites\/12\/2023\/10\/almos-bechtold-d9Y3rLu_j48-unsplash-683x1024.jpg 683w, https:\/\/shop.sereni.pl\/app\/uploads\/sites\/12\/2023\/10\/almos-bechtold-d9Y3rLu_j48-unsplash-200x300.jpg 200w, https:\/\/shop.sereni.pl\/app\/uploads\/sites\/12\/2023\/10\/almos-bechtold-d9Y3rLu_j48-unsplash-768x1152.jpg 768w, https:\/\/shop.sereni.pl\/app\/uploads\/sites\/12\/2023\/10\/almos-bechtold-d9Y3rLu_j48-unsplash-1024x1536.jpg 1024w, https:\/\/shop.sereni.pl\/app\/uploads\/sites\/12\/2023\/10\/almos-bechtold-d9Y3rLu_j48-unsplash-1365x2048.jpg 1365w, https:\/\/shop.sereni.pl\/app\/uploads\/sites\/12\/2023\/10\/almos-bechtold-d9Y3rLu_j48-unsplash-867x1300.jpg 867w, https:\/\/shop.sereni.pl\/app\/uploads\/sites\/12\/2023\/10\/almos-bechtold-d9Y3rLu_j48-unsplash-960x1440.jpg 960w, https:\/\/shop.sereni.pl\/app\/uploads\/sites\/12\/2023\/10\/almos-bechtold-d9Y3rLu_j48-unsplash-scaled.jpg 1706w\" sizes=\"auto, (max-width: 683px) 100vw, 683px\" title=\"Strona startowa\" \/>                            <\/div>\n                        \n                                            <\/div>\n                                    \n                    <div class=\"element text-from-bottom\">\n                        \n                                                    <div class=\"content-wrap\">\n                                <h3>Ponad 20 lat do\u015bwiadczenia<\/h3>\n<div class=\"spotlight__content type-j\">\n<p>Od ponad 20 lat lat wspieramy rodziny przechodz\u0105ce przez trudne chwile, nios\u0105c wsparcie i zrozumienie. Doskonale zdajemy sobie spraw\u0119, \u017ce pogrzeb to nie tylko sprawa do za\u0142atwienia ale wydarzenie, kt\u00f3re na zawsze pozostanie w pami\u0119ci. Dlatego z ogromn\u0105 dba\u0142o\u015bci\u0105 o szczeg\u00f3\u0142y, profesjonalizmem i poszanowaniem tradycji organizujemy ceremonie pogrzebowe, kt\u00f3re pozwalaj\u0105 po\u017cegna\u0107 ukochane osoby w ich ostatniej drodze.<\/p>\n<\/div>\n<p><strong><a class=\"link-with-arrow\" href=\"https:\/\/amabilis.sereni.pl\/pl\/rejon-aktywnosci\/\">Nasz lokal \/ Biuro mobilne<\/a><\/strong><\/p>\n                            <\/div>\n                                            <\/div>\n                                    \n                    <div class=\"element\">\n                                                    <div class=\"image-wrap\">\n                                <img loading=\"lazy\" decoding=\"async\" width=\"673\" height=\"1024\" src=\"https:\/\/shop.sereni.pl\/app\/uploads\/sites\/12\/2023\/11\/0033-2-673x1024.jpg\" class=\"attachment-large size-large\" alt=\"Strona startowa\" srcset=\"https:\/\/shop.sereni.pl\/app\/uploads\/sites\/12\/2023\/11\/0033-2-673x1024.jpg 673w, https:\/\/shop.sereni.pl\/app\/uploads\/sites\/12\/2023\/11\/0033-2-197x300.jpg 197w, https:\/\/shop.sereni.pl\/app\/uploads\/sites\/12\/2023\/11\/0033-2-768x1168.jpg 768w, https:\/\/shop.sereni.pl\/app\/uploads\/sites\/12\/2023\/11\/0033-2-1010x1536.jpg 1010w, https:\/\/shop.sereni.pl\/app\/uploads\/sites\/12\/2023\/11\/0033-2-1347x2048.jpg 1347w, https:\/\/shop.sereni.pl\/app\/uploads\/sites\/12\/2023\/11\/0033-2-855x1300.jpg 855w, https:\/\/shop.sereni.pl\/app\/uploads\/sites\/12\/2023\/11\/0033-2-947x1440.jpg 947w, https:\/\/shop.sereni.pl\/app\/uploads\/sites\/12\/2023\/11\/0033-2.jpg 1610w\" sizes=\"auto, (max-width: 673px) 100vw, 673px\" title=\"Strona startowa\" \/>                            <\/div>\n                        \n                                            <\/div>\n                                    \n                    <div class=\"element text-from-bottom\">\n                                                    <div class=\"image-wrap\">\n                                <img loading=\"lazy\" decoding=\"async\" width=\"1024\" height=\"678\" src=\"https:\/\/shop.sereni.pl\/app\/uploads\/sites\/12\/2023\/11\/0049-1024x678.jpg\" class=\"attachment-large size-large\" alt=\"Strona startowa\" srcset=\"https:\/\/shop.sereni.pl\/app\/uploads\/sites\/12\/2023\/11\/0049-1024x678.jpg 1024w, https:\/\/shop.sereni.pl\/app\/uploads\/sites\/12\/2023\/11\/0049-300x199.jpg 300w, https:\/\/shop.sereni.pl\/app\/uploads\/sites\/12\/2023\/11\/0049-768x509.jpg 768w, https:\/\/shop.sereni.pl\/app\/uploads\/sites\/12\/2023\/11\/0049-1536x1017.jpg 1536w, https:\/\/shop.sereni.pl\/app\/uploads\/sites\/12\/2023\/11\/0049-2048x1356.jpg 2048w, https:\/\/shop.sereni.pl\/app\/uploads\/sites\/12\/2023\/11\/0049-453x300.jpg 453w, https:\/\/shop.sereni.pl\/app\/uploads\/sites\/12\/2023\/11\/0049-1300x861.jpg 1300w, https:\/\/shop.sereni.pl\/app\/uploads\/sites\/12\/2023\/11\/0049-1440x954.jpg 1440w\" sizes=\"auto, (max-width: 1024px) 100vw, 1024px\" title=\"Strona startowa\" \/>                            <\/div>\n                        \n                                                    <div class=\"content-wrap\">\n                                <p><a class=\"btn btn-secondary\" href=\"https:\/\/amabilis.sereni.pl\/pl\/wsparcie-w-zalobie\/\">Wsparcie w \u017ca\u0142obie<\/a><\/p>\n                            <\/div>\n                                            <\/div>\n                                    \n                    <div class=\"element\">\n                        \n                                                    <div class=\"content-wrap\">\n                                <h3>Dom Pogrzebowy Amabilis \/ Biuro mobilne<\/h3>\n<p>Z pomoc\u0105 naszych pracownik\u00f3w decydujesz, jak b\u0119dzie przebiega\u0107 ostatnie po\u017cegnanie.<\/p>\n<p><a class=\"btn btn-primary\" href=\"https:\/\/amabilis.sereni.pl\/pl\/rejon-aktywnosci\/\">Wi\u0119cej informacji<\/a><\/p>\n                            <\/div>\n                                            <\/div>\n                                    \n                    <div class=\"element theme-bg light-font\">\n                        \n                                                    <div class=\"content-wrap\">\n                                <h3>Po\u017cegnanie zawsze przychodzi niespodziewanie i nigdy nie jest \u0142atwe<\/h3>\n<p>W razie jakiekolwiek w\u0105tpliwo\u015bci lub pyta\u0144 dotycz\u0105cych planowania pogrzebu, mo\u017cesz bez \u017cadnych zobowi\u0105za\u0144 si\u0119 z nami skontaktowa\u0107.<\/p>\n<p><a class=\"link-with-arrow\" href=\"https:\/\/amabilis.sereni.pl\/pl\/contact\/\">Skontaktuj si\u0119 z nami<\/a><\/p>\n<p>Informacj\u0119, kt\u00f3re mog\u0105 Ci\u0119 pocieszy\u0107, pom\u00f3c Ci w \u017ca\u0142obie lub zainspirowa\u0107 znajdziesz na naszym <strong>blogu<\/strong>.<\/p>\n<p><a class=\"link-with-arrow\" href=\"https:\/\/amabilis.sereni.pl\/pl\/?page_id=19\" target=\"_blank\" rel=\"noopener\">Wi\u0119cej informacji<\/a><\/p>\n                            <\/div>\n                                            <\/div>\n                                    \n                    <div class=\"element\">\n                                                    <div class=\"image-wrap\">\n                                <img loading=\"lazy\" decoding=\"async\" width=\"1024\" height=\"680\" src=\"https:\/\/shop.sereni.pl\/app\/uploads\/sites\/12\/2023\/11\/0221-1024x680.jpg\" class=\"attachment-large size-large\" alt=\"Strona startowa\" srcset=\"https:\/\/shop.sereni.pl\/app\/uploads\/sites\/12\/2023\/11\/0221-1024x680.jpg 1024w, https:\/\/shop.sereni.pl\/app\/uploads\/sites\/12\/2023\/11\/0221-300x199.jpg 300w, https:\/\/shop.sereni.pl\/app\/uploads\/sites\/12\/2023\/11\/0221-768x510.jpg 768w, https:\/\/shop.sereni.pl\/app\/uploads\/sites\/12\/2023\/11\/0221-1536x1021.jpg 1536w, https:\/\/shop.sereni.pl\/app\/uploads\/sites\/12\/2023\/11\/0221-2048x1361.jpg 2048w, https:\/\/shop.sereni.pl\/app\/uploads\/sites\/12\/2023\/11\/0221-451x300.jpg 451w, https:\/\/shop.sereni.pl\/app\/uploads\/sites\/12\/2023\/11\/0221-1300x864.jpg 1300w, https:\/\/shop.sereni.pl\/app\/uploads\/sites\/12\/2023\/11\/0221-1440x957.jpg 1440w\" sizes=\"auto, (max-width: 1024px) 100vw, 1024px\" title=\"Strona startowa\" \/>                            <\/div>\n                        \n                                            <\/div>\n                                    <\/div>\n    <\/div>\n<\/div>\n\n\n\n<p class=\"normal\"><\/p>\n","protected":false},"excerpt":{"rendered":"","protected":false},"author":1,"featured_media":0,"parent":0,"menu_order":0,"comment_status":"closed","ping_status":"closed","template":"","meta":{"_acf_changed":false,"footnotes":""},"class_list":["post-15","page","type-page","status-publish","hentry"],"acf":[],"yoast_head":"<!-- This site is optimized with the Yoast SEO plugin v25.8 - https:\/\/yoast.com\/wordpress\/plugins\/seo\/ -->\n<title>Amabilis | Dom Pogrzebowy z tradycjami<\/title>\n<meta name=\"description\" content=\"Amabilis jest wiod\u0105cym domem pogrzebowym w Warszawie. Skontaktuj si\u0119 z nami a ch\u0119tnie pomo\u017cemy i wesprzemy Ciebie i Twoj\u0105 rodzin\u0119\" \/>\n<meta name=\"robots\" content=\"index, follow, max-snippet:-1, max-image-preview:large, max-video-preview:-1\" \/>\n<link rel=\"canonical\" href=\"https:\/\/amabilis.sereni.pl\/pl\/\" \/>\n<meta property=\"og:locale\" content=\"pl_PL\" \/>\n<meta property=\"og:type\" content=\"article\" \/>\n<meta property=\"og:title\" content=\"Amabilis | Dom Pogrzebowy z tradycjami\" \/>\n<meta property=\"og:description\" content=\"Amabilis jest wiod\u0105cym domem pogrzebowym w Warszawie. Skontaktuj si\u0119 z nami a ch\u0119tnie pomo\u017cemy i wesprzemy Ciebie i Twoj\u0105 rodzin\u0119\" \/>\n<meta property=\"og:url\" content=\"https:\/\/amabilis.sereni.pl\/pl\/\" \/>\n<meta property=\"og:site_name\" content=\"Amabilis\" \/>\n<meta property=\"article:modified_time\" content=\"2024-02-07T19:06:26+00:00\" \/>\n<meta name=\"twitter:card\" content=\"summary_large_image\" \/>\n<script type=\"application\/ld+json\" class=\"yoast-schema-graph\">{\"@context\":\"https:\/\/schema.org\",\"@graph\":[{\"@type\":\"WebPage\",\"@id\":\"https:\/\/amabilis.sereni.pl\/pl\/\",\"url\":\"https:\/\/amabilis.sereni.pl\/pl\/\",\"name\":\"Amabilis | Dom Pogrzebowy z tradycjami\",\"isPartOf\":{\"@id\":\"https:\/\/amabilis.sereni.pl\/pl\/#website\"},\"datePublished\":\"2023-03-10T06:18:39+00:00\",\"dateModified\":\"2024-02-07T19:06:26+00:00\",\"description\":\"Amabilis jest wiod\u0105cym domem pogrzebowym w Warszawie. Skontaktuj si\u0119 z nami a ch\u0119tnie pomo\u017cemy i wesprzemy Ciebie i Twoj\u0105 rodzin\u0119\",\"inLanguage\":\"pl-PL\",\"potentialAction\":[{\"@type\":\"ReadAction\",\"target\":[\"https:\/\/amabilis.sereni.pl\/pl\/\"]}]},{\"@type\":\"WebSite\",\"@id\":\"https:\/\/amabilis.sereni.pl\/pl\/#website\",\"url\":\"https:\/\/amabilis.sereni.pl\/pl\/\",\"name\":\"Amabilis\",\"description\":\"Us\u0142ugi pogrzebowe Warszawa\",\"potentialAction\":[{\"@type\":\"SearchAction\",\"target\":{\"@type\":\"EntryPoint\",\"urlTemplate\":\"https:\/\/amabilis.sereni.pl\/pl\/?s={search_term_string}\"},\"query-input\":{\"@type\":\"PropertyValueSpecification\",\"valueRequired\":true,\"valueName\":\"search_term_string\"}}],\"inLanguage\":\"pl-PL\"}]}<\/script>\n<!-- \/ Yoast SEO plugin. -->","yoast_head_json":{"title":"Amabilis | Dom Pogrzebowy z tradycjami","description":"Amabilis jest wiod\u0105cym domem pogrzebowym w Warszawie. Skontaktuj si\u0119 z nami a ch\u0119tnie pomo\u017cemy i wesprzemy Ciebie i Twoj\u0105 rodzin\u0119","robots":{"index":"index","follow":"follow","max-snippet":"max-snippet:-1","max-image-preview":"max-image-preview:large","max-video-preview":"max-video-preview:-1"},"canonical":"https:\/\/amabilis.sereni.pl\/pl\/","og_locale":"pl_PL","og_type":"article","og_title":"Amabilis | Dom Pogrzebowy z tradycjami","og_description":"Amabilis jest wiod\u0105cym domem pogrzebowym w Warszawie. Skontaktuj si\u0119 z nami a ch\u0119tnie pomo\u017cemy i wesprzemy Ciebie i Twoj\u0105 rodzin\u0119","og_url":"https:\/\/amabilis.sereni.pl\/pl\/","og_site_name":"Amabilis","article_modified_time":"2024-02-07T19:06:26+00:00","twitter_card":"summary_large_image","schema":{"@context":"https:\/\/schema.org","@graph":[{"@type":"WebPage","@id":"https:\/\/amabilis.sereni.pl\/pl\/","url":"https:\/\/amabilis.sereni.pl\/pl\/","name":"Amabilis | Dom Pogrzebowy z tradycjami","isPartOf":{"@id":"https:\/\/amabilis.sereni.pl\/pl\/#website"},"datePublished":"2023-03-10T06:18:39+00:00","dateModified":"2024-02-07T19:06:26+00:00","description":"Amabilis jest wiod\u0105cym domem pogrzebowym w Warszawie. Skontaktuj si\u0119 z nami a ch\u0119tnie pomo\u017cemy i wesprzemy Ciebie i Twoj\u0105 rodzin\u0119","inLanguage":"pl-PL","potentialAction":[{"@type":"ReadAction","target":["https:\/\/amabilis.sereni.pl\/pl\/"]}]},{"@type":"WebSite","@id":"https:\/\/amabilis.sereni.pl\/pl\/#website","url":"https:\/\/amabilis.sereni.pl\/pl\/","name":"Amabilis","description":"Us\u0142ugi pogrzebowe Warszawa","potentialAction":[{"@type":"SearchAction","target":{"@type":"EntryPoint","urlTemplate":"https:\/\/amabilis.sereni.pl\/pl\/?s={search_term_string}"},"query-input":{"@type":"PropertyValueSpecification","valueRequired":true,"valueName":"search_term_string"}}],"inLanguage":"pl-PL"}]}},"_links":{"self":[{"href":"https:\/\/amabilis.sereni.pl\/pl\/wp-json\/wp\/v2\/pages\/15","targetHints":{"allow":["GET"]}}],"collection":[{"href":"https:\/\/amabilis.sereni.pl\/pl\/wp-json\/wp\/v2\/pages"}],"about":[{"href":"https:\/\/amabilis.sereni.pl\/pl\/wp-json\/wp\/v2\/types\/page"}],"author":[{"embeddable":true,"href":"https:\/\/amabilis.sereni.pl\/pl\/wp-json\/wp\/v2\/users\/1"}],"replies":[{"embeddable":true,"href":"https:\/\/amabilis.sereni.pl\/pl\/wp-json\/wp\/v2\/comments?post=15"}],"version-history":[{"count":89,"href":"https:\/\/amabilis.sereni.pl\/pl\/wp-json\/wp\/v2\/pages\/15\/revisions"}],"predecessor-version":[{"id":3358,"href":"https:\/\/amabilis.sereni.pl\/pl\/wp-json\/wp\/v2\/pages\/15\/revisions\/3358"}],"wp:attachment":[{"href":"https:\/\/amabilis.sereni.pl\/pl\/wp-json\/wp\/v2\/media?parent=15"}],"curies":[{"name":"wp","href":"https:\/\/api.w.org\/{rel}","templated":true}]}}