{"id":148,"date":"2023-07-05T16:57:51","date_gmt":"2023-07-05T14:57:51","guid":{"rendered":"https:\/\/amabilis.sereni.pl\/?page_id=148"},"modified":"2023-11-28T18:04:05","modified_gmt":"2023-11-28T17:04:05","slug":"pogrzeb","status":"publish","type":"page","link":"https:\/\/amabilis.sereni.pl\/pl\/pogrzeb\/","title":{"rendered":"Organizacja pogrzebu tradycyjnego lub \u015bwieckiego w Warszawie i okolicy"},"content":{"rendered":"\n<div id=\"block-main-banner-block_855d4662b7cb58b823a3808f3449df4b\" class=\"block-main-banner\">\n    <div class=\"container\">\n        <div class=\"banner-wrap layout1 content_left content_top\">\n            <div class=\"banner-image\">\n                                                            <img loading=\"lazy\" decoding=\"async\" width=\"1440\" height=\"911\" src=\"https:\/\/shop.sereni.pl\/app\/uploads\/sites\/12\/2023\/11\/0035-1-1440x911.jpg\" class=\"attachment-full-stretched size-full-stretched\" alt=\"Organizacja pogrzebu tradycyjnego lub \u015bwieckiego w Warszawie i okolicy\" srcset=\"https:\/\/shop.sereni.pl\/app\/uploads\/sites\/12\/2023\/11\/0035-1-1440x911.jpg 1440w, https:\/\/shop.sereni.pl\/app\/uploads\/sites\/12\/2023\/11\/0035-1-300x190.jpg 300w, https:\/\/shop.sereni.pl\/app\/uploads\/sites\/12\/2023\/11\/0035-1-1024x648.jpg 1024w, https:\/\/shop.sereni.pl\/app\/uploads\/sites\/12\/2023\/11\/0035-1-768x486.jpg 768w, https:\/\/shop.sereni.pl\/app\/uploads\/sites\/12\/2023\/11\/0035-1-1536x972.jpg 1536w, https:\/\/shop.sereni.pl\/app\/uploads\/sites\/12\/2023\/11\/0035-1-2048x1295.jpg 2048w, https:\/\/shop.sereni.pl\/app\/uploads\/sites\/12\/2023\/11\/0035-1-474x300.jpg 474w, https:\/\/shop.sereni.pl\/app\/uploads\/sites\/12\/2023\/11\/0035-1-1300x822.jpg 1300w\" sizes=\"auto, (max-width: 1440px) 100vw, 1440px\" title=\"Organizacja pogrzebu tradycyjnego lub \u015bwieckiego w Warszawie i okolicy\" \/>                                                <\/div>\n\n                            <div class=\"banner-content\">\n                    <div class=\"inner\">\n                        <p>Oferujemy szeroki zakres us\u0142ug pogrzebowych. Zajmujemy si\u0119 organizacj\u0105 uroczysto\u015bci w r\u00f3\u017cnych obrz\u0105dkach wyznaniowych \u2013 przygotowujemy r\u00f3wnie\u017c ceremonie \u015bwieckie. Nasz dom pogrzebowy z siedzib\u0105 w Rembertowie ma wieloletnie do\u015bwiadczenie w organizacji tradycyjnych pogrzeb\u00f3w z trumn\u0105, a tak\u017ce poch\u00f3wk\u00f3w z kremacj\u0105 zw\u0142ok.<\/p>\n<p>Za\u0142atwiamy wszelkie formalno\u015bci zwi\u0105zane z organizacj\u0105 pogrzebu. Reprezentujemy Klient\u00f3w w urz\u0119dach, kancelariach ko\u015bcielnych i cmentarnych. Sporz\u0105dzamy dokumentacj\u0119 potrzebn\u0105 do uzyskania zasi\u0142ku pogrzebowego. W ramach us\u0142ug pogrzebowych zajmujemy si\u0119 r\u00f3wnie\u017c transportem cia\u0142a zmar\u0142ego. Za po\u015brednictwem naszego domu pogrzebowego mo\u017cna zam\u00f3wi\u0107 nekrolog i kondolencje zamieszczane w prasie. Oferujemy ponadto szeroki wyb\u00f3r trumien i urn.<\/p>\n<p>Polecamy kompozycje kwiatowe (wie\u0144ce, wi\u0105zanki, stroiki na trumn\u0119, stroiki do urn) i dbamy o to, by zosta\u0142y dostarczone bezpo\u015brednio na ceremoni\u0119.<\/p>\n<p>Nasz dom pogrzebowy wsp\u00f3\u0142pracuje z profesjonalnym zak\u0142adem kamieniarskim o wieloletnim do\u015bwiadczeniu, dzi\u0119ki czemu dysponujemy szerok\u0105 gam\u0105 nagrobk\u00f3w o r\u00f3\u017cnych wzorach i kolorach w konkurencyjnych cenach.<\/p>\n<p>Zach\u0119camy do przyjrzenia si\u0119 szczeg\u00f3\u0142om naszej oferty. \u015awiadczymy us\u0142ugi pogrzebowe najwy\u017cszej jako\u015bci i ka\u017cdemu Klientowi zapewniamy indywidualne podej\u015bcie. Dok\u0142adamy wszelkich stara\u0144, by spe\u0142ni\u0107 \u017cyczenia dotycz\u0105ce m.in. przebiegu uroczysto\u015bci, wyboru kwiat\u00f3w czy oprawy muzycznej.<\/p>\n                    <\/div>\n                <\/div>\n                    <\/div>\n    <\/div>\n<\/div>\n\n\n<div id=\"block-variable-content-list-block_efe2b86640303b03f7b943f3b84e4a53\" class=\"block-variable-content-list aligncenter alt_1\">\n    <div class=\"container\">\n        <div class=\"widget-wrap per_row_2\">\n                        <div class=\"block-content\">\n                                                                                    <div class=\"element\">\n                                                            \n                                \n                                                                    <div class=\"content-wrap\">\n                                        <h3><\/h3>\n<h3>Czego \u017cyczy\u0142 sobie zmar\u0142y? Jakie s\u0105 oczekiwania wobec miejsca pami\u0119ci?<\/h3>\n<p>Takie i podobne pytania odgrywaj\u0105 wa\u017cn\u0105 rol\u0119 w wyborze mi\u0119dzy poch\u00f3wkiem w trumnie a kremacj\u0105 z p\u00f3\u017aniejszym poch\u00f3wkiem urny.<\/p>\n<p>Zgodnie z Polskimi przepisami zar\u00f3wno poch\u00f3wek urnowy jak i tradycyjny jest mo\u017cliwy tylko na cmentarzu. Niemniej w obydw\u00f3ch przypadkach jest mo\u017cliwych kilka opcji poch\u00f3wku &#8211; poch\u00f3wek w kolumbarium, grobowcu rodzinnym, pojedynczej kwaterze.\u00a0 Pomo\u017cemy Ci przebrn\u0105\u0107 przez wszystkie procedury i doradzimy jak najlepiej spe\u0142ni\u0107 \u017cyczenie zmar\u0142ego.<\/p>\n<p>Koszty poch\u00f3wku zale\u017c\u0105 od wielu czynnik\u00f3w. Razem opracujemy plan uwzgl\u0119dniaj\u0105cy Twoje mo\u017cliwo\u015bci finansowe.<\/p>\n<p style=\"text-align: left;\"><a class=\"btn btn-primary\" href=\"https:\/\/www.amabilis.sereni.pl\/kontakt\/\">Skontaktuj si\u0119 z nami<\/a><\/p>\n                                    <\/div>\n                                                                                    <\/div>\n                                                                    <div class=\"element\">\n                                                            \n                                \n                                                                    <div class=\"content-wrap\">\n                                        <h3><\/h3>\n<h3 style=\"text-align: left;\">Oprawa muzyczna w Warszawie i okolicznych miejscowo\u015bciach<\/h3>\n<p style=\"text-align: left;\">Przygotowujemy uroczyste po\u017cegnania zmar\u0142ego \u2013 na Pa\u0144stwa \u017cyczenie zamawiamy nag\u0142o\u015bnienie i opraw\u0119 muzyczn\u0105.<\/p>\n                                    <\/div>\n                                                                                    <\/div>\n                                                <\/div>\n        <\/div>\n    <\/div>\n<\/div>\n","protected":false},"excerpt":{"rendered":"","protected":false},"author":1,"featured_media":0,"parent":0,"menu_order":0,"comment_status":"closed","ping_status":"closed","template":"","meta":{"_acf_changed":false,"footnotes":""},"class_list":["post-148","page","type-page","status-publish","hentry"],"acf":[],"yoast_head":"<!-- This site is optimized with the Yoast SEO plugin v25.8 - https:\/\/yoast.com\/wordpress\/plugins\/seo\/ -->\n<title>Organizacja pogrzebu tradycyjnego lub \u015bwieckiego w Warszawie i okolicy<\/title>\n<meta name=\"description\" content=\"Pe\u0142ne wsparcie w organizacji pogrzebu tradycyjnego oraz pogrzebu kremacyjnego Warszawa, Rembert\u00f3w, \u015ar\u00f3dmie\u015bcie, Wola, Goc\u0142aw i okolice.\" \/>\n<meta name=\"robots\" content=\"index, follow, max-snippet:-1, max-image-preview:large, max-video-preview:-1\" \/>\n<link rel=\"canonical\" href=\"https:\/\/amabilis.sereni.pl\/pl\/pogrzeb\/\" \/>\n<meta property=\"og:locale\" content=\"pl_PL\" \/>\n<meta property=\"og:type\" content=\"article\" \/>\n<meta property=\"og:title\" content=\"Organizacja pogrzebu tradycyjnego lub \u015bwieckiego w Warszawie i okolicy\" \/>\n<meta property=\"og:description\" content=\"Pe\u0142ne wsparcie w organizacji pogrzebu tradycyjnego oraz pogrzebu kremacyjnego Warszawa, Rembert\u00f3w, \u015ar\u00f3dmie\u015bcie, Wola, Goc\u0142aw i okolice.\" \/>\n<meta property=\"og:url\" content=\"https:\/\/amabilis.sereni.pl\/pl\/pogrzeb\/\" \/>\n<meta property=\"og:site_name\" content=\"Amabilis\" \/>\n<meta property=\"article:modified_time\" content=\"2023-11-28T17:04:05+00:00\" \/>\n<meta name=\"twitter:card\" content=\"summary_large_image\" \/>\n<script type=\"application\/ld+json\" class=\"yoast-schema-graph\">{\"@context\":\"https:\/\/schema.org\",\"@graph\":[{\"@type\":\"WebPage\",\"@id\":\"https:\/\/amabilis.sereni.pl\/pl\/pogrzeb\/\",\"url\":\"https:\/\/amabilis.sereni.pl\/pl\/pogrzeb\/\",\"name\":\"Organizacja pogrzebu tradycyjnego lub \u015bwieckiego w Warszawie i okolicy\",\"isPartOf\":{\"@id\":\"https:\/\/amabilis.sereni.pl\/pl\/#website\"},\"datePublished\":\"2023-07-05T14:57:51+00:00\",\"dateModified\":\"2023-11-28T17:04:05+00:00\",\"description\":\"Pe\u0142ne wsparcie w organizacji pogrzebu tradycyjnego oraz pogrzebu kremacyjnego Warszawa, Rembert\u00f3w, \u015ar\u00f3dmie\u015bcie, Wola, Goc\u0142aw i okolice.\",\"inLanguage\":\"pl-PL\",\"potentialAction\":[{\"@type\":\"ReadAction\",\"target\":[\"https:\/\/amabilis.sereni.pl\/pl\/pogrzeb\/\"]}]},{\"@type\":\"WebSite\",\"@id\":\"https:\/\/amabilis.sereni.pl\/pl\/#website\",\"url\":\"https:\/\/amabilis.sereni.pl\/pl\/\",\"name\":\"Amabilis\",\"description\":\"Us\u0142ugi pogrzebowe Warszawa\",\"potentialAction\":[{\"@type\":\"SearchAction\",\"target\":{\"@type\":\"EntryPoint\",\"urlTemplate\":\"https:\/\/amabilis.sereni.pl\/pl\/?s={search_term_string}\"},\"query-input\":{\"@type\":\"PropertyValueSpecification\",\"valueRequired\":true,\"valueName\":\"search_term_string\"}}],\"inLanguage\":\"pl-PL\"}]}<\/script>\n<!-- \/ Yoast SEO plugin. -->","yoast_head_json":{"title":"Organizacja pogrzebu tradycyjnego lub \u015bwieckiego w Warszawie i okolicy","description":"Pe\u0142ne wsparcie w organizacji pogrzebu tradycyjnego oraz pogrzebu kremacyjnego Warszawa, Rembert\u00f3w, \u015ar\u00f3dmie\u015bcie, Wola, Goc\u0142aw i okolice.","robots":{"index":"index","follow":"follow","max-snippet":"max-snippet:-1","max-image-preview":"max-image-preview:large","max-video-preview":"max-video-preview:-1"},"canonical":"https:\/\/amabilis.sereni.pl\/pl\/pogrzeb\/","og_locale":"pl_PL","og_type":"article","og_title":"Organizacja pogrzebu tradycyjnego lub \u015bwieckiego w Warszawie i okolicy","og_description":"Pe\u0142ne wsparcie w organizacji pogrzebu tradycyjnego oraz pogrzebu kremacyjnego Warszawa, Rembert\u00f3w, \u015ar\u00f3dmie\u015bcie, Wola, Goc\u0142aw i okolice.","og_url":"https:\/\/amabilis.sereni.pl\/pl\/pogrzeb\/","og_site_name":"Amabilis","article_modified_time":"2023-11-28T17:04:05+00:00","twitter_card":"summary_large_image","schema":{"@context":"https:\/\/schema.org","@graph":[{"@type":"WebPage","@id":"https:\/\/amabilis.sereni.pl\/pl\/pogrzeb\/","url":"https:\/\/amabilis.sereni.pl\/pl\/pogrzeb\/","name":"Organizacja pogrzebu tradycyjnego lub \u015bwieckiego w Warszawie i okolicy","isPartOf":{"@id":"https:\/\/amabilis.sereni.pl\/pl\/#website"},"datePublished":"2023-07-05T14:57:51+00:00","dateModified":"2023-11-28T17:04:05+00:00","description":"Pe\u0142ne wsparcie w organizacji pogrzebu tradycyjnego oraz pogrzebu kremacyjnego Warszawa, Rembert\u00f3w, \u015ar\u00f3dmie\u015bcie, Wola, Goc\u0142aw i okolice.","inLanguage":"pl-PL","potentialAction":[{"@type":"ReadAction","target":["https:\/\/amabilis.sereni.pl\/pl\/pogrzeb\/"]}]},{"@type":"WebSite","@id":"https:\/\/amabilis.sereni.pl\/pl\/#website","url":"https:\/\/amabilis.sereni.pl\/pl\/","name":"Amabilis","description":"Us\u0142ugi pogrzebowe Warszawa","potentialAction":[{"@type":"SearchAction","target":{"@type":"EntryPoint","urlTemplate":"https:\/\/amabilis.sereni.pl\/pl\/?s={search_term_string}"},"query-input":{"@type":"PropertyValueSpecification","valueRequired":true,"valueName":"search_term_string"}}],"inLanguage":"pl-PL"}]}},"_links":{"self":[{"href":"https:\/\/amabilis.sereni.pl\/pl\/wp-json\/wp\/v2\/pages\/148","targetHints":{"allow":["GET"]}}],"collection":[{"href":"https:\/\/amabilis.sereni.pl\/pl\/wp-json\/wp\/v2\/pages"}],"about":[{"href":"https:\/\/amabilis.sereni.pl\/pl\/wp-json\/wp\/v2\/types\/page"}],"author":[{"embeddable":true,"href":"https:\/\/amabilis.sereni.pl\/pl\/wp-json\/wp\/v2\/users\/1"}],"replies":[{"embeddable":true,"href":"https:\/\/amabilis.sereni.pl\/pl\/wp-json\/wp\/v2\/comments?post=148"}],"version-history":[{"count":76,"href":"https:\/\/amabilis.sereni.pl\/pl\/wp-json\/wp\/v2\/pages\/148\/revisions"}],"predecessor-version":[{"id":3329,"href":"https:\/\/amabilis.sereni.pl\/pl\/wp-json\/wp\/v2\/pages\/148\/revisions\/3329"}],"wp:attachment":[{"href":"https:\/\/amabilis.sereni.pl\/pl\/wp-json\/wp\/v2\/media?parent=148"}],"curies":[{"name":"wp","href":"https:\/\/api.w.org\/{rel}","templated":true}]}}