{"id":108,"date":"2023-07-05T15:53:17","date_gmt":"2023-07-05T13:53:17","guid":{"rendered":"https:\/\/amabilis.sereni.pl\/?page_id=108"},"modified":"2023-12-05T15:44:39","modified_gmt":"2023-12-05T14:44:39","slug":"cookies","status":"publish","type":"page","link":"https:\/\/amabilis.sereni.pl\/pl\/cookies\/","title":{"rendered":"Cookies"},"content":{"rendered":"\n<p class=\"normal\">W ograniczonym zakresie mo\u017cemy zbiera\u0107 dane osobowe automatycznie za po\u015brednictwem plik\u00f3w cookies znajduj\u0105cych si\u0119 na naszych stronach internetowych. Cookies to ma\u0142e pliki tekstowe zapisywane na komputerze u\u017cytkownika lub innym urz\u0105dzeniu mobilnym, w czasie korzystania przez niego z serwis\u00f3w internetowych. Pliki te s\u0142u\u017c\u0105 m.in. korzystaniu z r\u00f3\u017cnych funkcji przewidzianych na danej stronie internetowej lub potwierdzeniu, \u017ce dany u\u017cytkownik widzia\u0142 okre\u015blone tre\u015bci z danej witryny internetowej. W\u015br\u00f3d plik\u00f3w cookies wyr\u00f3\u017cni\u0107 mo\u017cna te, kt\u00f3re s\u0105 niezb\u0119dne do dzia\u0142ania serwis\u00f3w Domu Pogrzebowego Amabilis. Nale\u017c\u0105ce do tej kategorii pliki cookies wykorzystywane s\u0105, aby zapewni\u0107:<\/p>\n\n\n\n<ul class=\"wp-block-list\">\n<li>utrzymanie sesji u\u017cytkownika;<\/li>\n\n\n\n<li>zapisanie stanu sesji u\u017cytkownika;<\/li>\n<\/ul>\n\n\n\n<p class=\"normal\"><\/p>\n\n\n\n<p class=\"normal\">Nekrolog korzysta te\u017c z us\u0142ug podmiot\u00f3w trzecich, kt\u00f3rych lista stale zmienia si\u0119, a kt\u00f3re wykorzystuj\u0105 pliki cookies w nast\u0119puj\u0105cych celach:<\/p>\n\n\n\n<ul class=\"wp-block-list\">\n<li>monitorowanie ruchu na naszych stronach WWW;<\/li>\n\n\n\n<li>zbieranie anonimowych, zbiorczych statystyk, kt\u00f3re pozwalaj\u0105 nam zrozumie\u0107, w jaki spos\u00f3b u\u017cytkownicy korzystaj\u0105 z naszej strony internetowej i umo\u017cliwiaj\u0105 nam ci\u0105g\u0142e doskonalenie naszych produkt\u00f3w;<\/li>\n\n\n\n<li>ustalanie liczby anonimowych u\u017cytkownik\u00f3w naszych stron WWW. Potrzebne do analizy korzystania z serwis\u00f3w;<\/li>\n\n\n\n<li>kontrolowanie jak cz\u0119sto pokazywana jest u\u017cytkownikom wybrana tre\u015b\u0107;<\/li>\n\n\n\n<li>kontrolowanie jak cz\u0119sto u\u017cytkownicy wybieraj\u0105 dan\u0105 us\u0142ug\u0119;<br><\/li>\n<\/ul>\n\n\n\n<p class=\"normal\"><\/p>\n\n\n\n<p class=\"normal\">Na moment sporz\u0105dzenia niniejszego dokumentu do tych podmiot\u00f3w zaliczamy:<\/p>\n\n\n\n<ul class=\"wp-block-list\">\n<li>Google Analytics (wi\u0119cej informacji oraz dodatek do przegl\u0105darki blokuj\u0105cy Google Analytics: tools.google.com);<\/li>\n<\/ul>\n\n\n\n<p class=\"normal\"><\/p>\n\n\n\n<p class=\"normal\">Amabilis zastrzega jednocze\u015bnie, \u017ce po oferowane przez nasze Serwisy mog\u0105 nie przypadkach wi\u0105\u017ce si\u0119 to z ca\u0142kowitym produktu.<\/p>\n\n\n\n<p class=\"normal\">Odrzucenie plik\u00f3w cookies niekt\u00f3re funkcje dzia\u0142a\u0107 prawid\u0142owo, a nawet w niekt\u00f3rych uniemo\u017cliwieniem korzystania z wybranego modu\u0142u.<\/p>\n","protected":false},"excerpt":{"rendered":"<p>W ograniczonym zakresie mo\u017cemy zbiera\u0107 dane osobowe automatycznie za po\u015brednictwem plik\u00f3w cookies znajduj\u0105cych si\u0119 na naszych stronach internetowych. Cookies to<\/p>\n","protected":false},"author":1,"featured_media":0,"parent":0,"menu_order":0,"comment_status":"closed","ping_status":"closed","template":"","meta":{"_acf_changed":false,"footnotes":""},"class_list":["post-108","page","type-page","status-publish","hentry"],"acf":[],"yoast_head":"<!-- This site is optimized with the Yoast SEO plugin v25.8 - https:\/\/yoast.com\/wordpress\/plugins\/seo\/ -->\n<title>Cookies - Amabilis<\/title>\n<meta name=\"description\" content=\"Pogrzeby. Dom pogrzebowy. Oferujemy szeroki zakres us\u0142ug pogrzebowych na terenie Warszawy i okolic. Polityka dotycz\u0105ca wykorzystywania cookies.\" \/>\n<meta name=\"robots\" content=\"index, follow, max-snippet:-1, max-image-preview:large, max-video-preview:-1\" \/>\n<link rel=\"canonical\" href=\"https:\/\/amabilis.sereni.pl\/pl\/cookies\/\" \/>\n<meta property=\"og:locale\" content=\"pl_PL\" \/>\n<meta property=\"og:type\" content=\"article\" \/>\n<meta property=\"og:title\" content=\"Cookies - Amabilis\" \/>\n<meta property=\"og:description\" content=\"Pogrzeby. Dom pogrzebowy. Oferujemy szeroki zakres us\u0142ug pogrzebowych na terenie Warszawy i okolic. Polityka dotycz\u0105ca wykorzystywania cookies.\" \/>\n<meta property=\"og:url\" content=\"https:\/\/amabilis.sereni.pl\/pl\/cookies\/\" \/>\n<meta property=\"og:site_name\" content=\"Amabilis\" \/>\n<meta property=\"article:modified_time\" content=\"2023-12-05T14:44:39+00:00\" \/>\n<meta name=\"twitter:card\" content=\"summary_large_image\" \/>\n<meta name=\"twitter:label1\" content=\"Szacowany czas czytania\" \/>\n\t<meta name=\"twitter:data1\" content=\"2 minuty\" \/>\n<script type=\"application\/ld+json\" class=\"yoast-schema-graph\">{\"@context\":\"https:\/\/schema.org\",\"@graph\":[{\"@type\":\"WebPage\",\"@id\":\"https:\/\/amabilis.sereni.pl\/pl\/cookies\/\",\"url\":\"https:\/\/amabilis.sereni.pl\/pl\/cookies\/\",\"name\":\"Cookies - Amabilis\",\"isPartOf\":{\"@id\":\"https:\/\/amabilis.sereni.pl\/pl\/#website\"},\"datePublished\":\"2023-07-05T13:53:17+00:00\",\"dateModified\":\"2023-12-05T14:44:39+00:00\",\"description\":\"Pogrzeby. Dom pogrzebowy. Oferujemy szeroki zakres us\u0142ug pogrzebowych na terenie Warszawy i okolic. Polityka dotycz\u0105ca wykorzystywania cookies.\",\"inLanguage\":\"pl-PL\",\"potentialAction\":[{\"@type\":\"ReadAction\",\"target\":[\"https:\/\/amabilis.sereni.pl\/pl\/cookies\/\"]}]},{\"@type\":\"WebSite\",\"@id\":\"https:\/\/amabilis.sereni.pl\/pl\/#website\",\"url\":\"https:\/\/amabilis.sereni.pl\/pl\/\",\"name\":\"Amabilis\",\"description\":\"Us\u0142ugi pogrzebowe Warszawa\",\"potentialAction\":[{\"@type\":\"SearchAction\",\"target\":{\"@type\":\"EntryPoint\",\"urlTemplate\":\"https:\/\/amabilis.sereni.pl\/pl\/?s={search_term_string}\"},\"query-input\":{\"@type\":\"PropertyValueSpecification\",\"valueRequired\":true,\"valueName\":\"search_term_string\"}}],\"inLanguage\":\"pl-PL\"}]}<\/script>\n<!-- \/ Yoast SEO plugin. -->","yoast_head_json":{"title":"Cookies - Amabilis","description":"Pogrzeby. Dom pogrzebowy. Oferujemy szeroki zakres us\u0142ug pogrzebowych na terenie Warszawy i okolic. Polityka dotycz\u0105ca wykorzystywania cookies.","robots":{"index":"index","follow":"follow","max-snippet":"max-snippet:-1","max-image-preview":"max-image-preview:large","max-video-preview":"max-video-preview:-1"},"canonical":"https:\/\/amabilis.sereni.pl\/pl\/cookies\/","og_locale":"pl_PL","og_type":"article","og_title":"Cookies - Amabilis","og_description":"Pogrzeby. Dom pogrzebowy. Oferujemy szeroki zakres us\u0142ug pogrzebowych na terenie Warszawy i okolic. Polityka dotycz\u0105ca wykorzystywania cookies.","og_url":"https:\/\/amabilis.sereni.pl\/pl\/cookies\/","og_site_name":"Amabilis","article_modified_time":"2023-12-05T14:44:39+00:00","twitter_card":"summary_large_image","twitter_misc":{"Szacowany czas czytania":"2 minuty"},"schema":{"@context":"https:\/\/schema.org","@graph":[{"@type":"WebPage","@id":"https:\/\/amabilis.sereni.pl\/pl\/cookies\/","url":"https:\/\/amabilis.sereni.pl\/pl\/cookies\/","name":"Cookies - Amabilis","isPartOf":{"@id":"https:\/\/amabilis.sereni.pl\/pl\/#website"},"datePublished":"2023-07-05T13:53:17+00:00","dateModified":"2023-12-05T14:44:39+00:00","description":"Pogrzeby. Dom pogrzebowy. Oferujemy szeroki zakres us\u0142ug pogrzebowych na terenie Warszawy i okolic. Polityka dotycz\u0105ca wykorzystywania cookies.","inLanguage":"pl-PL","potentialAction":[{"@type":"ReadAction","target":["https:\/\/amabilis.sereni.pl\/pl\/cookies\/"]}]},{"@type":"WebSite","@id":"https:\/\/amabilis.sereni.pl\/pl\/#website","url":"https:\/\/amabilis.sereni.pl\/pl\/","name":"Amabilis","description":"Us\u0142ugi pogrzebowe Warszawa","potentialAction":[{"@type":"SearchAction","target":{"@type":"EntryPoint","urlTemplate":"https:\/\/amabilis.sereni.pl\/pl\/?s={search_term_string}"},"query-input":{"@type":"PropertyValueSpecification","valueRequired":true,"valueName":"search_term_string"}}],"inLanguage":"pl-PL"}]}},"_links":{"self":[{"href":"https:\/\/amabilis.sereni.pl\/pl\/wp-json\/wp\/v2\/pages\/108","targetHints":{"allow":["GET"]}}],"collection":[{"href":"https:\/\/amabilis.sereni.pl\/pl\/wp-json\/wp\/v2\/pages"}],"about":[{"href":"https:\/\/amabilis.sereni.pl\/pl\/wp-json\/wp\/v2\/types\/page"}],"author":[{"embeddable":true,"href":"https:\/\/amabilis.sereni.pl\/pl\/wp-json\/wp\/v2\/users\/1"}],"replies":[{"embeddable":true,"href":"https:\/\/amabilis.sereni.pl\/pl\/wp-json\/wp\/v2\/comments?post=108"}],"version-history":[{"count":8,"href":"https:\/\/amabilis.sereni.pl\/pl\/wp-json\/wp\/v2\/pages\/108\/revisions"}],"predecessor-version":[{"id":1690,"href":"https:\/\/amabilis.sereni.pl\/pl\/wp-json\/wp\/v2\/pages\/108\/revisions\/1690"}],"wp:attachment":[{"href":"https:\/\/amabilis.sereni.pl\/pl\/wp-json\/wp\/v2\/media?parent=108"}],"curies":[{"name":"wp","href":"https:\/\/api.w.org\/{rel}","templated":true}]}}